{"id":38696,"date":"2023-06-08T19:12:37","date_gmt":"2023-06-08T19:12:37","guid":{"rendered":"https:\/\/vv-dev.webdev.is\/?post_type=product&#038;p=38696"},"modified":"2025-01-30T19:09:03","modified_gmt":"2025-01-30T19:09:03","slug":"kws-hurdarstoppari-haldari-1052-02","status":"publish","type":"product","link":"https:\/\/vv.webdev.is\/en\/lykillausnir\/hurdabunadur-lykillausnir\/hurdastopparar-og-hurdahaldarar\/product\/kws-hurdarstoppari-haldari-1052-02\/","title":{"rendered":"KWS Hur\u00f0arstoppari\/haldari 1052.02"},"content":{"rendered":"<p>Hur\u00f0arstoppi \u00far l\u00e9ttm\u00e1lmi<\/p>\n<p>\u00deyngd: 0,550 kg<\/p>\n<p>H\u00e1marks\u00feyngd hur\u00f0ar: ca 100 kg<\/p>\n<p>Litur: Silfur<\/p>","protected":false},"excerpt":{"rendered":"<p>Tegund: 1052.02<\/p>","protected":false},"featured_media":60441,"comment_status":"closed","ping_status":"closed","template":"","meta":[],"product_brand":[],"product_cat":[517,597,666],"product_tag":[],"class_list":{"0":"post-38696","1":"product","2":"type-product","3":"status-publish","4":"has-post-thumbnail","6":"product_cat-lykillausnir","7":"product_cat-hurdabunadur-lykillausnir","8":"product_cat-hurdastopparar-og-hurdahaldarar","10":"first","11":"instock","12":"taxable","13":"shipping-taxable","14":"purchasable","15":"product-type-simple"},"_links":{"self":[{"href":"https:\/\/vv.webdev.is\/en\/wp-json\/wp\/v2\/product\/38696","targetHints":{"allow":["GET"]}}],"collection":[{"href":"https:\/\/vv.webdev.is\/en\/wp-json\/wp\/v2\/product"}],"about":[{"href":"https:\/\/vv.webdev.is\/en\/wp-json\/wp\/v2\/types\/product"}],"replies":[{"embeddable":true,"href":"https:\/\/vv.webdev.is\/en\/wp-json\/wp\/v2\/comments?post=38696"}],"wp:featuredmedia":[{"embeddable":true,"href":"https:\/\/vv.webdev.is\/en\/wp-json\/wp\/v2\/media\/60441"}],"wp:attachment":[{"href":"https:\/\/vv.webdev.is\/en\/wp-json\/wp\/v2\/media?parent=38696"}],"wp:term":[{"taxonomy":"product_brand","embeddable":true,"href":"https:\/\/vv.webdev.is\/en\/wp-json\/wp\/v2\/product_brand?post=38696"},{"taxonomy":"product_cat","embeddable":true,"href":"https:\/\/vv.webdev.is\/en\/wp-json\/wp\/v2\/product_cat?post=38696"},{"taxonomy":"product_tag","embeddable":true,"href":"https:\/\/vv.webdev.is\/en\/wp-json\/wp\/v2\/product_tag?post=38696"}],"curies":[{"name":"wp","href":"https:\/\/api.w.org\/{rel}","templated":true}]}}