{"id":39453,"date":"2023-06-08T19:15:25","date_gmt":"2023-06-08T19:15:25","guid":{"rendered":"https:\/\/vv-dev.webdev.is\/?post_type=product&#038;p=39453"},"modified":"2025-01-30T19:15:36","modified_gmt":"2025-01-30T19:15:36","slug":"hager-hurdarstoppari-241f-us4-mattmessing","status":"publish","type":"product","link":"https:\/\/vv.webdev.is\/en\/lykillausnir\/hurdabunadur-lykillausnir\/hurdastopparar-og-hurdahaldarar\/product\/hager-hurdarstoppari-241f-us4-mattmessing\/","title":{"rendered":"HAGER Hur\u00f0arstoppari 241F US4 Mattmessing"},"content":{"rendered":"<p>\u00deverm\u00e1l grunns: 43 mm<\/p>\n<p>Grunn\u00feykkt: 3,2 mm<\/p>\n<p>Heildarh\u00e6\u00f0: 25 mm<\/p>","protected":false},"excerpt":{"rendered":"<p>Tegund:&nbsp;241F US4<\/p>","protected":false},"featured_media":60448,"comment_status":"closed","ping_status":"closed","template":"","meta":[],"product_brand":[],"product_cat":[517,597,666],"product_tag":[],"class_list":{"0":"post-39453","1":"product","2":"type-product","3":"status-publish","4":"has-post-thumbnail","6":"product_cat-lykillausnir","7":"product_cat-hurdabunadur-lykillausnir","8":"product_cat-hurdastopparar-og-hurdahaldarar","10":"first","11":"instock","12":"taxable","13":"shipping-taxable","14":"purchasable","15":"product-type-simple"},"_links":{"self":[{"href":"https:\/\/vv.webdev.is\/en\/wp-json\/wp\/v2\/product\/39453","targetHints":{"allow":["GET"]}}],"collection":[{"href":"https:\/\/vv.webdev.is\/en\/wp-json\/wp\/v2\/product"}],"about":[{"href":"https:\/\/vv.webdev.is\/en\/wp-json\/wp\/v2\/types\/product"}],"replies":[{"embeddable":true,"href":"https:\/\/vv.webdev.is\/en\/wp-json\/wp\/v2\/comments?post=39453"}],"wp:featuredmedia":[{"embeddable":true,"href":"https:\/\/vv.webdev.is\/en\/wp-json\/wp\/v2\/media\/60448"}],"wp:attachment":[{"href":"https:\/\/vv.webdev.is\/en\/wp-json\/wp\/v2\/media?parent=39453"}],"wp:term":[{"taxonomy":"product_brand","embeddable":true,"href":"https:\/\/vv.webdev.is\/en\/wp-json\/wp\/v2\/product_brand?post=39453"},{"taxonomy":"product_cat","embeddable":true,"href":"https:\/\/vv.webdev.is\/en\/wp-json\/wp\/v2\/product_cat?post=39453"},{"taxonomy":"product_tag","embeddable":true,"href":"https:\/\/vv.webdev.is\/en\/wp-json\/wp\/v2\/product_tag?post=39453"}],"curies":[{"name":"wp","href":"https:\/\/api.w.org\/{rel}","templated":true}]}}