{"id":39727,"date":"2023-06-08T19:16:25","date_gmt":"2023-06-08T19:16:25","guid":{"rendered":"https:\/\/vv-dev.webdev.is\/uncategorized\/product\/cosmo2-andlitsgrima-bleik-fullordnir\/"},"modified":"2025-01-30T19:18:07","modified_gmt":"2025-01-30T19:18:07","slug":"cosmo2-andlitsgrima-bleik-fullordnir","status":"publish","type":"product","link":"https:\/\/vv.webdev.is\/en\/verkfaeralausnir\/vinnufatnadur\/rykgrimur\/product\/cosmo2-andlitsgrima-bleik-fullordnir\/","title":{"rendered":"COSMO2 Andlitsgr\u00edma Bleik Fullor\u00f0nir"},"content":{"rendered":"","protected":false},"excerpt":{"rendered":"<ul>\n<li>\u2022 Gr\u00edmuna m\u00e1 \u00fevo og nota allt a\u00f0 20 skipti <\/li>\n<\/ul>","protected":false},"featured_media":39726,"comment_status":"closed","ping_status":"closed","template":"","meta":[],"product_brand":[],"product_cat":[515,595,710],"product_tag":[],"class_list":{"0":"post-39727","1":"product","2":"type-product","3":"status-publish","4":"has-post-thumbnail","6":"product_cat-verkfaeralausnir","7":"product_cat-vinnufatnadur","8":"product_cat-rykgrimur","10":"first","11":"instock","12":"taxable","13":"shipping-taxable","14":"purchasable","15":"product-type-simple"},"_links":{"self":[{"href":"https:\/\/vv.webdev.is\/en\/wp-json\/wp\/v2\/product\/39727","targetHints":{"allow":["GET"]}}],"collection":[{"href":"https:\/\/vv.webdev.is\/en\/wp-json\/wp\/v2\/product"}],"about":[{"href":"https:\/\/vv.webdev.is\/en\/wp-json\/wp\/v2\/types\/product"}],"replies":[{"embeddable":true,"href":"https:\/\/vv.webdev.is\/en\/wp-json\/wp\/v2\/comments?post=39727"}],"wp:featuredmedia":[{"embeddable":true,"href":"https:\/\/vv.webdev.is\/en\/wp-json\/wp\/v2\/media\/39726"}],"wp:attachment":[{"href":"https:\/\/vv.webdev.is\/en\/wp-json\/wp\/v2\/media?parent=39727"}],"wp:term":[{"taxonomy":"product_brand","embeddable":true,"href":"https:\/\/vv.webdev.is\/en\/wp-json\/wp\/v2\/product_brand?post=39727"},{"taxonomy":"product_cat","embeddable":true,"href":"https:\/\/vv.webdev.is\/en\/wp-json\/wp\/v2\/product_cat?post=39727"},{"taxonomy":"product_tag","embeddable":true,"href":"https:\/\/vv.webdev.is\/en\/wp-json\/wp\/v2\/product_tag?post=39727"}],"curies":[{"name":"wp","href":"https:\/\/api.w.org\/{rel}","templated":true}]}}