{"id":42752,"date":"2023-06-08T19:22:24","date_gmt":"2023-06-08T19:22:24","guid":{"rendered":"https:\/\/vv-dev.webdev.is\/?post_type=product&#038;p=42752"},"modified":"2025-02-24T15:19:00","modified_gmt":"2025-02-24T15:19:00","slug":"frost-hurdarstoppari-5001-36x55-svart-bur-a5001bcb","status":"publish","type":"product","link":"https:\/\/vv.webdev.is\/en\/lykillausnir\/hurdabunadur-lykillausnir\/hurdastopparar-og-hurdahaldarar\/product\/frost-hurdarstoppari-5001-36x55-svart-bur-a5001bcb\/","title":{"rendered":"FROST Nova2 Hur\u00f0arstoppari"},"content":{"rendered":"<p>Til a\u00f0 festa \u00ed vegg e\u00f0a g\u00f3lf<\/p>\n<p>D\u00fdpt: 55 mm<\/p>\n<p>H\u00e6\u00f0: 36 mm<\/p>\n<p>Breidd: 28 mm<\/p>\n<p>\u00deyngd: 0,25 kg.<\/p>\n<p>H\u00f6nnun: busk+hertzog<\/p>\n<p>Efni: Ry\u00f0fr\u00edtt\/g\u00famm\u00ed<\/p>\n<p>Litur: Bursta\u00f0ur svartur<\/p>","protected":false},"excerpt":{"rendered":"<p>Tegund:&nbsp;A5001BCBS<\/p>","protected":false},"featured_media":56614,"comment_status":"closed","ping_status":"closed","template":"","meta":[],"product_brand":[],"product_cat":[518,545,572,517,597,666],"product_tag":[1012],"class_list":{"0":"post-42752","1":"product","2":"type-product","3":"status-publish","4":"has-post-thumbnail","6":"product_cat-honnunarlausnir","7":"product_cat-hurdabunadur","8":"product_cat-hurdarstoppari","9":"product_cat-lykillausnir","10":"product_cat-hurdabunadur-lykillausnir","11":"product_cat-hurdastopparar-og-hurdahaldarar","12":"product_tag-frost","14":"first","15":"instock","16":"taxable","17":"shipping-taxable","18":"purchasable","19":"product-type-simple"},"_links":{"self":[{"href":"https:\/\/vv.webdev.is\/en\/wp-json\/wp\/v2\/product\/42752","targetHints":{"allow":["GET"]}}],"collection":[{"href":"https:\/\/vv.webdev.is\/en\/wp-json\/wp\/v2\/product"}],"about":[{"href":"https:\/\/vv.webdev.is\/en\/wp-json\/wp\/v2\/types\/product"}],"replies":[{"embeddable":true,"href":"https:\/\/vv.webdev.is\/en\/wp-json\/wp\/v2\/comments?post=42752"}],"wp:featuredmedia":[{"embeddable":true,"href":"https:\/\/vv.webdev.is\/en\/wp-json\/wp\/v2\/media\/56614"}],"wp:attachment":[{"href":"https:\/\/vv.webdev.is\/en\/wp-json\/wp\/v2\/media?parent=42752"}],"wp:term":[{"taxonomy":"product_brand","embeddable":true,"href":"https:\/\/vv.webdev.is\/en\/wp-json\/wp\/v2\/product_brand?post=42752"},{"taxonomy":"product_cat","embeddable":true,"href":"https:\/\/vv.webdev.is\/en\/wp-json\/wp\/v2\/product_cat?post=42752"},{"taxonomy":"product_tag","embeddable":true,"href":"https:\/\/vv.webdev.is\/en\/wp-json\/wp\/v2\/product_tag?post=42752"}],"curies":[{"name":"wp","href":"https:\/\/api.w.org\/{rel}","templated":true}]}}