{"id":43290,"date":"2023-06-08T19:23:18","date_gmt":"2023-06-08T19:23:18","guid":{"rendered":"https:\/\/vv-dev.webdev.is\/uncategorized\/product\/skil-hoggskrufvel-hledslu-kolalaus-motor-12v-pwrcore-2230ca-stok-an-rafhlada-eda-hledslutaekis\/"},"modified":"2025-02-06T14:16:51","modified_gmt":"2025-02-06T14:16:51","slug":"skil-hoggskrufvel-hledslu-kolalaus-motor-12v-pwrcore-2230ca-stok-an-rafhlada-eda-hledslutaekis","status":"publish","type":"product","link":"https:\/\/vv.webdev.is\/en\/verkfaeralausnir\/rafmagnsverkfaeri\/hoggborvelar\/product\/skil-hoggskrufvel-hledslu-kolalaus-motor-12v-pwrcore-2230ca-stok-an-rafhlada-eda-hledslutaekis\/","title":{"rendered":"SKIL H\u00f6ggskr\u00fafv\u00e9l Hle\u00f0slu Kolalaus m\u00f3tor 12V PWRCORE 2230CA"},"content":{"rendered":"<p>12VKolalaus m&#243;tor0-2600 sn.m&#237;n140NmSlagkraftur 0-3500 pr m&#237;n0,9kg &#225;n rafhl&#246;&#240;u<\/p>","protected":false},"excerpt":{"rendered":"<p>ST\u00d6K\/\u00c1N RAFHLA\u00d0A E\u00d0A HLE\u00d0SLUT\u00c6KIS<\/p>\n<p><\/p>","protected":false},"featured_media":43287,"comment_status":"closed","ping_status":"closed","template":"","meta":[],"product_brand":[],"product_cat":[515,592,733],"product_tag":[],"class_list":{"0":"post-43290","1":"product","2":"type-product","3":"status-publish","4":"has-post-thumbnail","6":"product_cat-verkfaeralausnir","7":"product_cat-rafmagnsverkfaeri","8":"product_cat-hoggborvelar","10":"first","11":"instock","12":"taxable","13":"shipping-taxable","14":"purchasable","15":"product-type-simple"},"_links":{"self":[{"href":"https:\/\/vv.webdev.is\/en\/wp-json\/wp\/v2\/product\/43290","targetHints":{"allow":["GET"]}}],"collection":[{"href":"https:\/\/vv.webdev.is\/en\/wp-json\/wp\/v2\/product"}],"about":[{"href":"https:\/\/vv.webdev.is\/en\/wp-json\/wp\/v2\/types\/product"}],"replies":[{"embeddable":true,"href":"https:\/\/vv.webdev.is\/en\/wp-json\/wp\/v2\/comments?post=43290"}],"wp:featuredmedia":[{"embeddable":true,"href":"https:\/\/vv.webdev.is\/en\/wp-json\/wp\/v2\/media\/43287"}],"wp:attachment":[{"href":"https:\/\/vv.webdev.is\/en\/wp-json\/wp\/v2\/media?parent=43290"}],"wp:term":[{"taxonomy":"product_brand","embeddable":true,"href":"https:\/\/vv.webdev.is\/en\/wp-json\/wp\/v2\/product_brand?post=43290"},{"taxonomy":"product_cat","embeddable":true,"href":"https:\/\/vv.webdev.is\/en\/wp-json\/wp\/v2\/product_cat?post=43290"},{"taxonomy":"product_tag","embeddable":true,"href":"https:\/\/vv.webdev.is\/en\/wp-json\/wp\/v2\/product_tag?post=43290"}],"curies":[{"name":"wp","href":"https:\/\/api.w.org\/{rel}","templated":true}]}}