{"id":43392,"date":"2023-06-19T10:03:17","date_gmt":"2023-06-19T10:03:17","guid":{"rendered":"https:\/\/vv-dev.webdev.is\/uncategorized\/product\/skil-borvel-hogg-20v-3075ja-stok-i-tosku-60nm-compact\/"},"modified":"2025-02-09T17:45:33","modified_gmt":"2025-02-09T17:45:33","slug":"skil-borvel-hogg-20v-3075ja-stok-i-tosku-60nm-compact","status":"publish","type":"product","link":"https:\/\/vv.webdev.is\/en\/verkfaeralausnir\/rafmagnsverkfaeri\/borvelar-rafmagnsverkfaeri\/product\/skil-borvel-hogg-20v-3075ja-stok-i-tosku-60nm-compact\/","title":{"rendered":"SKIL Borv\u00e9l h\u00f6gg 20V 3075JA St\u00f6k \u00ed t\u00f6sku 60Nm COMPACT"},"content":{"rendered":"","protected":false},"excerpt":{"rendered":"","protected":false},"featured_media":43391,"comment_status":"closed","ping_status":"closed","template":"","meta":[],"product_brand":[],"product_cat":[515,592,729],"product_tag":[],"class_list":{"0":"post-43392","1":"product","2":"type-product","3":"status-publish","4":"has-post-thumbnail","6":"product_cat-verkfaeralausnir","7":"product_cat-rafmagnsverkfaeri","8":"product_cat-borvelar-rafmagnsverkfaeri","10":"first","11":"instock","12":"taxable","13":"shipping-taxable","14":"purchasable","15":"product-type-simple"},"_links":{"self":[{"href":"https:\/\/vv.webdev.is\/en\/wp-json\/wp\/v2\/product\/43392","targetHints":{"allow":["GET"]}}],"collection":[{"href":"https:\/\/vv.webdev.is\/en\/wp-json\/wp\/v2\/product"}],"about":[{"href":"https:\/\/vv.webdev.is\/en\/wp-json\/wp\/v2\/types\/product"}],"replies":[{"embeddable":true,"href":"https:\/\/vv.webdev.is\/en\/wp-json\/wp\/v2\/comments?post=43392"}],"wp:featuredmedia":[{"embeddable":true,"href":"https:\/\/vv.webdev.is\/en\/wp-json\/wp\/v2\/media\/43391"}],"wp:attachment":[{"href":"https:\/\/vv.webdev.is\/en\/wp-json\/wp\/v2\/media?parent=43392"}],"wp:term":[{"taxonomy":"product_brand","embeddable":true,"href":"https:\/\/vv.webdev.is\/en\/wp-json\/wp\/v2\/product_brand?post=43392"},{"taxonomy":"product_cat","embeddable":true,"href":"https:\/\/vv.webdev.is\/en\/wp-json\/wp\/v2\/product_cat?post=43392"},{"taxonomy":"product_tag","embeddable":true,"href":"https:\/\/vv.webdev.is\/en\/wp-json\/wp\/v2\/product_tag?post=43392"}],"curies":[{"name":"wp","href":"https:\/\/api.w.org\/{rel}","templated":true}]}}