{"id":45224,"date":"2023-06-19T10:12:31","date_gmt":"2023-06-19T10:12:31","guid":{"rendered":"https:\/\/vv-dev.webdev.is\/uncategorized\/product\/skil-borvel-hledslu-3008-ga-1x2-0ah-rafhlada-hledslutaeki-og-taska-dd1e3008ga-5nm\/"},"modified":"2025-01-30T19:48:33","modified_gmt":"2025-01-30T19:48:33","slug":"skil-borvel-hledslu-3008-ga-1x2-0ah-rafhlada-hledslutaeki-og-taska-dd1e3008ga-5nm","status":"publish","type":"product","link":"https:\/\/vv.webdev.is\/en\/verkfaeralausnir\/rafmagnsverkfaeri\/borvelar-rafmagnsverkfaeri\/product\/skil-borvel-hledslu-3008-ga-1x2-0ah-rafhlada-hledslutaeki-og-taska-dd1e3008ga-5nm\/","title":{"rendered":"SKIL Borv\u00e9l hle\u00f0slu 3008 GA 1&#215;2.0Ah rafhla\u00f0a, hle\u00f0slut\u00e6ki og taska DD1E3008GA 5Nm"},"content":{"rendered":"","protected":false},"excerpt":{"rendered":"","protected":false},"featured_media":45223,"comment_status":"closed","ping_status":"closed","template":"","meta":[],"product_brand":[],"product_cat":[515,592,729],"product_tag":[],"class_list":{"0":"post-45224","1":"product","2":"type-product","3":"status-publish","4":"has-post-thumbnail","6":"product_cat-verkfaeralausnir","7":"product_cat-rafmagnsverkfaeri","8":"product_cat-borvelar-rafmagnsverkfaeri","10":"first","11":"instock","12":"taxable","13":"shipping-taxable","14":"purchasable","15":"product-type-simple"},"_links":{"self":[{"href":"https:\/\/vv.webdev.is\/en\/wp-json\/wp\/v2\/product\/45224","targetHints":{"allow":["GET"]}}],"collection":[{"href":"https:\/\/vv.webdev.is\/en\/wp-json\/wp\/v2\/product"}],"about":[{"href":"https:\/\/vv.webdev.is\/en\/wp-json\/wp\/v2\/types\/product"}],"replies":[{"embeddable":true,"href":"https:\/\/vv.webdev.is\/en\/wp-json\/wp\/v2\/comments?post=45224"}],"wp:featuredmedia":[{"embeddable":true,"href":"https:\/\/vv.webdev.is\/en\/wp-json\/wp\/v2\/media\/45223"}],"wp:attachment":[{"href":"https:\/\/vv.webdev.is\/en\/wp-json\/wp\/v2\/media?parent=45224"}],"wp:term":[{"taxonomy":"product_brand","embeddable":true,"href":"https:\/\/vv.webdev.is\/en\/wp-json\/wp\/v2\/product_brand?post=45224"},{"taxonomy":"product_cat","embeddable":true,"href":"https:\/\/vv.webdev.is\/en\/wp-json\/wp\/v2\/product_cat?post=45224"},{"taxonomy":"product_tag","embeddable":true,"href":"https:\/\/vv.webdev.is\/en\/wp-json\/wp\/v2\/product_tag?post=45224"}],"curies":[{"name":"wp","href":"https:\/\/api.w.org\/{rel}","templated":true}]}}