{"id":49321,"date":"2023-06-08T19:05:07","date_gmt":"2023-06-08T19:05:07","guid":{"rendered":"https:\/\/vv-dev.webdev.is\/?post_type=product&#038;p=49321"},"modified":"2025-02-16T18:01:41","modified_gmt":"2025-02-16T18:01:41","slug":"hewi-duo-studningsssla-lyfti","status":"publish","type":"product","link":"https:\/\/vv.webdev.is\/en\/lykillausnir\/badherbergi-lykillausnir\/studningsvorur-fyrir-fatlada\/product\/hewi-duo-studningsssla-lyfti\/","title":{"rendered":"HEWI Duo Stu\u00f0ningsssl\u00e1 Lyfti"},"content":{"rendered":"<p>HEWI Duo hengd stu\u00f0ningstein, h\u00f6nnun (A), Ser\u00eda 900<\/p>\n<p>Tv\u00e6r sams\u00ed\u00f0a, kringl\u00f3ttar stangir, ry\u00f0fr\u00edu st\u00e1li, dufth\u00fa\u00f0a\u00f0ar \u00ed HEWI litum DX (matt hv\u00edtur), \u00fatskot 600 mm, 210 mm h\u00e1 og 101 mm \u00e1 breidd, \u00fem. af efri braut 33,7 mm, ne\u00f0ri braut 25 mm, \u00feyngdargeta allt a\u00f0 100 kg, sett upp. m\/\u00e6tandi, pr\u00f3fa\u00f0 HEWI festiefni (panta s\u00e9r). <\/p>\n<p>Framleitt \u00ed samr\u00e6mi vi\u00f0 CE- og UKCA-regluger\u00f0 (ESB) 2017\/745 um l\u00e6kningat\u00e6ki. Uppfyllir kr\u00f6fur DIN 18040.<\/p>\n<p>Virkar b\u00e6\u00f0i h\u00e6gra og vinstra megin<\/p>","protected":false},"excerpt":{"rendered":"<p>Tegund:&nbsp;900.50.10160DX<\/p>\n<p>ATH a\u00f0eins 2 stk til \u00e1 lager<\/p>","protected":false},"featured_media":62353,"comment_status":"closed","ping_status":"closed","template":"","meta":[],"product_brand":[],"product_cat":[517,580,629],"product_tag":[],"class_list":{"0":"post-49321","1":"product","2":"type-product","3":"status-publish","4":"has-post-thumbnail","6":"product_cat-lykillausnir","7":"product_cat-badherbergi-lykillausnir","8":"product_cat-studningsvorur-fyrir-fatlada","10":"first","11":"instock","12":"taxable","13":"shipping-taxable","14":"purchasable","15":"product-type-simple"},"_links":{"self":[{"href":"https:\/\/vv.webdev.is\/en\/wp-json\/wp\/v2\/product\/49321","targetHints":{"allow":["GET"]}}],"collection":[{"href":"https:\/\/vv.webdev.is\/en\/wp-json\/wp\/v2\/product"}],"about":[{"href":"https:\/\/vv.webdev.is\/en\/wp-json\/wp\/v2\/types\/product"}],"replies":[{"embeddable":true,"href":"https:\/\/vv.webdev.is\/en\/wp-json\/wp\/v2\/comments?post=49321"}],"wp:featuredmedia":[{"embeddable":true,"href":"https:\/\/vv.webdev.is\/en\/wp-json\/wp\/v2\/media\/62353"}],"wp:attachment":[{"href":"https:\/\/vv.webdev.is\/en\/wp-json\/wp\/v2\/media?parent=49321"}],"wp:term":[{"taxonomy":"product_brand","embeddable":true,"href":"https:\/\/vv.webdev.is\/en\/wp-json\/wp\/v2\/product_brand?post=49321"},{"taxonomy":"product_cat","embeddable":true,"href":"https:\/\/vv.webdev.is\/en\/wp-json\/wp\/v2\/product_cat?post=49321"},{"taxonomy":"product_tag","embeddable":true,"href":"https:\/\/vv.webdev.is\/en\/wp-json\/wp\/v2\/product_tag?post=49321"}],"curies":[{"name":"wp","href":"https:\/\/api.w.org\/{rel}","templated":true}]}}