{"id":50831,"date":"2023-10-10T11:09:53","date_gmt":"2023-10-10T11:09:53","guid":{"rendered":"https:\/\/vv-dev.webdev.is\/?post_type=product&#038;p=50831"},"modified":"2025-01-30T20:01:13","modified_gmt":"2025-01-30T20:01:13","slug":"hewi-griphalda-250-mm","status":"publish","type":"product","link":"https:\/\/vv.webdev.is\/en\/lykillausnir\/badherbergi-lykillausnir\/studningsvorur\/product\/hewi-griphalda-250-mm\/","title":{"rendered":"HEWI Griphalda 250 mm"},"content":{"rendered":"<p>Halda me\u00f0 r\u00e9tthyrndum endum og festingarr\u00f3sum, festing me\u00f0 r\u00f3sum, 250 mm \u00e1 breidd (mi\u00f0ja til mi\u00f0ju), 85 mm dj\u00fap og 28 mm \u00ed \u00feverm\u00e1l, r\u00f3s\u00feverm\u00e1l 60 mm, \u00fear me\u00f0 HEWI festiefni<\/p>","protected":false},"excerpt":{"rendered":"<p>Tegund:&nbsp;477.31D100.98<\/p>","protected":false},"featured_media":62390,"comment_status":"closed","ping_status":"closed","template":"","meta":[],"product_brand":[],"product_cat":[517,580,628],"product_tag":[],"class_list":{"0":"post-50831","1":"product","2":"type-product","3":"status-publish","4":"has-post-thumbnail","6":"product_cat-lykillausnir","7":"product_cat-badherbergi-lykillausnir","8":"product_cat-studningsvorur","10":"first","11":"instock","12":"taxable","13":"shipping-taxable","14":"purchasable","15":"product-type-simple"},"_links":{"self":[{"href":"https:\/\/vv.webdev.is\/en\/wp-json\/wp\/v2\/product\/50831","targetHints":{"allow":["GET"]}}],"collection":[{"href":"https:\/\/vv.webdev.is\/en\/wp-json\/wp\/v2\/product"}],"about":[{"href":"https:\/\/vv.webdev.is\/en\/wp-json\/wp\/v2\/types\/product"}],"replies":[{"embeddable":true,"href":"https:\/\/vv.webdev.is\/en\/wp-json\/wp\/v2\/comments?post=50831"}],"wp:featuredmedia":[{"embeddable":true,"href":"https:\/\/vv.webdev.is\/en\/wp-json\/wp\/v2\/media\/62390"}],"wp:attachment":[{"href":"https:\/\/vv.webdev.is\/en\/wp-json\/wp\/v2\/media?parent=50831"}],"wp:term":[{"taxonomy":"product_brand","embeddable":true,"href":"https:\/\/vv.webdev.is\/en\/wp-json\/wp\/v2\/product_brand?post=50831"},{"taxonomy":"product_cat","embeddable":true,"href":"https:\/\/vv.webdev.is\/en\/wp-json\/wp\/v2\/product_cat?post=50831"},{"taxonomy":"product_tag","embeddable":true,"href":"https:\/\/vv.webdev.is\/en\/wp-json\/wp\/v2\/product_tag?post=50831"}],"curies":[{"name":"wp","href":"https:\/\/api.w.org\/{rel}","templated":true}]}}