{"id":50837,"date":"2023-10-10T11:09:52","date_gmt":"2023-10-10T11:09:52","guid":{"rendered":"https:\/\/vv-dev.webdev.is\/?post_type=product&#038;p=50837"},"modified":"2025-01-30T20:01:09","modified_gmt":"2025-01-30T20:01:09","slug":"amig-hurdarhandfang-kuluhunaurtak-737-mattnikkel-takkalaest","status":"publish","type":"product","link":"https:\/\/vv.webdev.is\/en\/lykillausnir\/hurdabunadur-lykillausnir\/kuluhunar\/product\/amig-hurdarhandfang-kuluhunaurtak-737-mattnikkel-takkalaest\/","title":{"rendered":"AMIG Hur\u00f0arhandfang k\u00faluh\u00fana\u00fartak 737 Mattnikkel takkal\u00e6st"},"content":{"rendered":"","protected":false},"excerpt":{"rendered":"","protected":false},"featured_media":60536,"comment_status":"closed","ping_status":"closed","template":"","meta":[],"product_brand":[],"product_cat":[517,597,913],"product_tag":[],"class_list":{"0":"post-50837","1":"product","2":"type-product","3":"status-publish","4":"has-post-thumbnail","6":"product_cat-lykillausnir","7":"product_cat-hurdabunadur-lykillausnir","8":"product_cat-kuluhunar","10":"first","11":"instock","12":"taxable","13":"shipping-taxable","14":"purchasable","15":"product-type-simple"},"_links":{"self":[{"href":"https:\/\/vv.webdev.is\/en\/wp-json\/wp\/v2\/product\/50837","targetHints":{"allow":["GET"]}}],"collection":[{"href":"https:\/\/vv.webdev.is\/en\/wp-json\/wp\/v2\/product"}],"about":[{"href":"https:\/\/vv.webdev.is\/en\/wp-json\/wp\/v2\/types\/product"}],"replies":[{"embeddable":true,"href":"https:\/\/vv.webdev.is\/en\/wp-json\/wp\/v2\/comments?post=50837"}],"wp:featuredmedia":[{"embeddable":true,"href":"https:\/\/vv.webdev.is\/en\/wp-json\/wp\/v2\/media\/60536"}],"wp:attachment":[{"href":"https:\/\/vv.webdev.is\/en\/wp-json\/wp\/v2\/media?parent=50837"}],"wp:term":[{"taxonomy":"product_brand","embeddable":true,"href":"https:\/\/vv.webdev.is\/en\/wp-json\/wp\/v2\/product_brand?post=50837"},{"taxonomy":"product_cat","embeddable":true,"href":"https:\/\/vv.webdev.is\/en\/wp-json\/wp\/v2\/product_cat?post=50837"},{"taxonomy":"product_tag","embeddable":true,"href":"https:\/\/vv.webdev.is\/en\/wp-json\/wp\/v2\/product_tag?post=50837"}],"curies":[{"name":"wp","href":"https:\/\/api.w.org\/{rel}","templated":true}]}}