{"id":51154,"date":"2023-10-10T11:09:19","date_gmt":"2023-10-10T11:09:19","guid":{"rendered":"https:\/\/vv-dev.webdev.is\/?post_type=product&#038;p=51154"},"modified":"2025-02-24T12:34:54","modified_gmt":"2025-02-24T12:34:54","slug":"dewalt-dchj090bdi-l-ce","status":"publish","type":"product","link":"https:\/\/vv.webdev.is\/en\/verkfaeralausnir\/vinnufatnadur\/fatnadur\/product\/dewalt-dchj090bdi-l-ce\/","title":{"rendered":"DeWALT Jakki hita\u00f0ur m. 18V rafhl\u00f6\u00f0u og hle\u00f0slut\u00e6ki st. L"},"content":{"rendered":"","protected":false},"excerpt":{"rendered":"<p>Tegund:&nbsp;DCHJ090BDI-L CE<\/p>\n<p>St\u00e6r\u00f0: L<\/p>","protected":false},"featured_media":54403,"comment_status":"closed","ping_status":"closed","template":"","meta":[],"product_brand":[],"product_cat":[515,595,707],"product_tag":[1011],"class_list":{"0":"post-51154","1":"product","2":"type-product","3":"status-publish","4":"has-post-thumbnail","6":"product_cat-verkfaeralausnir","7":"product_cat-vinnufatnadur","8":"product_cat-fatnadur","9":"product_tag-vetur","11":"first","12":"instock","13":"taxable","14":"shipping-taxable","15":"purchasable","16":"product-type-simple"},"_links":{"self":[{"href":"https:\/\/vv.webdev.is\/en\/wp-json\/wp\/v2\/product\/51154","targetHints":{"allow":["GET"]}}],"collection":[{"href":"https:\/\/vv.webdev.is\/en\/wp-json\/wp\/v2\/product"}],"about":[{"href":"https:\/\/vv.webdev.is\/en\/wp-json\/wp\/v2\/types\/product"}],"replies":[{"embeddable":true,"href":"https:\/\/vv.webdev.is\/en\/wp-json\/wp\/v2\/comments?post=51154"}],"wp:featuredmedia":[{"embeddable":true,"href":"https:\/\/vv.webdev.is\/en\/wp-json\/wp\/v2\/media\/54403"}],"wp:attachment":[{"href":"https:\/\/vv.webdev.is\/en\/wp-json\/wp\/v2\/media?parent=51154"}],"wp:term":[{"taxonomy":"product_brand","embeddable":true,"href":"https:\/\/vv.webdev.is\/en\/wp-json\/wp\/v2\/product_brand?post=51154"},{"taxonomy":"product_cat","embeddable":true,"href":"https:\/\/vv.webdev.is\/en\/wp-json\/wp\/v2\/product_cat?post=51154"},{"taxonomy":"product_tag","embeddable":true,"href":"https:\/\/vv.webdev.is\/en\/wp-json\/wp\/v2\/product_tag?post=51154"}],"curies":[{"name":"wp","href":"https:\/\/api.w.org\/{rel}","templated":true}]}}