{"id":51691,"date":"2023-10-10T11:08:17","date_gmt":"2023-10-10T11:08:17","guid":{"rendered":"https:\/\/vv-dev.webdev.is\/?post_type=product&#038;p=51691"},"modified":"2025-01-30T19:55:37","modified_gmt":"2025-01-30T19:55:37","slug":"beslag-design-hurdarstoppari-helix-2","status":"publish","type":"product","link":"https:\/\/vv.webdev.is\/en\/lykillausnir\/hurdabunadur-lykillausnir\/hurdastopparar-og-hurdahaldarar\/product\/beslag-design-hurdarstoppari-helix-2\/","title":{"rendered":"BESLAG DESIGN Helix Hur\u00f0arstoppari"},"content":{"rendered":"<p>Hur\u00f0astopparinn er me\u00f0 l\u00e9ttu yfirbor\u00f0i og g\u00famm\u00edlist sem deyfir og verndar hur\u00f0ina. F\u00e1anlegt \u00ed mismunandi \u00fatf\u00e6rslum og passar vel \u00ed \u00f6ll herbergi og umhverfi.<\/p>\n<p>Kemur me\u00f0 4x45mm ni\u00f0ursokkinni vi\u00f0arskr\u00fafu. Skr\u00fafan skagar 40 mm \u00fat \u00far festingarhlutanum.<\/p>\n<p>Litur: Gylltur<\/p>\n<p>\u00deverm\u00e1l:&nbsp;32.5\/38 mm<\/p>\n<p>H\u00e6\u00f0: 36 mm<\/p>\n<p>Efni: \u00c1l<\/p>","protected":false},"excerpt":{"rendered":"<p>Tegund: 753012-41<\/p>","protected":false},"featured_media":60460,"comment_status":"closed","ping_status":"closed","template":"","meta":[],"product_brand":[],"product_cat":[517,597,666],"product_tag":[],"class_list":{"0":"post-51691","1":"product","2":"type-product","3":"status-publish","4":"has-post-thumbnail","6":"product_cat-lykillausnir","7":"product_cat-hurdabunadur-lykillausnir","8":"product_cat-hurdastopparar-og-hurdahaldarar","10":"first","11":"instock","12":"taxable","13":"shipping-taxable","14":"purchasable","15":"product-type-simple"},"_links":{"self":[{"href":"https:\/\/vv.webdev.is\/en\/wp-json\/wp\/v2\/product\/51691","targetHints":{"allow":["GET"]}}],"collection":[{"href":"https:\/\/vv.webdev.is\/en\/wp-json\/wp\/v2\/product"}],"about":[{"href":"https:\/\/vv.webdev.is\/en\/wp-json\/wp\/v2\/types\/product"}],"replies":[{"embeddable":true,"href":"https:\/\/vv.webdev.is\/en\/wp-json\/wp\/v2\/comments?post=51691"}],"wp:featuredmedia":[{"embeddable":true,"href":"https:\/\/vv.webdev.is\/en\/wp-json\/wp\/v2\/media\/60460"}],"wp:attachment":[{"href":"https:\/\/vv.webdev.is\/en\/wp-json\/wp\/v2\/media?parent=51691"}],"wp:term":[{"taxonomy":"product_brand","embeddable":true,"href":"https:\/\/vv.webdev.is\/en\/wp-json\/wp\/v2\/product_brand?post=51691"},{"taxonomy":"product_cat","embeddable":true,"href":"https:\/\/vv.webdev.is\/en\/wp-json\/wp\/v2\/product_cat?post=51691"},{"taxonomy":"product_tag","embeddable":true,"href":"https:\/\/vv.webdev.is\/en\/wp-json\/wp\/v2\/product_tag?post=51691"}],"curies":[{"name":"wp","href":"https:\/\/api.w.org\/{rel}","templated":true}]}}