{"id":51777,"date":"2023-10-10T11:08:09","date_gmt":"2023-10-10T11:08:09","guid":{"rendered":"https:\/\/vv-dev.webdev.is\/?post_type=product&#038;p=51777"},"modified":"2025-01-30T19:55:01","modified_gmt":"2025-01-30T19:55:01","slug":"energizer-hofudljos-high-lumen-hybrid-1000-lumens-7638900439151","status":"publish","type":"product","link":"https:\/\/vv.webdev.is\/en\/lykillausnir\/utivistarvorur\/hofudljos\/product\/energizer-hofudljos-high-lumen-hybrid-1000-lumens-7638900439151\/","title":{"rendered":"Energizer h\u00f6fu\u00f0lj\u00f3s High Lumen Hybrid 1000 Lumens 7638900439151"},"content":{"rendered":"","protected":false},"excerpt":{"rendered":"","protected":false},"featured_media":55401,"comment_status":"closed","ping_status":"closed","template":"","meta":[],"product_brand":[],"product_cat":[517,601,695],"product_tag":[],"class_list":{"0":"post-51777","1":"product","2":"type-product","3":"status-publish","4":"has-post-thumbnail","6":"product_cat-lykillausnir","7":"product_cat-utivistarvorur","8":"product_cat-hofudljos","10":"first","11":"instock","12":"taxable","13":"shipping-taxable","14":"purchasable","15":"product-type-simple"},"_links":{"self":[{"href":"https:\/\/vv.webdev.is\/en\/wp-json\/wp\/v2\/product\/51777","targetHints":{"allow":["GET"]}}],"collection":[{"href":"https:\/\/vv.webdev.is\/en\/wp-json\/wp\/v2\/product"}],"about":[{"href":"https:\/\/vv.webdev.is\/en\/wp-json\/wp\/v2\/types\/product"}],"replies":[{"embeddable":true,"href":"https:\/\/vv.webdev.is\/en\/wp-json\/wp\/v2\/comments?post=51777"}],"wp:featuredmedia":[{"embeddable":true,"href":"https:\/\/vv.webdev.is\/en\/wp-json\/wp\/v2\/media\/55401"}],"wp:attachment":[{"href":"https:\/\/vv.webdev.is\/en\/wp-json\/wp\/v2\/media?parent=51777"}],"wp:term":[{"taxonomy":"product_brand","embeddable":true,"href":"https:\/\/vv.webdev.is\/en\/wp-json\/wp\/v2\/product_brand?post=51777"},{"taxonomy":"product_cat","embeddable":true,"href":"https:\/\/vv.webdev.is\/en\/wp-json\/wp\/v2\/product_cat?post=51777"},{"taxonomy":"product_tag","embeddable":true,"href":"https:\/\/vv.webdev.is\/en\/wp-json\/wp\/v2\/product_tag?post=51777"}],"curies":[{"name":"wp","href":"https:\/\/api.w.org\/{rel}","templated":true}]}}