{"id":52482,"date":"2023-10-10T11:20:48","date_gmt":"2023-10-10T11:20:48","guid":{"rendered":"https:\/\/vv-dev.webdev.is\/?post_type=product&#038;p=52482"},"modified":"2025-01-30T20:14:18","modified_gmt":"2025-01-30T20:14:18","slug":"swiza-hnifur-fjolnota-le-signature-gulllitadur","status":"publish","type":"product","link":"https:\/\/vv.webdev.is\/en\/lykillausnir\/hnifar-lykillausnir\/hnifar-hnifar-lykillausnir\/product\/swiza-hnifur-fjolnota-le-signature-gulllitadur\/","title":{"rendered":"SWIZA Hn\u00edfur fj\u00f6lnota Le Signature Gulllita\u00f0ur"},"content":{"rendered":"","protected":false},"excerpt":{"rendered":"","protected":false},"featured_media":58569,"comment_status":"closed","ping_status":"closed","template":"","meta":[],"product_brand":[],"product_cat":[517,833,842],"product_tag":[],"class_list":{"0":"post-52482","1":"product","2":"type-product","3":"status-publish","4":"has-post-thumbnail","6":"product_cat-lykillausnir","7":"product_cat-hnifar-lykillausnir","8":"product_cat-hnifar-hnifar-lykillausnir","10":"first","11":"instock","12":"taxable","13":"shipping-taxable","14":"purchasable","15":"product-type-simple"},"_links":{"self":[{"href":"https:\/\/vv.webdev.is\/en\/wp-json\/wp\/v2\/product\/52482","targetHints":{"allow":["GET"]}}],"collection":[{"href":"https:\/\/vv.webdev.is\/en\/wp-json\/wp\/v2\/product"}],"about":[{"href":"https:\/\/vv.webdev.is\/en\/wp-json\/wp\/v2\/types\/product"}],"replies":[{"embeddable":true,"href":"https:\/\/vv.webdev.is\/en\/wp-json\/wp\/v2\/comments?post=52482"}],"wp:featuredmedia":[{"embeddable":true,"href":"https:\/\/vv.webdev.is\/en\/wp-json\/wp\/v2\/media\/58569"}],"wp:attachment":[{"href":"https:\/\/vv.webdev.is\/en\/wp-json\/wp\/v2\/media?parent=52482"}],"wp:term":[{"taxonomy":"product_brand","embeddable":true,"href":"https:\/\/vv.webdev.is\/en\/wp-json\/wp\/v2\/product_brand?post=52482"},{"taxonomy":"product_cat","embeddable":true,"href":"https:\/\/vv.webdev.is\/en\/wp-json\/wp\/v2\/product_cat?post=52482"},{"taxonomy":"product_tag","embeddable":true,"href":"https:\/\/vv.webdev.is\/en\/wp-json\/wp\/v2\/product_tag?post=52482"}],"curies":[{"name":"wp","href":"https:\/\/api.w.org\/{rel}","templated":true}]}}