{"id":53109,"date":"2023-10-10T11:06:50","date_gmt":"2023-10-10T11:06:50","guid":{"rendered":"https:\/\/vv-dev.webdev.is\/?post_type=product&#038;p=53109"},"modified":"2025-01-30T19:50:56","modified_gmt":"2025-01-30T19:50:56","slug":"frascio-hurdarhandfang-zoe-q-svart-matt-med-klosettsnerli-fyrir-thyskar-laesingar-5-2013","status":"publish","type":"product","link":"https:\/\/vv.webdev.is\/en\/lykillausnir\/hurdabunadur-lykillausnir\/hurdarhunar-hurdabunadur-lykillausnir\/product\/frascio-hurdarhandfang-zoe-q-svart-matt-med-klosettsnerli-fyrir-thyskar-laesingar-5-2013\/","title":{"rendered":"FRASCIO Hur\u00f0arhandfang ZOE Q Svart Matt Me\u00f0 kl\u00f3settsnerli Fyrir \u00de\u00fdskar l\u00e6singar 5.2013"},"content":{"rendered":"","protected":false},"excerpt":{"rendered":"","protected":false},"featured_media":57676,"comment_status":"closed","ping_status":"closed","template":"","meta":[],"product_brand":[],"product_cat":[517,597,667],"product_tag":[],"class_list":{"0":"post-53109","1":"product","2":"type-product","3":"status-publish","4":"has-post-thumbnail","6":"product_cat-lykillausnir","7":"product_cat-hurdabunadur-lykillausnir","8":"product_cat-hurdarhunar-hurdabunadur-lykillausnir","10":"first","11":"instock","12":"taxable","13":"shipping-taxable","14":"purchasable","15":"product-type-simple"},"_links":{"self":[{"href":"https:\/\/vv.webdev.is\/en\/wp-json\/wp\/v2\/product\/53109","targetHints":{"allow":["GET"]}}],"collection":[{"href":"https:\/\/vv.webdev.is\/en\/wp-json\/wp\/v2\/product"}],"about":[{"href":"https:\/\/vv.webdev.is\/en\/wp-json\/wp\/v2\/types\/product"}],"replies":[{"embeddable":true,"href":"https:\/\/vv.webdev.is\/en\/wp-json\/wp\/v2\/comments?post=53109"}],"wp:featuredmedia":[{"embeddable":true,"href":"https:\/\/vv.webdev.is\/en\/wp-json\/wp\/v2\/media\/57676"}],"wp:attachment":[{"href":"https:\/\/vv.webdev.is\/en\/wp-json\/wp\/v2\/media?parent=53109"}],"wp:term":[{"taxonomy":"product_brand","embeddable":true,"href":"https:\/\/vv.webdev.is\/en\/wp-json\/wp\/v2\/product_brand?post=53109"},{"taxonomy":"product_cat","embeddable":true,"href":"https:\/\/vv.webdev.is\/en\/wp-json\/wp\/v2\/product_cat?post=53109"},{"taxonomy":"product_tag","embeddable":true,"href":"https:\/\/vv.webdev.is\/en\/wp-json\/wp\/v2\/product_tag?post=53109"}],"curies":[{"name":"wp","href":"https:\/\/api.w.org\/{rel}","templated":true}]}}