{"id":54504,"date":"2023-11-14T10:42:18","date_gmt":"2023-11-14T10:42:18","guid":{"rendered":"https:\/\/vv.webdev.is\/?post_type=product&#038;p=54504"},"modified":"2025-01-31T09:16:12","modified_gmt":"2025-01-31T09:16:12","slug":"dewalt-halfgrima-medium-med-siu-p3-sia-filter-dxir1hmmp3","status":"publish","type":"product","link":"https:\/\/vv.webdev.is\/en\/verkfaeralausnir\/vinnufatnadur\/rykgrimur\/product\/dewalt-halfgrima-medium-med-siu-p3-sia-filter-dxir1hmmp3\/","title":{"rendered":"DeWALT H\u00e1lfgr\u00edma MEDIUM me\u00f0 s\u00edu P3 S\u00cdA (FILTER)"},"content":{"rendered":"<ul>\n<li>L\u00e9tt h\u00f6nnun og loftfl\u00e6\u00f0iskerfi sem gerir \u00f6ndun \u00e1reynslulitla tryggir \u00fe\u00e6gindi notenda \u00ed lengri t\u00edma.<\/li>\n<li>\u00d6rugg og au\u00f0veldlega stillanleg, teygjanleg h\u00f6fu\u00f0vagga.<\/li>\n<li>Tv\u00edskipt beisli gerir notendum kleift a\u00f0 taka af s\u00e9r gr\u00edmuna \u00e1n \u00feess a\u00f0 fjarl\u00e6gja h\u00f6fu\u00f0hl\u00edfina.<\/li>\n<li>Tveggja filtera h\u00f6nnun tryggir jafnari dreifingu \u00feyngdar og l\u00e1gmarkstruflun \u00e1 sj\u00f3nsvi\u00f0i.<\/li>\n<li>Gr\u00edman er \u00far latexfr\u00edu efni til \u00feess a\u00f0 minnka h\u00fa\u00f0ertingu og auga \u00fe\u00e6gindi.<\/li>\n<li>P3 s\u00edun tryggir 99,95% s\u00edun loftborinna agna sem eru 0,3 micron og st\u00e6rri.<\/li>\n<\/ul>","protected":false},"excerpt":{"rendered":"<p>L\u00e9tt, v\u00f6ndu\u00f0 og \u00fe\u00e6gileg rykgr\u00edma fyrir lengri notkun.<\/p>","protected":false},"featured_media":56970,"comment_status":"closed","ping_status":"closed","template":"","meta":[],"product_brand":[],"product_cat":[515,595,710],"product_tag":[942],"class_list":{"0":"post-54504","1":"product","2":"type-product","3":"status-publish","4":"has-post-thumbnail","6":"product_cat-verkfaeralausnir","7":"product_cat-vinnufatnadur","8":"product_cat-rykgrimur","9":"product_tag-dewalt","11":"first","12":"instock","13":"taxable","14":"shipping-taxable","15":"purchasable","16":"product-type-simple"},"_links":{"self":[{"href":"https:\/\/vv.webdev.is\/en\/wp-json\/wp\/v2\/product\/54504","targetHints":{"allow":["GET"]}}],"collection":[{"href":"https:\/\/vv.webdev.is\/en\/wp-json\/wp\/v2\/product"}],"about":[{"href":"https:\/\/vv.webdev.is\/en\/wp-json\/wp\/v2\/types\/product"}],"replies":[{"embeddable":true,"href":"https:\/\/vv.webdev.is\/en\/wp-json\/wp\/v2\/comments?post=54504"}],"wp:featuredmedia":[{"embeddable":true,"href":"https:\/\/vv.webdev.is\/en\/wp-json\/wp\/v2\/media\/56970"}],"wp:attachment":[{"href":"https:\/\/vv.webdev.is\/en\/wp-json\/wp\/v2\/media?parent=54504"}],"wp:term":[{"taxonomy":"product_brand","embeddable":true,"href":"https:\/\/vv.webdev.is\/en\/wp-json\/wp\/v2\/product_brand?post=54504"},{"taxonomy":"product_cat","embeddable":true,"href":"https:\/\/vv.webdev.is\/en\/wp-json\/wp\/v2\/product_cat?post=54504"},{"taxonomy":"product_tag","embeddable":true,"href":"https:\/\/vv.webdev.is\/en\/wp-json\/wp\/v2\/product_tag?post=54504"}],"curies":[{"name":"wp","href":"https:\/\/api.w.org\/{rel}","templated":true}]}}