{"id":54791,"date":"2023-10-10T11:06:43","date_gmt":"2023-10-10T11:06:43","guid":{"rendered":"https:\/\/vv.webdev.is\/?post_type=product&#038;p=54791"},"modified":"2025-01-30T19:50:36","modified_gmt":"2025-01-30T19:50:36","slug":"elro-loftgaedamaelir-fco2400-med-ndir-skynjara","status":"publish","type":"product","link":"https:\/\/vv.webdev.is\/en\/lykillausnir\/snjallheimili\/bryr-og-skynjarar\/product\/elro-loftgaedamaelir-fco2400-med-ndir-skynjara\/","title":{"rendered":"ELRO Loftg\u00e6\u00f0am\u00e6lir FCO2400 me\u00f0 NDIR Skynjara"},"content":{"rendered":"","protected":false},"excerpt":{"rendered":"","protected":false},"featured_media":59708,"comment_status":"closed","ping_status":"closed","template":"","meta":[],"product_brand":[],"product_cat":[517,853,863,602,699],"product_tag":[],"class_list":{"0":"post-54791","1":"product","2":"type-product","3":"status-publish","4":"has-post-thumbnail","6":"product_cat-lykillausnir","7":"product_cat-snjallheimili","8":"product_cat-bryr-og-skynjarar","9":"product_cat-oryggisvorur","10":"product_cat-eldvarnir-og-slokkvutaeki","12":"first","13":"instock","14":"taxable","15":"shipping-taxable","16":"purchasable","17":"product-type-simple"},"_links":{"self":[{"href":"https:\/\/vv.webdev.is\/en\/wp-json\/wp\/v2\/product\/54791","targetHints":{"allow":["GET"]}}],"collection":[{"href":"https:\/\/vv.webdev.is\/en\/wp-json\/wp\/v2\/product"}],"about":[{"href":"https:\/\/vv.webdev.is\/en\/wp-json\/wp\/v2\/types\/product"}],"replies":[{"embeddable":true,"href":"https:\/\/vv.webdev.is\/en\/wp-json\/wp\/v2\/comments?post=54791"}],"wp:featuredmedia":[{"embeddable":true,"href":"https:\/\/vv.webdev.is\/en\/wp-json\/wp\/v2\/media\/59708"}],"wp:attachment":[{"href":"https:\/\/vv.webdev.is\/en\/wp-json\/wp\/v2\/media?parent=54791"}],"wp:term":[{"taxonomy":"product_brand","embeddable":true,"href":"https:\/\/vv.webdev.is\/en\/wp-json\/wp\/v2\/product_brand?post=54791"},{"taxonomy":"product_cat","embeddable":true,"href":"https:\/\/vv.webdev.is\/en\/wp-json\/wp\/v2\/product_cat?post=54791"},{"taxonomy":"product_tag","embeddable":true,"href":"https:\/\/vv.webdev.is\/en\/wp-json\/wp\/v2\/product_tag?post=54791"}],"curies":[{"name":"wp","href":"https:\/\/api.w.org\/{rel}","templated":true}]}}