{"id":56392,"date":"2023-12-26T18:46:17","date_gmt":"2023-12-26T18:46:17","guid":{"rendered":"https:\/\/vv.webdev.is\/?post_type=product&#038;p=56392"},"modified":"2025-01-30T20:20:40","modified_gmt":"2025-01-30T20:20:40","slug":"starrett-stingsagarblod-alhlida-19-stk","status":"publish","type":"product","link":"https:\/\/vv.webdev.is\/en\/verkfaeralausnir\/rafmagnsverkfaeri\/aukahlutir-med-rafmagnsverkfaerum-fagmenn\/product\/starrett-stingsagarblod-alhlida-19-stk\/","title":{"rendered":"STARRETT Stingsagarbl\u00f6\u00f0 Alhli\u00f0a 19 stk"},"content":{"rendered":"<p>Passar \u00ed n\u00e1nast allar jigsaw v\u00e9lar.<\/p>\n<p>Einstaklega sterkar tennur, \u00e1samt m\u00f6rgum skur\u00f0br\u00fanum og klofnum sp\u00f3naforskotum, sem tryggir a\u00f0 Starrett Jigsaw Blades endast 25% lengur en v\u00f6rur \u00ed beinni samkeppni.<\/p>\n<p><\/p>\n<p><img decoding=\"async\" src=\"data:image\/png;base64,iVBORw0KGgoAAAANSUhEUgAAAkMAAAA+CAYAAAAoGh+tAAAAAXNSR0IArs4c6QAAAARnQU1BAACxjwv8YQUAAAAJcEhZcwAADsMAAA7DAcdvqGQAADJ1SURBVHhe7Z0PTJRX3u+\/e72ZxjdjvBnjRuKGsRtn3XTqJhDfwLqBkjBlI\/BegV7FZkWyjuY68rZC3xVoF3n3Au2r2Fehe2G8sXSj2FRsBExhzItDFodUh6yFRB1TGVMds3WIhkkNkyVMSp57zvOcZ+aZv88MopZ6PmZanj9znt\/5nd\/vnN\/5M8\/5iUAAh8PhcDgczgvKf2P\/53A4HA6Hw3kh4cEQh8PhcDicFxoeDHE4HA6Hw3mh4cEQh8PhcDicFxoeDHE4HA6Hw3mh4cEQh8PhcDicFxoeDHE4HA6Hw3mh4cEQh8PhcDicFxoeDHE4HA6Hw3mhecrBkA+DdVa42FEkvuFGFJ+Od5XDeco8GkT9iedpf4n9Q5XnLv8PD9\/FelhvsAMOh8NJkqhgyHUiD1UXvOwoGj8JYPLqBkk1njqRFZUuvwkDu4zsKBLaUOQhLy\/0KdhWhfaLHgTYHUueb\/tQtaMb7nl2\/JxwnajH4CN28BxI+Hza4CtsIC+vAGVvtWPw7vO0AhesC\/QBzg+UG1aFjZHPljJUfdAHl59djxu40vMK+533Yfx0Iyq3Mlt9rxvjkYZC7znbgqptBYq6NLq+C\/vEtTdii2H3Uv9oQd+toOBxA0R6vv6inGoAnovtkkwkneL9sX3Md60HLW+VoSAvuTqDPiMkG\/lsrUTjCSe8wTovni\/RfMXpKNzpRmWsa3437CeY7uN0EhZNnoAT7cp0xE+ETM9SHt84ug9VopimQWy3\/vQ4fIp2JXB3EO1iubFnnHWrt6PPyicCPniuDaLnOLnnTzHySvP2niS7GAOMsPgkqm0I\/4RsO0no3mRKblr3C\/vfPS1Mfs9OhPFA6H13h7CjdkCYZmcSMy0M1HYKN+UjW53QeZ0dqEK+a414zj8eCFfb9wjNf51hJ5Y29843C53WZqHtb3PszPPhprVOGHjIDp4DCZ\/\/cEDotIVb29zfrwpt5mbh8nfsxEIhaddZZetMhZtCZ9I+kIhw\/0iZBcv\/4yW1OkbB9U6hTmln388JD75sE\/YcvixItU28sqLnQ\/b7oL9GqDs\/Kcyw+nPm616hrrqX1JyMuZvCaUuN8PGX94TpRG4fKU9com1xzkv9o1W4zKrJeDqh5+VnzP2N5LX9qvCAySSl0SZ8FZRxTrh5ar9Q03VVuJdQ8HCinv39jDB5vk7Y89k9diKeL5Hzr8XQ9\/f3hN7DbUJbdcS1h5eEQ5ZWoff6A2EuZtslsWjyqPneM5WHtMvVdULv16zAWRo1\/czqvp8kNtcsXPLIhSu1o60OlXb0mfjEtHCpiejA9pVw77uvYuSVprVL6Pwbk3VmksQge4TTbulQyZO2YzGmyV5Fab4HtokYceNtO8aytiOXHVKie\/WxokWp11N2xImet0jUJke6JPJMKXpbnobs3RXAkFP8fuJnSxH1+MhR7N3CokRxWsEJ99l6lJFzNNJtuRA+0uS\/1YPGXcViZBnVO5r1YPB4Vdzom363XuxZ0ei3B+5ZdiEW8244vslGxe5CaMZuRkXpvolulla0HImuYd4LO5FRzl+YjMH8vyPmwXqD9i7yUHXWiaPbyP2s9yLq9VYoGqfPcEyp5M\/vQk8weq9Hz21ZJqkcPLdD3937oYP1fGI\/Xw3N2myYdwK2MWY7rFzEPOcVo+q4nD4jrGdRj+6JODY3NYhG0jMJ+24SiPq66w7lf89RUV9Bkny+qi\/Nhp4hlrs71PsXiVsGrGe4X7LrhDogJPIB1bwy+xN9ZKuiFxeDRPZEbVyWITIvwVEMsadJy5vYl9IWv\/fCEZThnfDvJlu2yzRI21yI3OtueNgpdfykxEpwoMwA7TLpjHbDa8jRTEn1HcF7sQc4cAzmzXroNOzkIqNZk43C3HG477MTSTA9m47q3dlIYzLRNEybvPA+lo7xLem5oxrHyD36JxF8mRaGfBPSiF7jW2B8vBfPwfcvJVgfJkIA4+cmkNtyEKUb06Bhuk+KhcrziBi9Po0dRPKM5fGTO8sOoHSDVjqmaeTkQONlKfgm4fpVKUzpcuGSdvSNQnjdyVu2yFPxCR1Mhw7DsiUT+pUviWfCeHQVo2sPwLyJ5U1rQGllLpxjbul4EYm5ZigtpxC46CDZUEIK+L88MOX9gh2ngg5FR0bQW5eN8j+PYORIETmzQDQarGB\/qnLdin5fCY4PjODwFvbEC12wp9ei9yKR48JxZIxVwXqNVZZ3ulFjDRAZBzAyQuStN+LW+61wsArB3duKO5uaMUCujQychnn5ObSNMC3d70PrF6tg+XSIfHcIpys16P4oUocKbpFrebnQajJhWjEKp\/JGvwOdZzUw\/4WmReRozMCdo6SxoBV5omvkaY4PGjHxq1qcJXmmMlYs60LdWYXhiPlvEPNg2WiEhfy\/Y0c2Dn5O7t8nT1l6cMY6BmNdL4bI9bN7NehqqkKrXY8DNH\/DAzieNYG2IdbQzXvQ96ENq\/adFe8f+tgMzWckgJIrUs85tAe\/2wuLtgtdozTD8Z6vjma5bAXELk+24H5Os5Rnkn6twYajA7JsbnTXnoN29+mgbNrPW9D3rXQ5yJQDRz+8j\/K6IqSlUnmJeHCuww7921L+e6u06DrJyj7Z56sSgPNEK6aKOzAwPIKBthK8NGqDk11NXAYkeDl6Bxn\/R7Jr8drZNtjl8lGi4gMJ80pl7DgKr+mI5COfNyDr+lF03xEvhpPIX77tQ8vnOpj\/nyzvdviOWjHO3NQ\/0ooWdxaae6Xybsi6g5aT4+TpEs6OM5guZDJ05mPifeIf4hUf7M0F6LolHiRmPgDvFRsmCnOJlSaLFsatuQg2kSQN341BTGzIhUE84YHzGyMM3ygDuYjAfREITDlhu04arQ3sRBKk5ZTCyNobSuCuHTZ\/DjJZtekZuw\/j+slgQC13kFJm3g\/3sAMrCrJTbwMe2XHGV4iKVyJagMA4RpEB3UCok1ufzDQQZaHyzAWgXR4nKHzW8miNKM1RBGYBH1xDEzD8RrI6rP41TKTdcE4xCQJeOM+PwpjNrifLU\/EJFaZIRG9YhzBNv2zALx5OJ6fPFIgZDM0ty0Sh3o5Lygr7sQM2EAdbyY6fB7QQT1jhzclMzlBWlqNiaygiFSm2wLKZfVujR9E+M26O3RQPXXYnTO9UwMjyqEk34cC+FegZluLgwBywJo19l0bfZU2o3SzVIC6bC7n7TNCzUtNuKEWJljRWMcN70oD\/TQNThnSzIT8drjFFNBQIwK9LQ9py6VCzJhcH\/rMUenqQ6Nqjy7BpzDiQr5d6I0RG4+8aUPglkUO2nCyiEzn\/CSj8VwsymR60GSXY\/tIvULiP9RxJD0GfX4i0b9io2i0bXDmWUM9jJYnet2pDIzfIhnmv\/F0tMktI4\/Z1ir0SBbSyt3Z4kZNB86FB5tsnYdmkY3kmsmUpekW37Jj4F9JrWs9qeirbzgzc\/0ZRMLMuWD90obDZAiPTa6pkV5qRvUbKv6gvn0vqPSXz\/GTwO0nwUg7zZtbTJLZrqtyOTOmqShkEyL81kE2XXitvrkWuovGTUfMBSty8ProE+\/+woGIjS5j2QLfnw+WIHvFL6C9rS3HsgyLo5bJYmYnc4CiFD5eHVsBCbFHHyjttcwXKA6Heatob5lAveW0Rtme5MCmOuJFe6J+GYH5FvBKF80iZ2NCLn\/wCvDmQjoM7UmwwRKQRT5rGnn4S1O00SpU5qb\/uD\/XAHijEETGQO4tqvU1cv\/FEjB1FmSw3+RTs6Ed6TQUMynovKaQRfDGNYx4U7pY7BqQR9AwSGwig8D+kAPXsO+mwNSS33lGcDZDlyy9Gy8MSWHJiGF9CSEfvjBv525gulUx5MTnUh7H1B1gn8GOUPGxFq9xRjWAx5PH5iD0Ot7GgVhrZDK6leQ7yiMhrfAr2oE9nJn4oa4rYfVUu3O\/vYNcbMZpxkPhBlCajeOo+sRA0K6CZmmYdsMUjRjDkAW1HDPlZGBsOOal3hPQGf5u58AwkJOSE9BOcOrsb4eS\/a4FdX4uGAvXGXESvw6rICmFZxFBc+i+Qed9LJPDh3t1X8erL7DxD88sMpD2U1G4sqYDvWDGKd72Dlk8G4SIVrFassOl37WgRHSP0eedzEljGqixIwzaxyhSqrNZmY821SwhOKOhyYfmlA7vKyrD3UDv6rnjg12ilRjDRNRpF\/+oXEWWUhld\/M4NpuWe\/Jo3E6mrooQtTMdEZHZFTJqxdhVXMIH1\/95Aet9RjDH5qekgvQLoV+vTg8LsIkTUVO\/IoHZJUPDvetyO9vgFFq9kN8zRIlhfokc+2o8EREyqb4ecRw9mvVOBADssgCfKt\/7sK01tJALDAQIjqK50FBxJUX9Jfqs9PltkZ+NMjyk6hx8RlQHqOlT60lRWj8g8t6LroIrbGbCYMdR9IlFdqf\/ZP9obLsIOURVQXTt1f\/Lf62EJd6VrVWek8qYlwf3491ilFoJX9H8qDPU39z8J1+1JUPmOTXdcrNvTyZ6ASsDanPm0qj3iODA\/h4+0BWD+wkxwTHk\/DW1CLWrmDJnaoLKSz4ghNhS6ErIPoVcg9csEMnGzEYMojN9IIPk1jqN4I+wddcIll58f0VBFq60phkDtI60thKXTCcVs6ToQ4GyDLRnRy+FejaDzpkjpSSRIY68LEZjMyY\/no4ykEKmtJJ5d1FJbpkE06uSvYcopIFkMe+uOfjuYGdFygaQygo3gKrcRWpHJ+9vKIbLRIaQx9jPJZK1qG2NPo6PQhG9IOnmXXm5AzcRTWG+pPeOo+8QMi5siQyNrXUei1S0PTRJn2sSyYUhh2TY2QE9JPcEoL5ehg5+hn6PMONGw1ho\/0PG3oSAz7E7psWDoH0Nt5EOV6P\/oaqtB1SzaocFmlz+FQg63AP2ZH9\/E3FQ3Bm2i\/aIczOBKngX5rA3p7z+LI3hxorrdj1yHZeBJdi01gbrFj6GjCHJp9QuX4hOzoUKQ7hN4\/N6D0FTksCGC8g\/R09BU4Tqfa6D2fH0Q2u6oK6c4Z\/+MUjBe7MZ5ojdfzhlQ+mpfCIoAoEpWBLsuCjt5edNSUQ\/+4D4375YYuCZQ+oEJk5Sl+Yk5\/JvCXb4l8Vh8K66WpOHqtY4f0rWcJHa2qMNhgv8tOpMoyDXR0xGu1HVfltWDLSa+W\/SlBjlek3OwlRhx9NMCm6MymCl2Xtz3PpQh2IjpDhBUkL4FUG0VxJM+Mkkd94UsDEjE7jq4rGTBnxbf\/VcFpcwYdPZifYwcJWIg8kYhpWGBZMxr8ldRzlUejg2FrCdKGr4rtQuCaDZ5ixagxHbGt2gl85kg5IHkqPpEqgRkE1qxKolOfGvGDIfKo3BIthkf9CEwQZea\/Hpr3U6IhgoU1IuT4O\/bn02Yhz440yPuTGCc9bh35t+5lNyYjFh0GvnFh5qeS2gN+qdLSaNNgyC9HQ0sJXA5a4WiRtjb6u7Hx4fIVA04ORzQEn5oQHIkLEJ3TSoYaTnomivYdQ8NaZjyJrq1JB76ejOhReDF5LQ2rnuL0pnZ1GtypLsZbNNwYu1uCnVsMoQWpRD+yDnQ\/08P9TcQi3m8d6LvBahq6IHCtHqVvp6P\/yEJ6PIlRfb6SRPasJZUp0XG8+jFhGcyTYIYqhNiMdq0Bph0NaCpRNnQy6j6QEN0aBKLsLxaJ\/cV3fQyG3WZkrg01fqER1jSkL7uDe2EP8cN1wREaWX1KvLRMsaBYZn4aPq8B68ROjws9iXq8q9fBcGU8fGqJfn9GGxEgLTKk8+gNjuyFmH7khUFPg2UfHB92wxXX9oldbHBiPMJeph\/NsJHxJ4NOaU9HPvsx0fVmg9jm+EbPoedCo7QgXvyU4ehYD6rI3+IsArFpjI2H+wb9PvUZdpgKavKI+jqeQF\/PWp5bPWgZjh\/WBGZnSOAa48nJBGcqPLFPqEF1GVmn3CV1x09XLbrPJAiGCBtMWH+tG10XgcI4c5j6n6eh30YKnhYWXfzVa4U13tApdUp5LccikNKzZQa60C03RH43+k70IzP3VfHQaMqA7Sgxcla44tqUEzMoz6crcvykwqgJfZc+78ooqZtpZaJBZmEG+hvaQ4vUHrsx+HmMYdFvL2NUnx09n7\/2NeR4nFJFebcPNcSAPLIFPHJidCINaTSgSXRt9Wso9HehfdgjBUyiTtph+00hshNZjsaLqYVG6QRNRiEy+hvRfsUbeu7FnjjrpWLwRM8njaNmFI47rFyI3vtOWDEuHQGvmJDxRTv6lNc7+kn9HmHPa4pQvXkMVnlROCEQ5oELJNnnExLaszYbhboe0kNmSqXr5z47F5wOTFgGfgdaq0N2Te3eeYVkOcbAXWIfUGHt6yjxt6Cx183yEID3Wg8Gg6OnMon9hQaQzhHSa5XTuEL0MCDeRdDhtYIZIhO5N3i9C20eLVZJNySGfidJ\/Lf70PXXbGSL04Y6ZBdo0HakD25Zj7QMOlpg\/628oNQAg5aU0UWWfwJN49ydLGSKDYMRphInWjpk2UkZXejChCmJxaQ0oA0LlBNAbewTB7KzpFR1WYXQfNSCvtty3UV11o4Wu4ktstbBYJhA56lxeFlx0HI\/169HFpsNMJpK4HyflBfzU\/8dopsJ8n02pSp3FFVh5dWNXGSKLmBE7m\/tok7kZ4vyH2mDhi0i1hUcDu84jvTiYFa5OLIojnzqclGysg0tQbvzwXmqB6vI98VHyB3IWCxAHqqvV3\/pQveF8HLud2fBKAr8jOVZb8CKz7owGCxfalfn4N4sra3VZuRi5qQ1bAH1+Kmu4PWE8kSw+D6hgo7Ue6RNs8r1Hm2zT4VsOyEp5IuSOBgiDc3rm7xw6AuRGacx1eaYYZ7two58ErGXVaE7YII5i12MQJdVgrRzO5C3pevJ5sgZqTw7SHEpjBMt0ir\/bXVwZTXBLC80W1+B4xYNet6S1l6UNY1h\/R9r2aJxLUx\/2A\/NOfaT3eJd6PJvR0MxGy8j3+2oXwNbrbS+pfhdG7ApeqG3e9gOI4noo9Hh15tc0isNNlSgYbMLrb9jP5\/\/dyqHRSqDRNeIjLnvNSHjeit2FIdkPKKy4I1WdK53yf3vLTCCX2ZARWct1lysR5lYFnWwITv4SxQ1nuz5OhTVFGLqmLQ4kOpdU9mA8tv3pJECKlvrdvg\/2cV+Ct4F\/7YGlK4VvxyGrqABJd+0oJsGID5SAW0jQYF0aeGk8PzE9kwCiL1ExwN7pHR+1w73phIUsasJy2ClCbX\/GrLrgt\/HlyGxD6hB7e8kTJ427BLtbwfabxnw6w0xKo9E\/rLRjIY0G\/bIaZCKs7oKuP938ZvQ5tWiwTCGQ2Xken4ZWsbWo2FvMusZE\/+aLGyxKP2l1xk\/treGFiJr8xpwsngK3bIe2RrGjqB\/kTKqOoL8R92oorLJaRwqZSMKJODdegS1P7Whhl6X65CtSQSavktoORXHGiMWUBe\/1U3K9wgq1rPrK3PR0FmCqTNy3bUDLSPpqO0M5S2tuAnVaaNoEesVui5PWa8Q0ktxhJbXv9G8F2DXJ1K+9OL3XehqvhTXd8MWCNNn0\/L6Q64UGBAMOzpQqyf+JtdpRP6p4pNoyJPvUEOD7LcVdld2CGOGBljYtJpvuCWszBdDHlpXVATkcib6OBXA9ha5nJ+xPJpMHPiPfPjk8qV1h7JtIuVf+8f1GHt\/h7QGb1s9+v878TF2PVIeJc\/CJxJD6pSa6lC99\/s23C9oCtl2AhLlKxY\/oS8bYn\/\/+KHv2Tm\/DodT+Ak3h8PhPHfu96HxWiaaypIInJ419G3MHYClJjuJgPTZ4+ltxPimJpSmsxPPGS7PsyHVfKmMDHE4HA7n+RKAeyKA8i0\/wECI4BvzwPjmDzMQQsCN8flyFP1QGnouz7NhAfniI0McDofD4XBeaF6sYIjD4XA4HA4nAj5NxuFwOBwO54WGB0McDofD4XBeaHgwxOFwOBwO54WGB0McDofD4XBeaHgwxOFwOBwO54UmIhgK3z2efop3NcJ6RbnrjwvWOrY7bxh0i35r6I29vnF0H6qU3oi5pQz1p8elV9DLzHrhHu6D9YMqlH0S\/WZV30Q36rdJb0Mte6sdDuUOzDes0TLSLSjY5cjrkR\/rDXZfBL6L9eH3bq1E4wmnYr+qJPM+74XjOHsbKE3jrFuxt0qEjoluqj7oCW7wp8R\/ZxDt8s7dYjqu4CvNRWY9GCTPEd+mLeqpBX232CvZExGpH1GGPrpnKYPKqMhPEHq+HoPy1hnzPoyflneLJ89\/rzssH64TimfkFaPykBX2uyFNBPG7Ffmg9\/UoZImPenklmQ8ld7pRqSxLSsAHz7VB9Bwnef1TjPKntv6eVE4F26rQPhK+S1bgWzfsF6ziLuxdcWxPhO4uvSu+fYaIsCHyifJTUsbivk2R0LI\/ocjdrBs9z1T2ZMptMfyMoFLHhPDD0VwQoa8APBfbUSXWQZJuWi5E+F8sVH1Lyn8sPdHzShm8I+T5om9JPuFWbsehYpOBu5F1R4RuYkL1q5A9Rp2SrOwhYuh2PgDf\/XEMnm1HI7HbKD+MaDuqjjuS2DNQXfbF8Ylwuyje347BsDqNXY9VblODaPxTjLfs3+\/DO83kfKI8Piu7UvMpBf6RFhTE9NMlCv1pfYhpYaC2U7jJjkS+mxR6390jnP2GHZOrnbUD5M5IyPnX5O8+EHqr64Ter2fEI+H7GWHyfJ1Q0\/9AOiZ3nbY0C2ftk8IDz4BQZw17oiA8JOcqOoWvvpMOZ9y9Qp35tDD5vXQsXO8U6mwKCb67J1z6v3uEPSSdOXYqRIw8xWHaVid0XmcHFCb3ns\/usRPJ5H1OuHpsv3D6Osv73APhavseodXBjiPl+X5OeHD9rHDof9UJA152juI+LewxdwpXvSxHsixdch6nhUukXNq+fCDMMb3MTUtlddotHcclUn9Uhi\/bhD2HLwuSlPF0Rs8TOR9KRw\/6a4S685PCDHv+zNeknKp7SelL3LSG7qXMeC4JneY9RMeKUvp+UjhNzynyIaZj\/li4GV2YYaiXV3L5CPL9PaH3cJvQVq38DtFzE3mO7Svh3ndfxSh\/mtYuofNvrHxnIsrg+mlh\/\/tnhUtfPxDufREhbwT3zrcKbcdqEt4jESNfkX4aWcYy5Pxrsr\/R\/L7bLFzyMEVHpfE0ZCfSPxM\/U6ljFMw5SZkfaw3T1\/R\/EXnarwoP\/sFOzE1LMp6ZZCfioOpbMfLPoOfl71KZ9p+6KflWDP9MaJPUp0jeg+UapZt4ROt9zntVaDO3CpfZV5ORXUls3TaT8hgQvvLMCF9F1BHEgYRL\/64o1yjbiIe67IvhE3N\/I+VA7UJWrfiMNuEr+ZiktevdAeEeO56m5dYUKvsHtkPCof9SyECfV90sXGZtXVyeiV2p+ZSCf5B8t7cJrTH9dGmiPk220oDX89Mw4U4h\/vOTe8sOoHQD2ztlmRaGnBxx910JIyo6G1Ceb0BajF2PfddGkfa2GZlsPyTt+lKYc51w3pWOo1iph6mqQ9zXafBbdm4xoHLnm5B23Z189PvoEuyrqlGxUd43Jg3Z20vgdcXZUXyZBmkby9H0n1kYPjfOonDSm\/rMhZIWC7LXsPe6UlnKiM5IL8Ip9gZIr3e+BBWb06Bh+8RodAaU7iuE05GoFxwDKgPdvZ3kM\/m95\/1EJyU4UGaAVt6nZsNryNFMxdWVNt0Ey5\/NCHwyGNxh3D\/aA1dJEyyKfGg3lKLhTQ\/6rii6PcmwkPJS4L14Dr5\/KcH6sFfp6mA6dBiWLZnQr3yJnVPw6CpG1x6AeRMrby0pg8pcOMfc0vHGCnS8Vw7ThjSsYPmLCek1nvuuECW\/XOB7fBfip7dscOVXw5TOnknSKN2WiYmvWRrPSvan4meJ65ggs+PoGiH3mlg6DO83QMmb2aHvanTE\/ywo\/NIRGplKhgX5lg+XhnSo\/p1R8i0xje0omXKxNFRs0jcJ169KQ+VKdfNGIbzu5CWQ0azJRmHuONz32YlUiKNbuq\/X4X1FyEzXIlp6D9yzhSiSy5XaxtbteHUBPr0g2VV8Yno2HdW7iV3IqiXPMG0K7dzu\/tKNkqoi6Nl13WYzyucdGGdVWVqBBVlX2mBno2GeC+1wba1Ocu8\/BU\/DrpJuuwIYPzUK45um4P5pPwbUg6HHblwaXYHCrCR33aRojSjNUWzDFvDBNTQBw2+S2GmW4CW6Xy9bE0O\/4RfwTSca6NUg22TA2ET4MP8TQXf\/HXZgRXC34iTQvIrSgojX5j\/2QadX2ZYu\/TXkfzuGm+JQqQcuXw4y14hXFGhJpWYk6dG\/05C+bBSX5d3QZdJL0bE7xTdsizsl2zBRKO80nAxaGLfmhjbbo0PfNwYxsUFlB+7lpPLYMIZxNu3pIZVMzqZo3Wg3lcO4bIYdJclCykvmkR1nfIWoeGUFO5EkU6SmNawL34rgZQN+8XA67vByND7Yz\/hQuNOIFJ8eYgF+Glidiwo5iGP4fdPQ\/ywV7S2C7M\/Sz8IIwPX5MAy7TVHPTSNJj46GdtqW0KO005yCjxAW5FsavPqGiW2CyiA68unSk9vccvWvYfI7wnYpd54njVd2cvWvErp7ve06aXTZ7vXJE1+3iTEg13gLl8N2YO\/HdF70ptdqLER2NZ9IyymFUXE5cNcOm5\/U1eJlH+7dJb4ftgEyCeZ+FcC0HMktS0PRviw4Ouzwko5tu2c7apPekFbB07CrJH0qcKsHwz83w5TMrvNLiBjBUA+qlHOTW1swVWxJPXKlyPOcBXvQpzOTiDM8wEkFzT9p4PWpjBSsSQf+nmr\/IZywHYTzi9HysASWnBSMdaUeRnk0hzLvxWC\/H4V5aq6sw7qXPSSP5M9H9+AhScTo80G7sRS5orPpUHTIAs0Xdajc1Yj2C3a45covCcJ2I84vwJsD6Tiosrt9bNhcPUljT78OZtIoqpUybWjuiz0jWnmQu2ONOqyMCKjj8MTlJeKH44wb+dvUZU8KzQpopqZJqsnhH+mGO58Efyk9\/Mn9VLPGCL3y\/lkXuq9loOQVdpwEC5P9efqZgjs9sOl2xqzUdVuaYFluQ93vK9F4vA\/2214EVNetSDy5b2mhfyUtzBa9Q\/3wF7+eZECgg6kqF+73d0gyFDRiNOMgzK8kUUgRO+AX7OhHek1ol\/KkSaDbxGhg\/N1OrPqihulvF9pmy9FQkETOF0H25HwitGav4JgHhbuLkJbgGSuWBzDFRo5E1hTBkuXA3rfuY\/u+5Pd0e+p2lYxPzbvR84UOO\/NT8LMlQoxgqBwdIyMYkT9Dh5FxpRHWG8k3tEE2WlgaH6N81oqWoScLVJ4F5X9W5H14CId\/NYrGk64UevlKSO\/oVDumCs3ITDRUv1CW61FU04FTH1ejZO0cHCerUPanPniUC+LikF3XG8on+QxUAtbmwSQWKkZihIXp6uPtAVg\/iLFA8CmyGOUVGOvCxOanVEZqzDrRdT0L5oxkq0SZRfRTCq34PuyDoTJxxR7GgmX\/AfjZvAd957XYviVewK2BfssBdPzlJKrf0GPuyy5U7WhEX6wfAESweL4lEbjRhXZvYfJ6povZD9mQdvCsJMNQE3ImjiZnG1kH0auQfeSCGTjZiEHlD1jUUNVtIkjH5MOj8Pz2uPT84dOoXt6DlotJjPgvhuxK4voE6YgekZ4xVG+E\/YMuuFI0XDratGr1NKaVQZIKz9auYvuU50I\/tG+mUEcsIdSnyei84e4STPc7k+7pRkHn27eWIG346oIbysA\/AkjTqfQc6ZRFSkP8KohzqmaUPJLX6aQCMaYT9XD8cxPMSY2I0VESPckj+XP1OuiJc81JF8Lw3+iDI3JdFNGvflMRzIdO4nTxFFovpL42gK7TqTDYYI+3LksNoisdSaNktR1XY\/1KSwGdBk0Xe4x0NIxkNJYzP3ahbzTFKc+FlBdd13AlA+as1Bv0uARmEFizivTD1KBz72PIqFyEHb+fxE9ppd9sBfY2wBQ1NRuPRZT9mfqZBF0f5n+jNHzKIBbUrtMzUbS7ASf\/UoKpY6SzwS4ly5P4VoD+AurLbDTtTn7UMnDNBk+xJXzNUNVO4DNH6vUvXTOz0wDbMFsDlwRJ6zYW9y\/B9jNLaN2KuFbSgqwRW2prtSgLkD1Ikj6hWZuN7XkuOG6zEzGYmdVgjXK06U432r4z4+R\/5GL0o4UHM0\/PruL4FF0bOFuC0h\/bDvcM9WAoBnQh9HRkAT72wrvZIM093iKR\/PDCxwfSfk7s5ZvwUNtzexK6VYmqgwCcdjeyMhbSG0ke1byLBOD+tBXOrCZYkq2g71\/G8NosvCpWIHoYdaMYjwoq\/HCeJ1UCdSxizO8MRAcLWn06Vny34LA1yEvLQosCg8xPw+c1YJ0YyLjQs5BRoFkn7Lezguuh9L\/UYXQiOhX\/tR645he8CiWIWj58o+fQc6FR+imp+CnD0TFpCir2T4UjWGsAvp4kJa7grhuTP12l3nj5HDh3tg+N4s9cpU\/ZEac0hfSkP1kljbj30TQ7COF\/6EX2zxU+Qip9x\/EzpNJvQlHSgRDhacpOeGp+JuKCrWMQXXtCsue91cOmIehP912w1oQW+QfRrkP6P\/kW3imUIT7ufRidyvQjLwz6UGcucLsbrX\/LQtPe1KZvA7MzWLE8xjfmY3WvUkRVdjXdqhAgaceSPZDi0EssntgnfHB82E3qJXYYBencbbiJybAF2364r2uwSi5WOmrX7od5dyY0q02ozRtFezKjXsmwKHYV36dctnYMntwbKte8KvSwqclkXqnxQ0c9GKKL7z7pBnIyWU\/XiNzf2tHS4YRXts\/HbvQdaYNGXgC53oAVn3VhMGwR3Dm4Nye3CE6XVYiZk1Y4WTDgv9OHLkc2sl+WjqN47IG9owpdy80oClu8FodZf3Lz\/+IitS50IxeZYuaTyDvBO9AO+\/r9MGeojw2Iz7jRg8Z\/G0P+duIg4km6UNqA\/neJDuR1QFSHvS3oSS9FNk12Qy6M\/S3ouqZYy0BkGfykH9pfskVwpGJJdp2D\/zbR8V9lHeuQXaBB25E+uOVAgtpBRwvsv5UX7Blg0Pag62JokSlN49wdEujEWSfgv2+H9a0uaOgcOzun3VwKw\/k68R05sqw0nZbP9CjdzPS34PJSz4eu4HDY0PPISC8OZklTUIe3JGGtumwU+ruI\/Kz59xN7OOVAdlYSc\/k6Ew6HPXsEvXXZ0hTSkSLRngL+JBuBSD8l9mGyt6A9Uq8faUKLrIlNjZ86g+k3DiTnN0oWU\/Zn4WdhGGG+GC77yJ\/L2TSEhVw1IHdjP1o+GYdXnnKm\/nexC\/1aI+mqEBbsW0R1pH7TfNSCvmD9SPPfjha7KbTY99tBtNsN2F9JyjPFERZtRq5Uf8p1B7GN8VNdofqXPM+fxFS6CNX7JyF7VpddTbcqvJwNo82qSJ\/q\/Qz6X86SfpjxBLI\/uU\/oYDBMoPMUsQtZtVNOnOvXI4uVmzE3G7YTpL5h4vuIXfcsk+2aTj21wb87NPWkK6iFiegvOJX3nO0qkU8Zdw+Fl+tIB8rZ1KRlI7khBdl\/iPyE\/r6e\/U2gC8Noz5gdEjSrjSjaXQvLFn0oiiQG4xpoQ+cZB1yPAtCm56Jon0X8eXSQR+Po\/qgdPaMe+FfqkUuMq\/p3xBkjC+DRIOrPr8PhfeFu4qejS\/\/eJQZEuo1FqP7jAeTKUTpdmE16GzLi8yvNMOcrZAxC89SDdUdCjkiHAO+9cRhFEY02fTkV7d0GWa6DscCM2n1F0Mvzpqp5pwuKScTMjkJk4+Dn9JkROqbPyCmHeV85+0VCCPrSxa5jpGKgLw5baYRp935UF7OfRYo3kOCHVHrnRsbhIY19pB5ofnp+dlgyVCUR+qPBl57IcKCmIkwG7xUrrCcG4bjvF+0gd2fE8+lLFz9tQ\/t5B3l+dBr0pYtVZ6W\/pWcUoYJUBKaXI0pJzEcbrPSlduQ+qvP9b4d+tfFE5UVQzUcY0fYSgpRt3T2Us8Y+iJ+Okh1CFw2IqL9UNeBAnsIXGHHLQ0H4PXGel6yfErn6PupE96gLvllJ\/xZiq9lyJU99b9tRKDTIoMFgeP4XT3bpvqfvZ+yQEqeOCYNOG\/y9PBQA00Z4iAS5n13COLEburg0d0sFzJUmUca4+kjSt\/Ctk9ikFYO0fhTrgIoIm1f6TggaVIQH6bH1TF+6aD1GOqQ3fAhE1r9x9RGtU6r38ppqVGQoUleRPYpI3SqI6dv0pYvHWdsRaRtPKvuT+gSzi7ZPBoldSm2T+R0LihR1mneYBCAf9cEl1okVaHivHAYiO52aqnFk4XiV3OllPLKj\/vgcDjQX4aWh52lX3uR9SiTc9pKpI37IRARDLwIBOI9bgaoDyI5ok39seHobMb6paYnP8b445RVFwIn2DsBSswjrcp41S1n2JFjSvnW\/D43XMtFUFvEz6qXAUpY9CZayXS319mZBa4aWND4nPMbtP\/6GNeDG+Hw5ipb6YrcXpbxi4BvzwPjm0gwmlrLsqixp3wrAPRFA+ZalGEwsZdmTYCnb1Y+gvXkBR4Y4HA6Hw+FwQrx4I0McDofD4XA4CngwxOFwOBwO54WGB0McDofD4XBeaHgwxOFwOBwO54WGB0McDofD4XBeaHgwxOFwOBwO54UmIhiib7ZV7ClDPsW7GsWtEkLQt07G2nuIvgFUsfeMuL9LlbTn09ZKNJ51I+zl\/LNu9LxXhgJyvWBbFdpH4u3P4oejuSBin6gAPBfbUbWtQJSRfr+Fvr1Y7VXg9C2eLF\/iZ0sZqj7og4u9vVzKf6z9c+j5egzG2oCU7jWzK2JvFrW8K\/CPtKAgqb2cqH4VsucVoOytFunt1Az6BtBYe8TQ80r9BW73oF7UHU2jHQ7lrs70rdKnG1Ep7jlFrr\/XjXGlcCnkjcPhcDicpUCMkSFpXyZ5\/5GBP1dgzUAjelLaGTcA50ct8JiOYICm8\/lhFD5sRfuovGeKB33NPVi17yyGyPWhj6uRPhT7GYGxLkxoX2dHEj5yb4s7Cw2npb1Shj5tRvl8N2pIw6yGtEcOy9\/AWTTk3Udbh2PBmy96LvTDl5HJjigqeVcy60TX9RUIz10C2D4wkvxDOPtHE+4fs8KRivD0Da7nVsHyKdXdEE7\/azpsDT3Bnbi9Ay04p61AR6\/0jNOVWpxr7mObVqaQNw6Hw+Fwlgjq02QrDXg9Pw0TbvWxiyCPLsG+qhoVG9mGKJo0ZG8vgdfFmtxbNrjyq2FKZ++nJc8o3ZaJia8jnjE7jq4RIypM4ZveeL8BSt7MRpq8j5FGB0OZBYVfOmKM6iRgmQZpmwuRe90dDAZSYmoQ574rRMkvFe\/ZVct7kADGT43C+KYJ8bb0UUOzJhuFueNwh+2SnBiXzQXT2ybomcjaDaXYnjGBm+Kolx8+lOBAmSG4b5d2w2vI0UxJI1dJ543D4XA4nKWDejD02I1LoytCu\/omg+ZVlBZEvDL9sQ86vbTJYmB1Lio2hYcAft809D9TPiMA1+fDMOw2RW30mEaSHh0N7ZYuoUdpp1l9V2Ql4q6+NkwUyjuxp4IP9jM+FO40YgU7I6KSd5nArR4M\/9wMU9Tmd8lDd0y2XSfBnLwjsSoB6HIrkL2SHYqQAMinxzpRyVoYt+YGd5Sn+vHdGMTEhlxpx+gk88bhcDgczlIiRjDUgyrl2pStLZgqtiA3rAFVYaUexjWK0ZJ5Lwb7\/SjMk8IazRoj9Mr0Zl3ovpaBklfYMeVOD2y6nTGDBd2WJliW21D3+0o0Hu+D\/bYXAbX1QgznkbJQ3vIL8OZAOg7uEJv6lPCPdMOdXw5j5OZLKnkXmXej5wsdduZHhnkqjB1FmaJsCnb0I72mAoaYu6\/HQoO0V\/RhI1GBG92YyCiBMSwNtj6J6GdPvw5mEvCJOUombxwOh8PhLDFU1wyNDB1GxpVGWG8sdJlsAK5T7ZgqNCNTntZSQhvUD\/tgqCxCmtwg0zVF57XYviXeiIMG+i0H0PGXk6h+Q4+5L7tQtaMRfXfVZQxbM0Q+A5WAtXkQ3iSDKRFxrU8WzBmRkVAksfNO1xlp31TkN1nC1gyRzwUzcLIRg8oF0KkwNYjWfgN2RunZCAtNf3gIH28PwPqBPcYCb5Vy5XA4HA5niaA+TUbXhewuwXS\/cwGLjEmDeaIejn9ugnljjMCBBkLNVmBvA0xr2DmC9+I5+N8ohV4tWFimgS49E0W7G3DyLyWYOtaX8tofumamwmCDPekF4nStzxgyKtV25I6Td7rOaLYEpYuxuy9da7XTANuw+sLxKIgcjScA83um+EEZ1S\/RT8lqO66G\/ZJOpVw5HA6Hw1lCqAdDMdB4fZiOHEl57IV3syG03oQ0mO5PW+HMaoIlTiDkOH6GBEJNKFIEQnSKxtYxiK49oemgvLd62PQW\/dm7C9aaQfbrJgXadUj\/J9+CfxUm89Iyko\/H7EBmfho+rwHr6JSdz4FzZ\/vQKP70XPqUHXGi5y3yd\/An8vHz7rK1Y\/Dk3lDe8qrQw6a\/Yv0sPiVIUON9GK2B6UdeGPSKqawpB44S1VsORY5OudATcxRIiUq5cjgcDoez1BDCmBYGajuFm+xIZO6BcLV9j9D81xl2QhAmz+wSdrVfFR7MsRPfTQq97xaF3fPgi1ah0znNjiL4fkb4qqtV6P1GTkCF651CnU1Oa0642bVH2N\/1lfDgH+wUSW\/S1irsabosiBLMzQhz34tXwglLR2Lm616hznxamGT3z\/y1WSh6t1eY\/E46lvJP8ntmkp2IZtpWJ3ReZweEhHmP4qbQWTtANM+IJ3vkfRRR73uE0275+LLQ\/D\/rhN6vWTl8Pyc8+LJN2FURyp8w85Xw8dFe4Z6suzDmhK9IWbfaJoUZWR9UP9W9wgPpMMW8cTgcDofzw+cn9D8sLiLQlwuW4egYOyRoVhtRtLsWli360LTQvB+ugTZ0nnHA9SgAbXouivZZYNksjwvRBbhV6GFHIbJx8PPDKMIg6rcdhZOdDUHXK1mif9l1w4r6v5fj8BY2ukGe7x7qgvWzSxi\/7xcX9uZuqYC50gT9cuklgz0\/OwzLRun2IPSli28ppdJCn1OOAzUVyFQMnHivWGE9MQgHSZvmP3fnflQXG4M\/N48k\/HkqeY9aEE7ur7uH8iNF4q\/m4soeI12q9\/KaalRkKIT\/1klkt2Jw1AP\/ch2MORXY\/3YpjGzVNE2fjmRFsaMDI\/uI5ulLFz9tQ\/t5BzyPI\/WTat44HA6Hw\/nhExEM\/Tjw9DZifFPT4qzLecYsZdk5HA6Hw1mKLGjN0A+agBvj8+UoWorBxFKWncPhcDicJcqPcmSIw+FwOBwOJzmA\/w+Onbegyy5hZQAAAABJRU5ErkJggg==\" alt=\"\"><\/p>","protected":false},"excerpt":{"rendered":"<p>Tegund:&nbsp;BU4<\/p>","protected":false},"featured_media":63939,"comment_status":"closed","ping_status":"closed","template":"","meta":[],"product_brand":[],"product_cat":[515,592,739],"product_tag":[],"class_list":{"0":"post-56392","1":"product","2":"type-product","3":"status-publish","4":"has-post-thumbnail","6":"product_cat-verkfaeralausnir","7":"product_cat-rafmagnsverkfaeri","8":"product_cat-aukahlutir-med-rafmagnsverkfaerum-fagmenn","10":"first","11":"instock","12":"taxable","13":"shipping-taxable","14":"purchasable","15":"product-type-simple"},"_links":{"self":[{"href":"https:\/\/vv.webdev.is\/en\/wp-json\/wp\/v2\/product\/56392","targetHints":{"allow":["GET"]}}],"collection":[{"href":"https:\/\/vv.webdev.is\/en\/wp-json\/wp\/v2\/product"}],"about":[{"href":"https:\/\/vv.webdev.is\/en\/wp-json\/wp\/v2\/types\/product"}],"replies":[{"embeddable":true,"href":"https:\/\/vv.webdev.is\/en\/wp-json\/wp\/v2\/comments?post=56392"}],"wp:featuredmedia":[{"embeddable":true,"href":"https:\/\/vv.webdev.is\/en\/wp-json\/wp\/v2\/media\/63939"}],"wp:attachment":[{"href":"https:\/\/vv.webdev.is\/en\/wp-json\/wp\/v2\/media?parent=56392"}],"wp:term":[{"taxonomy":"product_brand","embeddable":true,"href":"https:\/\/vv.webdev.is\/en\/wp-json\/wp\/v2\/product_brand?post=56392"},{"taxonomy":"product_cat","embeddable":true,"href":"https:\/\/vv.webdev.is\/en\/wp-json\/wp\/v2\/product_cat?post=56392"},{"taxonomy":"product_tag","embeddable":true,"href":"https:\/\/vv.webdev.is\/en\/wp-json\/wp\/v2\/product_tag?post=56392"}],"curies":[{"name":"wp","href":"https:\/\/api.w.org\/{rel}","templated":true}]}}