{"id":56395,"date":"2023-12-26T18:46:17","date_gmt":"2023-12-26T18:46:17","guid":{"rendered":"https:\/\/vv.webdev.is\/?post_type=product&#038;p=56395"},"modified":"2025-02-10T09:00:57","modified_gmt":"2025-02-10T09:00:57","slug":"starrett-tre-stingsagarblod-5-stk","status":"publish","type":"product","link":"https:\/\/vv.webdev.is\/en\/verkfaeralausnir\/rafmagnsverkfaeri\/aukahlutir-med-rafmagnsverkfaerum-fagmenn\/product\/starrett-tre-stingsagarblod-5-stk\/","title":{"rendered":"STARRETT Tr\u00e9 Stingsagarbl\u00f6\u00f0 5 stk"},"content":{"rendered":"<p>Passar \u00ed n\u00e1nast allar jigsaw v\u00e9lar. <\/p>\n<p>Einstaklega sterkar tennur, \u00e1samt m\u00f6rgum skur\u00f0br\u00fanum og klofnum sp\u00f3naforskotum, sem tryggir a\u00f0 Starrett Jigsaw Blades endast 25% lengur en v\u00f6rur \u00ed beinni samkeppni.<\/p>\n<p><\/p>\n<p><img decoding=\"async\" src=\"data:image\/png;base64,iVBORw0KGgoAAAANSUhEUgAAAXMAAABhCAYAAAAk00G2AAAAAXNSR0IArs4c6QAAAARnQU1BAACxjwv8YQUAAAAJcEhZcwAADsMAAA7DAcdvqGQAACwNSURBVHhe7Z0PTFtHvu+\/+3Llqk9GXTnKCisr3FZxUtVpJBASbHZDkXDYDXA3wN4AVUvQixO9ONxukr4mpHuB3SVuH4G+BroX3PtS+pTQqpCohqhAdMFoU7hNQE1sKcVRgqMGozRGibC2wmqEVXTezDlz7GNjG0OgSeh8JAuP5\/yZmTPzmz9n+H1\/JhDA4XA4nCea\/8b+cjgcDucJhhtzDofDWQVwY87hcDirAG7MORwOZxXAjTmHw+GsArgx53A4nFXAE2fMfReOwfo1+z5Yi4IzLimwnPjsqN3ZjhW4MieS+7049sGjKGkX2nfWwu5jQQ7nCWfljPm3Xagsa4d7joVXAE1OHXp2G1joIYg0KBoj6s6XYxmurMCH3qpsZGfH+FT1kiN+XPwXLWgeDbAQY7IL++alxY+h480YiTj0cUbZ6Uu4YA3LlwHl5+tg1LAgh\/OEs2LG3DPqwuZsD\/qcT5AFWFE0yD9xERcvss\/fSpFZZQuFT+STI35c1C+kwut0s5CEzzWJtbgOx3fsB0pgDM4HBmxUsTCHw3nsiGrMx8bGsG3bNvzsZz8T\/9LwophzY+ibTJTvyYNqdAxh5lwcBY\/A3XEMxTvIiHRHMSznPcFjxBHVJTc6\/1SMXDJizd1lQdftGB3C11Ycu6AYQ\/ocaA+edwztzlCcz9mO2t0F4iiYxnXelK5J75e9qxEjHZUk7hh679NfI0Zxc17YT1YG03vsjAM+ecYh5scB78VmVO6ko+wCvNHhDs9zgnjOkTTfZAGGx8Z+W6DcKP7rnTi2K5ekIRfFf+qE+wGLoESbISVvhOH2ODwsSEfgY9dUKClTw+n0s98Ik2540\/XBzsY7SPIavE87HOHD+PjxD0LPtuBAM3rdivvMIwDPhVC5Vp7shYflaf7Imzy1D+jzk2ZAxSdG0Pk6OY8+R1JPsrMr0TnaiGJyX+k8epw1uJQmnntbUe\/2NmJoikVSItM92vWIloc4nBjQf+eP5De\/+Q39F\/\/gh4YXxbUPhdavZsWv46ebhC9mxK8S93qEqt\/tFVq\/nJbCsxNCz1v5QhM7frqvSthuahUu3xODwqyHHP\/7JuGqFC3Gt16TvgvXWoWqPnadH8aFM6YqweZmN\/vHuGB767Bgu0O+37EJh9\/qESa+l6KEf1wVWk2ha4ppso6xAGVMaD3aI0hXnhG+qNsrNNgnhNkfSPCHGWHs4wPC3o\/HxVjx3HIS\/9m4MCPG3yX52S2ccUvRMVGmXYaks+o0u67IhGA7ekYYp9ddoNwEj02oqR8QJlhw5gYNf0FST3CdEfLfGmD5Cefqv1cJA3LEzBdCAy2H2ctC03uXBbl47n5eE8zPzN+PC3uV97l2RjhgYmmk4bjxs8Ll9\/YKTV\/elcqS5GGgfrfwcljZhxCv1XxZmBbLdVa4+2UTCV8V0xVWDxhj1iqhh9Wb+fHKZ0qZFnqOtpJfJcasZcLu\/0XqnVdK+IyjVdhdx8qP1YEmRdkP1JXFTDeH8yiIOjL\/r\/\/6L\/ZNIjIcnwAcX6lgTJXm5PqcFLhGI0ZfBWaYt7JxnkqH\/P0mjJERvExRpRmZ66TvqpR8mCvGMLrQIOi6Hc5\/PoiiDWop\/IweRa+lYvIbMixcX4T33smH7mkpCs+kISvdC69yKSEW979An8qEgzk6qNaQ8Bo1DK9WI+\/LvtAasrYQpmI91GK8Fvm7MuFyRwxXE2F9JjKcdrjkUfSkA6NbMqGn16XEKTdXnwtZ+43QsaUQ9aYiFKpJGmkyXixHzzvGqMs4Gw1qklYpIwGXE6pUPbn2ZqQGnOx9hx9u51roU+h3H7648BRMf1Tc56VyVP\/zCPqu0GssEO8fgf27Upi2aqWyJHkwVpQgTTo0AnKt\/iSY92dCI5arCtqt5SgNuBUzieUls8KEzGQp4erUQpT4XNK9fCT9czTdobI37nstRro5nEdDVGNORuLsm0RkOC6kwTrXGkMGiBio5CsD8LKgyJqn2BdGykakTXpJ82X8E\/vL0OnT4JmKbxx9dzzQP69lIQYxYge3SQ3Qf70LltelaTJdaqnsEH9emKlJYMtGMNvE0GLzr2cwLXcGzz0bbigj0p84WmwvmMbQdSnkuTIKQwYxrjIxy82Hidt2WMTliNDnjXPA7AIvoMV1c5e0bu52BpBqoDlVIy2DdMq3yde5cbiQis1iAXgxiRexUe4UGVpDJmZ8tMNeIP7BDPwpWnJ1BaSehJetDLnW3AY8GxapgfHNUihKZBnRIYUZcglS1nJwyoOZLaSzZkGRmOnmcB4NUY251WoNGnD6l4YTxT9qR\/vJVxRG5RU0X7Bj5Ft2wKPg2y7UWn3IO9aBfvbCsaWMxS2RwGy8td6lo07PxPTfHXS1GI5RAzI3sIgFKUWL\/DI1+KlHPpvhxISum9+k6+ZuOPypSGMWS23YAN81Mi697YKXjNbDDFkkgQAZv8dBjicdi+qpJ9MEJqm46eY83kQ15ps3b8bw8DBdTxf\/0nBikKnxJT1ODUYYlU+MGB1U7JqYm2VfGJPjcJARW3B0+wP7y\/C4HdAlR1skCKH5pQ7ub8LG\/8SID6Hraz8xSqPQ7zEhbX2oQS40Yg2SnALcGI94oenF+BUt1j7DgsvJM1kwYhhjNx1wZmSFj0Jjlpsa2vVujJNJxOLRI+05J9zDI\/AY0kJGe91mpLjH4Ljhhv4FecajRcqaWxhXvlgleMnz0WromQvEq5OgcnviG\/4g0rUmwgreD9f5IWmWR0bGge+VkQHMRNx32UghndkVV4Lp5nAeDVGN+ZL59gsM6xRrvDLrX8Y2z0hoz3lPG9qJkRXxu9H1QTfSskIdRtdH7XCxJQz\/rS5Yu9OQtdCm7xeNSP28GV232HW\/I9dt6SZWXi0a+pGLQ9IOlLkAvJessPZIh4nQ5Yspb2iHipJ1LyPP34bmQQ8C4vl+uG3N6Pt1HjJXZLCmQtpWFT7+wIXUdB37jRGz3Mg5eanorm7GyBQzcCT\/vedGQktXcTov3Qsq2Ht8MBiUHaYOm3\/pxNlhLQzPsZ9It\/Fy7gza3rfDw27jv9mF5s8zkZdOC2OBeDX5q+lE2yWWqoAXI5+exYgUikC6lvUDkofgc2tDk0eNtTT2eQMc5wfgVT7T8\/Q8BqmDXm\/40pzKOyUdv1jUpP6tSTTdHM6jYVmNuXvQDsPWaCuaGvwq3RXac15QBIPTIm2x21UFV0YdTC+FLGNRIWmoJ6T17eK3XMj4qwniUm481uhR3lAC\/0e72dayNvh3VaNoPYl7yYRqbR\/2FpD7FZSh+VYGDlWSge0d6VRoMlG4rhNlObloY+vVIdTI+lMdUq81oEw8fzfa\/CU4UbYyK7cUVWoG9N8bkCa+dFQQr9w2lKPlWDL6jhaLy1sFb\/UB6Wmk5AnX21FQYw8Z9gjUhlTgHynz7qffshYOtQEbFZ2zOrsadeRZNrwqbT3cfdqPkobyYAceP550OvuOIrlnr\/SMXm2GO70Q+eKZ81FnH0W1fhQ1xSS\/OcWwjG5A9b40aa16Qymqtwyjkj1Ty2gqSnaJp4loMgqhPVuG7B1tbPuhAcY\/uFCVk41j\/bFKIhakDrwZSncBqVvedNKZs1gO53Hgx1caovulP3sW9fujD7Xp\/uHOX9bD\/BL74afIzXYcu2FE\/U7FC90Fyo3zIzPZhUr7RrTs4c+D83iwvMssnIdnzove005kpEfszOE8QgJw2dpDS1jiElcfMhdc++Nwfjy4MX+coP+pWFAJZ\/YRaXmI85iggiHbAHfLPhTQ5aH\/0YTJ3DqUJ7zTiMNZebigM4fD4awC+Micw+FwVgHcmHM4HM4qgBtzDofDWQVwY87hcDirgEdgzCMVXxZDuA\/qZeExlYiTfHOzAIfDiQtvL8tuzOdLoxXsroX1UoTPlMeJh5CIc30QntfsnRWoVQpX\/NiIIgyK9OwoRuU7XXAFnYrE6gzp74rGMOeD40wtKkQvjNEFKMRjOiySCEVCnXMCdSNSbESG5iuGEASVvsuNcn\/\/LTusNRXiVsJIEYtoiCIlirSJz\/KDEcW\/\/8cahJDfsxVlSgVS2H3nCZkQArd70Sx776T3SEjIhN5DkTb6TF63oOt6yFtMNLEOCv09VKZM7EMUDiHlT0U2lMIvcwH4Jh3o7WhGLXk284zjAw96T1ZKeQtL+\/xnG\/ZZ8uBtGViwTSRadggToKmoiRB\/CfjgudKLzpOk3fxlgfzeakeFss5QlPVGvL518c4J6dbE5SPc4b+IKBKxV+j4hoXniQQshijXf4SMWSPSMjstjH9WFRKueAiUQgsJEyl4IQs6yCIVMcuP\/h66393uw0KVLLZBoEIXVYdswl0pSPI5JpwxHxY+\/HJCmJYVLBYkgboRTbCDQn6PKgTx\/WWhqblJaIioT9P2GuFAvU0Yu5Nw4uaLWfwwIz3LTyfYD7HqLfn9ZTlfdwXboSrBdoMJpLBrHO5mJUcFVMzHhQEPS9fsXeFy816hYYgdH5P59571krybGoLCL9HEOij0d7lMZ7+i4h6Xhbvy7cVrKIRf\/vO4UGXtEa56ZoSr8+rfLKmTu4Wqz2WRlmkx7cf\/HiXtsZ7jChKzvSzYJhIsu5Em4cDpMSZAM79dDdSRa\/RdFSao8E08+\/bDhGCrbxKaDinaAmlPH1JhnRvTUtnSn+7QZ3Nc+OIfUjgRoo7MH1o2TskzemzP0cIZQ6whlpybRCAkk7azEs0XxsM91zE5N2mkQOIvKkZ5ylFElBFSCOWIS\/ruuRmSX9v37lDizplUGuiLTcj6zyGp1503wo3ozcNGOjR\/4TJwIQJkFvAGrLKUW6LpEQUd8pB1bTGCDn5SFoU4KIttENSbXsY21VRwtOG90AkcfA+mrTpoFvKZE48F6kZ8AnCcHobhFWO4e96AA51XsnD8zSIYFF4yF80aNfQ5RmhJ2SWcOj85svggijaxFNFrkPajkh1++cbh2lIEYwpLl0qLzD\/kwetevNyGKjkTeVkOuBfhKXP6QQoO7cmEVr49uYZRIdKiya1G\/f58pKWoqTf3cKgU5E1SLwpkkRYNMitKERh2LM2bJKv7YtsWJQEV7SwBKcZgHGvbCbfRJbUJHwb6NTj0qoEJ0NBrlKBwiomXQANjTT3MO9Kge2ZeyYXhvXAWvn8uxAZl1fxuAu70clJvNFLZElTrM2Hel4S+0cTbRlRjbjabg+pC9C8NL5nv3BgYTkJeRhQXtt92wXJOA9N\/9Iiucvs\/LIGv0QoHe2qBUSsa7hWi5fxFXLSdRKFqmGROiqONeaSlEV7jCfRQN7vnqpFxrRHtt6RYt60Bt9KPS3E9Z2B6+iyaLiZQ7Txn0WzX4eAn\/bg4aINZ3Ya24cVUVxXUrC17eyw4qzHhlI26Au7HmWIfGk5RX+UUP4beteBWBksjTb\/bAquo2KOEdGifkE5OdwTmVHphH+zHozkEi4LoTbAPzrysRSwjqWHYmYWgMwE69f66F85NsjteD0a+MUD\/jVKbcxEdnpJ4dWMBAtc7Mfi8CcYIf+0B5zCQrkFvDdPynDdASBDqHXNwCEm5mZKzskRQG1C0TeGGgUy9Xf1O6H\/NnLKt+xWM\/qGQWwDqffEz0iFlLt5pW2BqBH3XiFHaxH5IAO020sEper7AbTv6\/NuQlkgGfRPwbNoYqhcU0hmnzk1jmgUTh3TEpyyY3HYcHT2k7pN2dlTfh8YexWDskhUf+\/JwgradwVPIuWZBJ2vb1C9OYz\/pmM6QuAs2VKe60KX0ghqPJbUJFTb\/wQgdM7QipH74NCnh5bEQ9+1inspfTGI\/MJ55FjqXHSMRy1qqjIOoz028bUQ15g8nG9eJSjrSlD87LZgqMCMrmu\/vuHJufoz0T6O0go0kSG+oy3kNJak0jnB\/APafm1H+EquddJRTkgPXkLQSFZgFkrWsIOgIqbgOR7cqanJMMmHaJ99TjbRC0sHcSLAPF93jWtFNpd5IULvzPdTLIxmCOj0Lad96pZEMlaN7RikDR9L\/Chnp3A6\/l\/eCBe2aI6jbIVcbMgr4Sz9ML7JgBCMnJK+J4icnF6\/0pODIkjw8snVaco293aTDfc0geSskBmiyvxP2gNzQOnBI1yeuny7MIupGPMgosfNzDV7LmV\/Rvd+Oo\/ezUej\/KAmR9LcWYqqxAUMJSASKAtBy2nIKYCEDCfO2ROpMBPI6be5edJHOvDzoEZQ8u8osuN8uY\/G1GE49Qp6lcpgWAyZGLacvt6wbKYdD3ioTJ7S+nfueB3l78qFd9DVkkqB6MLWEkbkKaX88BTPpdKVRPmnbGYoZDCWOFKN72I7UiiLoWb2h0oSmAul7NB6+Taihe1Er1X+Gt78b\/oLtiXf0dPD2sRs5u1g7UqIywPzXbXCfrEDF6xa0XXDAk0B9jSSqMX8o2bhIxZv+eqReqoX16+ijo9hyblRsQAdtWENXSnlNwv7RvtBDop+yxqAup6GwHL73ClCw+w1YPuqFi\/R66gg5s6joSG+rLG1SmWI3tQjjVFyJdmIA6vexB0aMu+s8e0koHlNJzmBQOTr9s+HXXmfEkV1yJQtg8rNjqDhrQHlu4v1\/ZpUtVPbk01MBWI\/3LmHkTCoYvcZgPz4sCcD6DnOh+900vLlHcXSn3NBoR2lG3pdsaSkui6sbsfCc74b6lehGyH8vANMxc1DLE+sSn66W\/k2RNpLv+i3DqD3lYjOpRfCSmeXvQ5Q+sMIiu9wlnVB7TR+0RzpYfB22ORsTy3\/GEdjktNHPeRNwqha9Uyw+YTTIPyFdo\/+YAfZ32uBadAaXgTkyK\/lAXoIkn12k7bIokThSjIGZJGgjZmRPRakLMsvXJiQCX7eh2ZsHE9M5ToTAaBucW01Ii2WDNGkof+c0TjeYkKXyoPt4Mfa1MF\/+CRLVmD+MbNw86IhzTyGmu0fm9+Bx5dzI0FqlimNI5z8k8SO7iNWQRtzaA1vrEZTq\/OiqrkTb9eWutZk4ck5x7\/OnUbefjOpZxfL21KJ1Og\/VZ\/rZMS3EnCXKGMaSTOjYP0V66qXvBqLCzuVkCmunep5LgYyaNFQcep0dl+Vp4NNkRMa+SpBw0hLKNl7diMVUL84+KERRpK\/3IGuhimgwqv9OUrvYhiuui5pQeL8LI4sfekrQdyg7C6EdvCx2hIErffCQmUjYmnnla8CnQ1JHuRhEwXI9+pQKXouErsuWZLswdJP9sGhmEHg6OfydRUIE4GghsxJdOU7K7efckYT9w8\/OqalpWDIP0yYCdMfVl5mo2xNlhB2LBw60XUqFKSOBM57WQp9ThIPv2lD3y25yXuKVL6oxX7ps3OKIL+eWhKQ17tjTDU0yAvPk3EIE\/FKMSk0LpxTVlkK4hpZe8RePD45Lepgq0qCVjYtS9o3K0bknwtPvd6FrWDbcacjL1UOTYUb5nQRHbwnw1JrQC68gc9PwefV4VhztuNApj8Kjse5Z6C85QqpRFHr+DGlgLLhkiAH13p+\/Auu\/50UmE+t29TWj95RyRkZmO2wJgm4v0z4PjF4LbwD0fPXTD506cRlgOrJT+I6U51a9tHZ6vROWwdhmOfBgBknR0hEpB7gUyADCe29+w5++74VeR8e4Pgy92w7XYjs1Gfrcr1GtWAXfueFcs1ZUflocbozeLsRrO0j9louDpCvRGp70cy88y6kpvGDZSQRutqPhqwzUyTPvBPENn0Xn+Vq27ZB+itE4Ks3q6dZHcWukkx2sQPu8DtPMjiVCVGO+rNCXPB+1A9sU+pKM+HJuamTuWIvO00rZsHaclV+Art+OQr8FtTY3\/HL8lU70iqNv+nLxcEhija5lXxompZP4CtfDo8Gzz41gWCk19oEVXVKINI6Xkfcdya8y\/qMmTD4d2TRUMJAOT3WaTIflnTCLaJBUtq3t75nIFKXfNMjMVaHpRBfcskGn922xwP5b+YWQHnp1J5kNsHIl0GucvZWBNNHYG2AsHIFFngLSsj1PppBG9oKUPAd\/olqckXVjUxaMdguaL3kliT4CvbflfVXwJalhjzzLkT9ktsOWIKigiWZbIda+bwnJB94fQduna2HMYLXvgT947biI9a0N7chiItcGZP3WLubbK7cvKk14ogkq+SXpBj2SPm1D701FvTt\/Fu6tkuKTOjULM6esYS9AHeS5yvFkBJJY2ij03h8NITNDWpbTZORBRfMdvDdNfzMsdiN7SUpmCXonWk87gumnL1HPduuQkdBLVJL\/X\/fBGmxvPoyc7oQqSrteGC1SVMMYUko8krbhkEILos82wnma1GF2Oq0j7UrJwAUIbxOJlB3h21402\/U4QAZn8i6vRNHk1kfUWRuOZEhLjvU7NNCkG+FpaST1xhd8\/oEpMpr\/vw4Y9IuwWdIOxeWC7iV+WXj55dBn+78cEJr6JoTQjl\/lntlZYfzTKqHod+TY3xUJVaevCmOfVwmtDjGSEBl\/WbDVK\/Zn\/nBXGHjvQNj502yfpjAzJnRU7xbyaToi48JQpifKXuJ7PUJVtD3OhAX3gn8\/LnS8VSRsF8uhSjjjGBP3Wl+V0\/H9hNBD0i+m8ffh5TTv2l6SjroBkodpYeDP24UPXex3JXQ\/Nit36ZMv7K4+I1yN2PR698tWoaY8P\/h8jnez\/bMy5B5XT9cIu38f4xo\/zAhjn7L4yLKNWV6J1A0CeW62t9kzFe\/dKly+w+KiEuWZ3RkQmv5VKvd8c5PQ842i9sV4ZnRPsTJtNF8H3usRJr5nB1BovruPCwf+Zbt4TH55jdD6ZXD3vcS9q8IZud79frdQE1HvZr\/pCaYtMj7Wfmcxj3K62Ife+4wj4sHeuSy0Kur8gbdtwphyGzjd997XxNK\/XSj61\/CyURK1nFh7C+bt0\/HwZyeTyD5z7xdCk1mqg9IzImk\/1CP9L0O0OhRxzbt\/J\/lg9ZM+p4E2co0Y+8yV5RarTSxUdmNW5TVCn\/n5jFIf5xHlfy7EerOX1Xv6bI4LHZHPdwG4P3PO8jLZhdoraagrjhCjfiwIYOSkFag8uEJi3A+Hx1YLR3pdnPcBHE5sVn6ZhfMTIgC3M4DSHY+jISf4RuAxlDyWhhwBNxxzpcjnhpyzRPjInMPhcFYBfGTO4XA4qwBuzDkcDmcVwI05h8PhrAK4MedwOJxVADfmHA6Hswp4BMZc6T98scRSyvlpwqWyOByOzDIb8wSkwX5iPHbScgSPLcLbJPlElWvjcDhPDCswMg93c9rzt3Ik99Sic6le+554Ity+njuJcvVZVCXk\/3tl8N9bG+7tkXyojwgOh\/PkEtWY\/6Rk40SJqpHQfcixlvPh8m3+6yEZuTDpt+C5b4j3SUQ4+NFLy\/ngndQxD4kcDmfVQP8DNJLf\/OY39L9Cgx8aTowYor1\/blAIkyoc0dyxCYffUjgzomKoCoFZKqIaFKD9YVaYsDcIu4PiubPC5ebDwplrzBuOKI5Lwm4pOP7xAaFpiDmqoQ6GzlYJNXal1yEGderzu71C65fs2NkJoeetfKHpK5YIj02oqR8QJliQihvXyEKukedGYZ7os8iEYDN\/KP4uiifLIrmEma9aSZ6vMgdGM8IXdXuFpmDaJAFgOW0hZ0izJL+HhZo+5vRpekCo+Z10\/fncFXr+fEZ4eMlpDofzOBF1ZP6Tk40j6QvJt+mQv9+EsVFpNuLqcyFrvxE65s+DOrYvVPdhRJ5oZJSiXD43EX4MaTmNEXUXTMylbSQ++O640Pknpu5ER\/uDP913GhzOaiGqMY+UiYsMxydijfhJkI1bE6GonbIRaZNeavYwcdsOiyxtxT5vnFOIaCRrF\/Dn\/LhJy5FjP6xH9Ts2Sd3pzCGkDB5bNvELDofzaIhqzLlsnJKIzkn81CM\/4TXnx1xajsqP7S\/E2FeP7oUsh8N5eKIa85+cbFykbNfkOBwpWmjImFu73o1xMkBeGR6BtNzNTjTGkTbjcDhPJlGN+bISKQ2m4LGRjetpCx3rpxJW3UjLoh2YCml5qeiubg5JfX3nRu85kiYp9JA8Amm55zZD3d0eJl029Fk3Nm6Rl244HM6TyAoY8\/A14txXLRjVV+NodpSV5ZdMqNb2YW8BObagDM23MnCokgyM70jRqnQzjv6iOyy+cIcUR4191p9Owehpwm45\/roev9pER\/lqGN88ANVZtqWvYDfa\/CWoLoixrlxQBIPTIm1N3FUFV0YdTC+x2cKGcrQcS0bf0WIxPwVv9QHpTLNxGTBUVCP5wl7xnUHuq81wbz2Eg5jEhGiMSR7frMaG0RopH7uksjSnR1l8UhlgejMF7e\/a4btvR20BMewsKgxynPmYAaNvl0nvKcg1nS\/URb8mh8N5YuDiFHSv+GfPol5ea+dwOJwnkJVfZuFwOBzOisONOYfD4awC+DILh8PhrAL4yJzD4XBWAdyYczgcziqAG3MOh8NZBXBjzuFwOKuAJ8KYr7w8mgvtO2thfwz\/y913gTrBYoHlxmdH7c52LsNHiF\/HHlKu8GsrV3LirDjLbMwfT9k4ahCVaRKl2z4YgTf4L+8GlJ+vgzHGv3VS6bfK87Hz4B+sRXaiuqaioMVymM9YBob+nmDnR13lni+P4Sp3+QiVP0nX172wfCL5yPHYmrmGKYezTKzAyPzxlI0r\/VsoTRdtLSj\/RTdqz4X7BY8NMXejdrij+jvxYmDQjUQd0P4U0eyox8W\/HcGRc\/XITwbWfuOFGx54brADOBzOQxPVmK+4bJzfhc6aiphSaN6LzaikPsSZ3FtwBH27k4QjPB9OdoV+i+VcKhIqVpFjhPaam42mF5pGb0ZRjgd9ziheCW\/aMZpRgiwWlPEOsjxkF6Dy5JCYB3GEuqsRIx2V0iiVjUrjS+c9DC5YyYzBczMke7fvXSktElJ88Mk8cAdFK8R0XCRlK88ios0oIpYPYsrrRZCSTkblPeSZGTawX+ZDy0S6FpndHSAj+NuhMolZXv4hWE6OKOqSB13\/szno457isR1D+y0WiOTOEJoPSNctOGANCZBEwqT8RF8+iucbZEq+Di2Hdjjusd8ZiZYTh7MYohpzs9kcVBeif2l4yXznxsBwEvIy2BrGnBvth1oRKGlBDx0lnzsKwzULGi4yr4XEODf2p+DQGRJ3wYbqVBe6ZE+Kz2Uh48ZI2AjZc2UUhgw9aeFxnEtFQr0oDg4hKTczYYdZ2m15wIWhCJ\/sATj+0wNj9kYWlgiMNqNxyogTNpKHQZKHDCcaO9zSCPXcEWSWtZAZAvOJ\/m0XLOc0MP1Hjzhr6P+wBL5GKxzLZc89Z9Fs1+HgJ\/1iWszqNrQNz\/MsT6CeJhswVUCeyyBJxydmrB3txgiLXRDy3Bo+Xwszvc\/FfpypUKH9\/cjyYvxyM2a\/mYH+eRaOhBjl1g4VTP9P8vFuq03FrUZi9Ohzj1de6s1Ive8M1Y9vHbi1xoPRa3Jh+jB2RYe051gwDAes56eR97+l63bsAazVXWTeFQl55qcsmNx2HB090vM9qu9DYw87co50ICf6kHKwQywHW1UaXN1BP5iLKycOZxFENeYrKht33Y6R3x5VyL3pYDxsRtLZATKOAtzDdqRWFEHPjle\/VA5TgfSdmFRkEsNov86C5AzHqAGZm8jXuFJpJFWvK9KUUwDLvUKYt8XXCFIyuyYNeTo7Br5lP1C+G0If8iIk8XwY6NfAXGaAmgpQrFFBu7UEOdeYgHMkcaXzloNMmPbJ0ntqpBUS43cjyvKS34GhuVKYtmolCTv6XPaUkLMTY0F5vZfypc5rHfn7kgb5fyyCVv4tkkAAfo026ONdlZyFg\/+nCDoaiFteGmwm38fZM\/Jdm8QGcyECV9jMLTCOW+tSoWfCIOHoYNqjqHfUY+eWUTimpHAIFdL+eArmdI1UTlTOMGMbVF6W0dtDsKeaULSJ1a1nDCgn15VZsJw4nCUS1ZivpGyc744Hm18Qm2UI1UakaqfE0UlgJgnaiAb+lKLxabPzMP0lM4uTDowyLc2FCFszH+xH\/ZZh1J5yhQs\/EOjLzqDRDy4reEDbqj4nA6ODoWUe70U7dL9Ni1BD8mJysA37chTXyX4FjaOxh9qxpfOWAV2KZMhlSFmGp5cxRfKo183zOZ8YCcjrLQZNFswvDGF3cTH21TSj65IHfpU6qJMar7x0W\/Rwuahl9GPsBjHuL6UhlXRU4lO7RZ536ubo+cdaqCJkBbWkmk5Ge0E7R\/3O16JCzi9dOmNReOBHUnKEv\/l\/Yn+Xu5w4HAVRjfmPJhsXJIAAWzecnSONNnprk3gmE5n37eK0OrjEsljE0bIJhfe7MBKRKMN+hdGPdIu7fjvyvNK96XKRfTQDRjoriCTjCGzyNYIfc\/RZQ1zpvB+XpKfjFfxCPKy8nhIy2t1ZDZutAyf2kVHvtWbsrrFLa\/sLlddzBqy9MgZ\/YAyutbSjJ7MRgw9jk6S+3PDhxReW1l2FCMDRUothXTlOynKAdOmMxeIHMtqOW4GXs5w4nBBRjflKysZRdSG3O2KaH5iA6x\/J4qgw6edeeJRLGfNQIysXGL7mhuNaBrJiv0NbAci9C9UYHPYj4OyDJ2d7lF0sGiQHbmE8wZda8aXz4vPUmijLMXPT8Hn1eHaxxiGZjMpJmcbscKno9YOZsJlM4Hs5tMzyegFSvrQMSKerSUlD\/v73UL3ejstklLxgea3ZCIPKhTGnE6pUqaPXbEnBLScZnbuTsTFZ\/CkKJC8R5e4l1TRlXjm6MXq7EK\/t0EMjJ4GcFyyXJDW8k7G2sa60DCHnp0xUY76sRMrGvWhEal9DSKaNSaXNlGwX10T12UY4T3fBzaL9N7vQfl76LqNKJaO1DitcW9KkdVSZBI2gJEHXhnZkIW2xA7VNRmy40o62C0Be1DV3LbbvnIHlOMkDM7SBKQc6L7AlHWoUp7ySFB4hvnRePDTIzFWh6UToPmJZtlhg\/23W4veOq9OQtaYTbUqJuk\/PhpYPNDoYnN3BdwaBqRFYW+QXe8ssr3e7C4ffscMjW8j7Ixh2aqF9JpHyUmPzlgDaTwdgkGdN69Ow4U43Rp5Ji7Mk50Dz+6Gy9F+xouH2NvxqnvHXIkU1jKFbrIKSfHaR+uuQQsAGI4zONnQp4z9doXLicBSsgDFfQDZujR7lTQpJNyaFFoxfX4QjuZNoepWeX4CqPhWMuyLGv6o0ZDw3A0O6wpQvsJsl7AVoQRksoxtQ\/WaW1MEsCmKs070Y0uUhLcZsWp1djVM5JA97pe1nZe+7oM8wSGu1mkwUrutEWU4u2uiL3AWk8+Ih3qdgCu2vs216pKztuqNoKVvC0hMpiaw3jyK5JyRh5zHkKV6A6lH6b6kYPsTy9PYoUktKWRxhOeX1NpWjeqsLDa+yrYl\/HsWGfzNL5Z1AeWkMKQhoU7E5+Hx02PxzN5LYSD06mTAVqND3llSWZR8B5qr8KOnXIP9wHqbeKwvmU1VRjdKbE2znixZFVXmYVMbnlIZmcCssQ8j56fJk+jOn2xtrxmB8pyjUSDjLD5fU43CeGFZ+mWUF8F5ogzMjkxtyDofDYTxhxtwFK5niVzqNOBJLaZ\/D4XB+gnDZOA6Hw1kFPJHLLBwOh8MJhxtzDofDWQVwY87hcDirAG7MORwOZxXwoxvzlZRBW3l5uei4zhSgdlDxP3xBf9bZKDhggT2ue4J4LORnncPhcCSW35iHOe7PRfHrFnRdj+nx49ETS5+R\/B7ymhgfw+4e1OXI\/8NHDPDJPqQcs4lOlHqaTIt3GcDhcDiLZJmNuQ\/24xbcyqiWHPdf7EfHX0uBjw\/HVndZdXgxiW14OYX9L7lKC02Yv3MOh8NZfqIa86XLxnnhnitEuSxwQFBp9Cjan4eRIcUo9wcvhsjoXZKNeyNMJi1wuxfNsq9qKil3MeSBTlyiccY+N5wAXB+8QY5ns4JEnXBFQ5RMc4Tk7LIL8EaHO+gpL7h0RI\/LrkTnaCOKafrEkX2ENNucF\/Zg+sPzR9Ps7jgmzWpEOb1xrkDD4XASIqoxX7psnBYpa4bxhewxTialCC17Qv49Rlo+xnTeCUk2rjUHzrc7JfGAgAPWt8m49q\/MV\/W5o9jQ34guxZpzzHPDIEbxk2Po1B2BOZWucdAZA3NstVQuWfGxL49JwZ1CzjULOiNnG+vyUX+xBaWyP\/N5Pk0CJP2N8BpZ+s9VI+NaY3DWEhi1ouFeIVrOkzjbSRSqhtE3KsVxOBxOPKIa86XLxmmQX2OG6vMqVOyuRfN5O9yyq08F2j8oZLXW56Mkw4Vx+uJSlYaDH5qRJjuKVunwq20qTCmWtGOeq8B7wYJ2zRHU7ZD\/5V8D41\/6YXqRBZeCthCmYj2TgtMif1cmXEqR6kS4PwD7z80KyTwtMkty4BJnLX6M9E+jtEKWeFNBl\/MaSlLFIzkcDicuUY35Q8nGPa1D\/uEWnP7wEArXz2LoVCWK\/9IFj0KsQffLcIefSlk4fDsCq6zcTz7FJ8IlheOeS0a+k58dQ8VZA8pzl9l3y3PPhrspDUqBLYKpSdg\/2ifmK\/gpa2Tq8QHMPNCJPrtDPEUMPvvK4XA4cYhqzJdFNk6lgS49H6aaUzhTMIWG81FEhCMJOND852GkvHYStsGL4m4QW1WiksKUMYwlmdCxfwptF2KpvTxaMqukXS5hH3E5ZpaUmYrbbg6HsySiGvMly8Z9bcUbPfONqFqXgqR\/JPAq7+YoPIWvIX8TUz4nzM7FesEZjTTk5eqhyTCj\/E5jUEQ6LmtU8N6fZoEQ\/nteZD6\/zKN7TTICN8bJGDwaSUha44YnUgaOw+FwEiCqMV8ym7Jg6Lag7YpX0nCkUFmsj7qhjlTkj0ZyClTDQ2GScdZTQUGuRaCCYY8JqtNtcMnLO7F2s5A0G+0WNF8KpZne1\/K+CnkZy6z\/sn47Cv0W1Nrc8MuyZ1c60Xudmnc1MnesRefpEYUkWjvO8hegHA4nAZbXmKsMMDUdQvJwI\/YVS2vCBa+3YzJdIQsXj3X5OLhjKkwyzlRVCrdnCUsmNC1vpqD9XTsxjnF2s1AZu9ajSLloQRmVIiP3rfx4CoWt1cha9v3hamT96RSMnibslmXPruvxq03S4ooq3Yyjv+gOk0Qr3CFGcTgcTly4P3MOh8NZBSzvyJzD4XA4jwRuzDkcDueJB\/j\/IzLotE4nR84AAAAASUVORK5CYII=\" alt=\"\"><\/p>","protected":false},"excerpt":{"rendered":"<p>Tegund:&nbsp;BU1<\/p>","protected":false},"featured_media":63938,"comment_status":"closed","ping_status":"closed","template":"","meta":[],"product_brand":[],"product_cat":[515,592,739],"product_tag":[],"class_list":{"0":"post-56395","1":"product","2":"type-product","3":"status-publish","4":"has-post-thumbnail","6":"product_cat-verkfaeralausnir","7":"product_cat-rafmagnsverkfaeri","8":"product_cat-aukahlutir-med-rafmagnsverkfaerum-fagmenn","10":"first","11":"instock","12":"taxable","13":"shipping-taxable","14":"purchasable","15":"product-type-simple"},"_links":{"self":[{"href":"https:\/\/vv.webdev.is\/en\/wp-json\/wp\/v2\/product\/56395","targetHints":{"allow":["GET"]}}],"collection":[{"href":"https:\/\/vv.webdev.is\/en\/wp-json\/wp\/v2\/product"}],"about":[{"href":"https:\/\/vv.webdev.is\/en\/wp-json\/wp\/v2\/types\/product"}],"replies":[{"embeddable":true,"href":"https:\/\/vv.webdev.is\/en\/wp-json\/wp\/v2\/comments?post=56395"}],"wp:featuredmedia":[{"embeddable":true,"href":"https:\/\/vv.webdev.is\/en\/wp-json\/wp\/v2\/media\/63938"}],"wp:attachment":[{"href":"https:\/\/vv.webdev.is\/en\/wp-json\/wp\/v2\/media?parent=56395"}],"wp:term":[{"taxonomy":"product_brand","embeddable":true,"href":"https:\/\/vv.webdev.is\/en\/wp-json\/wp\/v2\/product_brand?post=56395"},{"taxonomy":"product_cat","embeddable":true,"href":"https:\/\/vv.webdev.is\/en\/wp-json\/wp\/v2\/product_cat?post=56395"},{"taxonomy":"product_tag","embeddable":true,"href":"https:\/\/vv.webdev.is\/en\/wp-json\/wp\/v2\/product_tag?post=56395"}],"curies":[{"name":"wp","href":"https:\/\/api.w.org\/{rel}","templated":true}]}}