{"id":57332,"date":"2024-01-10T08:33:10","date_gmt":"2024-01-10T08:33:10","guid":{"rendered":"https:\/\/vv.webdev.is\/uncategorized\/product\/eco-sledaarmur-fyrir-ets73-rydfritt-utlit-gs-ob-620-er-eco-5030054059\/"},"modified":"2025-01-30T20:21:59","modified_gmt":"2025-01-30T20:21:59","slug":"eco-sledaarmur-fyrir-ets73-rydfritt-utlit-gs-ob-620-er-eco-5030054059","status":"publish","type":"product","link":"https:\/\/vv.webdev.is\/en\/lykillausnir\/hurdabunadur-lykillausnir\/hurdapumpur\/product\/eco-sledaarmur-fyrir-ets73-rydfritt-utlit-gs-ob-620-er-eco-5030054059\/","title":{"rendered":"ECO Sle\u00f0aarmur fyrir ETS73 Ry\u00f0fr\u00edtt \u00fatlit GS-\u00d6B-620-ER ECO-5030054059"},"content":{"rendered":"","protected":false},"excerpt":{"rendered":"","protected":false},"featured_media":57331,"comment_status":"closed","ping_status":"closed","template":"","meta":[],"product_brand":[],"product_cat":[517,597,665],"product_tag":[],"class_list":{"0":"post-57332","1":"product","2":"type-product","3":"status-publish","4":"has-post-thumbnail","6":"product_cat-lykillausnir","7":"product_cat-hurdabunadur-lykillausnir","8":"product_cat-hurdapumpur","10":"first","11":"instock","12":"taxable","13":"shipping-taxable","14":"purchasable","15":"product-type-simple"},"_links":{"self":[{"href":"https:\/\/vv.webdev.is\/en\/wp-json\/wp\/v2\/product\/57332","targetHints":{"allow":["GET"]}}],"collection":[{"href":"https:\/\/vv.webdev.is\/en\/wp-json\/wp\/v2\/product"}],"about":[{"href":"https:\/\/vv.webdev.is\/en\/wp-json\/wp\/v2\/types\/product"}],"replies":[{"embeddable":true,"href":"https:\/\/vv.webdev.is\/en\/wp-json\/wp\/v2\/comments?post=57332"}],"wp:featuredmedia":[{"embeddable":true,"href":"https:\/\/vv.webdev.is\/en\/wp-json\/wp\/v2\/media\/57331"}],"wp:attachment":[{"href":"https:\/\/vv.webdev.is\/en\/wp-json\/wp\/v2\/media?parent=57332"}],"wp:term":[{"taxonomy":"product_brand","embeddable":true,"href":"https:\/\/vv.webdev.is\/en\/wp-json\/wp\/v2\/product_brand?post=57332"},{"taxonomy":"product_cat","embeddable":true,"href":"https:\/\/vv.webdev.is\/en\/wp-json\/wp\/v2\/product_cat?post=57332"},{"taxonomy":"product_tag","embeddable":true,"href":"https:\/\/vv.webdev.is\/en\/wp-json\/wp\/v2\/product_tag?post=57332"}],"curies":[{"name":"wp","href":"https:\/\/api.w.org\/{rel}","templated":true}]}}