{"id":58421,"date":"2023-04-28T17:49:35","date_gmt":"2023-04-28T17:49:35","guid":{"rendered":"https:\/\/vv.webdev.is\/uncategorized\/product\/eco-sla-fyrir-neydarutgangssla-epn-900iii-rydfr-stal-900mm-neydarutgangssla-din\/"},"modified":"2025-01-30T17:39:23","modified_gmt":"2025-01-30T17:39:23","slug":"eco-sla-fyrir-neydarutgangssla-epn-900iii-rydfr-stal-900mm-neydarutgangssla-din","status":"publish","type":"product","link":"https:\/\/vv.webdev.is\/en\/lykillausnir\/hurdabunadur-lykillausnir\/neydarutgangsslar\/product\/eco-sla-fyrir-neydarutgangssla-epn-900iii-rydfr-stal-900mm-neydarutgangssla-din\/","title":{"rendered":"ECO Sl\u00e1 fyrir ney\u00f0ar\u00fatgangssl\u00e1 EPN 900III Ry\u00f0fr st\u00e1l 900mm NEY\u00d0AR\u00daTGANGSSL\u00c1 DIN"},"content":{"rendered":"","protected":false},"excerpt":{"rendered":"<p>A\u00f0eins millistykki\u00f0<\/p>","protected":false},"featured_media":58420,"comment_status":"closed","ping_status":"closed","template":"","meta":[],"product_brand":[],"product_cat":[517,597,672],"product_tag":[],"class_list":{"0":"post-58421","1":"product","2":"type-product","3":"status-publish","4":"has-post-thumbnail","6":"product_cat-lykillausnir","7":"product_cat-hurdabunadur-lykillausnir","8":"product_cat-neydarutgangsslar","10":"first","11":"instock","12":"taxable","13":"shipping-taxable","14":"purchasable","15":"product-type-simple"},"_links":{"self":[{"href":"https:\/\/vv.webdev.is\/en\/wp-json\/wp\/v2\/product\/58421","targetHints":{"allow":["GET"]}}],"collection":[{"href":"https:\/\/vv.webdev.is\/en\/wp-json\/wp\/v2\/product"}],"about":[{"href":"https:\/\/vv.webdev.is\/en\/wp-json\/wp\/v2\/types\/product"}],"replies":[{"embeddable":true,"href":"https:\/\/vv.webdev.is\/en\/wp-json\/wp\/v2\/comments?post=58421"}],"wp:featuredmedia":[{"embeddable":true,"href":"https:\/\/vv.webdev.is\/en\/wp-json\/wp\/v2\/media\/58420"}],"wp:attachment":[{"href":"https:\/\/vv.webdev.is\/en\/wp-json\/wp\/v2\/media?parent=58421"}],"wp:term":[{"taxonomy":"product_brand","embeddable":true,"href":"https:\/\/vv.webdev.is\/en\/wp-json\/wp\/v2\/product_brand?post=58421"},{"taxonomy":"product_cat","embeddable":true,"href":"https:\/\/vv.webdev.is\/en\/wp-json\/wp\/v2\/product_cat?post=58421"},{"taxonomy":"product_tag","embeddable":true,"href":"https:\/\/vv.webdev.is\/en\/wp-json\/wp\/v2\/product_tag?post=58421"}],"curies":[{"name":"wp","href":"https:\/\/api.w.org\/{rel}","templated":true}]}}