{"id":60157,"date":"2023-04-28T17:46:37","date_gmt":"2023-04-28T17:46:37","guid":{"rendered":"https:\/\/vv.webdev.is\/uncategorized\/product\/ridder-studningshandfang-60cm-a00160110\/"},"modified":"2025-01-30T17:33:15","modified_gmt":"2025-01-30T17:33:15","slug":"ridder-studningshandfang-60cm-a00160110","status":"publish","type":"product","link":"https:\/\/vv.webdev.is\/en\/lykillausnir\/badherbergi-lykillausnir\/studningsvorur\/product\/ridder-studningshandfang-60cm-a00160110\/","title":{"rendered":"RIDDER Stu\u00f0ningshandfang 60cm"},"content":{"rendered":"<p style=\"margin-block: 0px 0.9rem; color: rgb(51, 51, 51); font-family: Comfortaa, sans-serif; font-size: 16px;\">Litur: Svartur<\/p>\n<p style=\"margin-block: 0px 0.9rem; color: rgb(51, 51, 51); font-family: Comfortaa, sans-serif; font-size: 16px;\">Efni: \u00c1l<\/p>\n<p style=\"margin-block: 0px 0.9rem; color: rgb(51, 51, 51); font-family: Comfortaa, sans-serif; font-size: 16px;\">St\u00e6r\u00f0: 60 cm l\u00f6ng<\/p>\n<p style=\"margin-block: 0px 0.9rem; color: rgb(51, 51, 51); font-family: Comfortaa, sans-serif; font-size: 16px;\">\u00deverm\u00e1l handfangs: 3,2 cm<\/p>\n<p style=\"margin-block: 0px 0.9rem; color: rgb(51, 51, 51); font-family: Comfortaa, sans-serif; font-size: 16px;\">H\u00e1marks bur\u00f0argeta: 110 kg<\/p>","protected":false},"excerpt":{"rendered":"<p style=\"margin-block: 0px 0.9rem; color: rgb(51, 51, 51); font-family: Comfortaa, sans-serif; font-size: 16px;\">Tegund: A00160110<\/p>","protected":false},"featured_media":60151,"comment_status":"closed","ping_status":"closed","template":"","meta":[],"product_brand":[],"product_cat":[517,580,628],"product_tag":[],"class_list":{"0":"post-60157","1":"product","2":"type-product","3":"status-publish","4":"has-post-thumbnail","6":"product_cat-lykillausnir","7":"product_cat-badherbergi-lykillausnir","8":"product_cat-studningsvorur","10":"first","11":"instock","12":"taxable","13":"shipping-taxable","14":"purchasable","15":"product-type-simple"},"_links":{"self":[{"href":"https:\/\/vv.webdev.is\/en\/wp-json\/wp\/v2\/product\/60157","targetHints":{"allow":["GET"]}}],"collection":[{"href":"https:\/\/vv.webdev.is\/en\/wp-json\/wp\/v2\/product"}],"about":[{"href":"https:\/\/vv.webdev.is\/en\/wp-json\/wp\/v2\/types\/product"}],"replies":[{"embeddable":true,"href":"https:\/\/vv.webdev.is\/en\/wp-json\/wp\/v2\/comments?post=60157"}],"wp:featuredmedia":[{"embeddable":true,"href":"https:\/\/vv.webdev.is\/en\/wp-json\/wp\/v2\/media\/60151"}],"wp:attachment":[{"href":"https:\/\/vv.webdev.is\/en\/wp-json\/wp\/v2\/media?parent=60157"}],"wp:term":[{"taxonomy":"product_brand","embeddable":true,"href":"https:\/\/vv.webdev.is\/en\/wp-json\/wp\/v2\/product_brand?post=60157"},{"taxonomy":"product_cat","embeddable":true,"href":"https:\/\/vv.webdev.is\/en\/wp-json\/wp\/v2\/product_cat?post=60157"},{"taxonomy":"product_tag","embeddable":true,"href":"https:\/\/vv.webdev.is\/en\/wp-json\/wp\/v2\/product_tag?post=60157"}],"curies":[{"name":"wp","href":"https:\/\/api.w.org\/{rel}","templated":true}]}}