{"id":60970,"date":"2024-05-25T14:42:37","date_gmt":"2024-05-25T14:42:37","guid":{"rendered":"https:\/\/vv.webdev.is\/?post_type=product&#038;p=60970"},"modified":"2025-01-30T20:36:48","modified_gmt":"2025-01-30T20:36:48","slug":"petronas-durance-glass-window-cleaner-glerhreinsir-400-ml","status":"publish","type":"product","link":"https:\/\/vv.webdev.is\/en\/verkfaeralausnir\/efnavorur-verkfaeralausnir\/hreinsiefni-efnavorur-verkfaeralausnir\/product\/petronas-durance-glass-window-cleaner-glerhreinsir-400-ml\/","title":{"rendered":"PETRONAS Durance Glass &#038; Window Cleaner Glerhreinsir 400 ml"},"content":{"rendered":"<p>Hentar vel til a\u00f0 \u00fer\u00edfa innri og ytri framr\u00fa\u00f0ur og allt b\u00edlgler vandlega. <\/p>\n<p>\u00dea\u00f0 er l\u00edka tilvali\u00f0 \u00e1 glerfleti \u00e1 heimili og b\u00edlsk\u00far. <\/p>\n<p>Fr\u00e1b\u00e6rt fyrir glj\u00e1\u00f0a fleti. <\/p>\n<p>Hentar einnig fyrir gegns\u00e6tt plast \u00e1 hlaupahj\u00f3lum, b\u00edlum, hj\u00f3lh\u00fdsum og b\u00e1tum.<\/p>","protected":false},"excerpt":{"rendered":"<p>Tegund:&nbsp;7017<\/p>","protected":false},"featured_media":63835,"comment_status":"closed","ping_status":"closed","template":"","meta":[],"product_brand":[],"product_cat":[515,586,801],"product_tag":[],"class_list":{"0":"post-60970","1":"product","2":"type-product","3":"status-publish","4":"has-post-thumbnail","6":"product_cat-verkfaeralausnir","7":"product_cat-efnavorur-verkfaeralausnir","8":"product_cat-hreinsiefni-efnavorur-verkfaeralausnir","10":"first","11":"instock","12":"taxable","13":"shipping-taxable","14":"purchasable","15":"product-type-simple"},"_links":{"self":[{"href":"https:\/\/vv.webdev.is\/en\/wp-json\/wp\/v2\/product\/60970","targetHints":{"allow":["GET"]}}],"collection":[{"href":"https:\/\/vv.webdev.is\/en\/wp-json\/wp\/v2\/product"}],"about":[{"href":"https:\/\/vv.webdev.is\/en\/wp-json\/wp\/v2\/types\/product"}],"replies":[{"embeddable":true,"href":"https:\/\/vv.webdev.is\/en\/wp-json\/wp\/v2\/comments?post=60970"}],"wp:featuredmedia":[{"embeddable":true,"href":"https:\/\/vv.webdev.is\/en\/wp-json\/wp\/v2\/media\/63835"}],"wp:attachment":[{"href":"https:\/\/vv.webdev.is\/en\/wp-json\/wp\/v2\/media?parent=60970"}],"wp:term":[{"taxonomy":"product_brand","embeddable":true,"href":"https:\/\/vv.webdev.is\/en\/wp-json\/wp\/v2\/product_brand?post=60970"},{"taxonomy":"product_cat","embeddable":true,"href":"https:\/\/vv.webdev.is\/en\/wp-json\/wp\/v2\/product_cat?post=60970"},{"taxonomy":"product_tag","embeddable":true,"href":"https:\/\/vv.webdev.is\/en\/wp-json\/wp\/v2\/product_tag?post=60970"}],"curies":[{"name":"wp","href":"https:\/\/api.w.org\/{rel}","templated":true}]}}