{"id":60971,"date":"2024-05-25T14:42:37","date_gmt":"2024-05-25T14:42:37","guid":{"rendered":"https:\/\/vv.webdev.is\/?post_type=product&#038;p=60971"},"modified":"2025-01-30T20:36:49","modified_gmt":"2025-01-30T20:36:49","slug":"petronas-durance-wheel-shine-felguhreinsir-400-ml","status":"publish","type":"product","link":"https:\/\/vv.webdev.is\/en\/verkfaeralausnir\/efnavorur-verkfaeralausnir\/hreinsiefni-efnavorur-verkfaeralausnir\/product\/petronas-durance-wheel-shine-felguhreinsir-400-ml\/","title":{"rendered":"PETRONAS Durance Wheel Shine Felguhreinsir 400 ml"},"content":{"rendered":"<p>N\u00fdst\u00e1rleg gelform\u00fala hennar framlei\u00f0ir virka fro\u00f0u fyrir betri vi\u00f0lo\u00f0un v\u00f6runnar \u00e1 l\u00f3\u00f0r\u00e9tt yfirbor\u00f0 og skilvirkari \u00ferif. <\/p>\n<p>Hreinsar leifar af bremsuklossum.<\/p>\n<p>Tilb\u00fai\u00f0 til notkunar til a\u00f0 \u00fer\u00edfa allar ger\u00f0ir af \u00e1lfelgum og st\u00e1lfelgum og plastfelgum. <\/p>\n<p>Tilvali\u00f0 fyrir kr\u00f3ma\u00f0ar felgur. <\/p>\n<p>S\u00fdrulaus. <\/p>\n<p>Endurheimtir glj\u00e1a yfirbor\u00f0sins.&nbsp; <\/p>\n<p>Hentar til a\u00f0 hreinsa l\u00e9ttar \u00e1lfelgur og st\u00e1lfelgur flj\u00f3tt \u00e1 b\u00edla sem og m\u00f3torhj\u00f3lum. <\/p>\n<p>Hentar einnig fyrir hj\u00f3lakl\u00e6\u00f0ningu \u00far plasti.<\/p>","protected":false},"excerpt":{"rendered":"<p>Tegund: 7022<\/p>","protected":false},"featured_media":63836,"comment_status":"closed","ping_status":"closed","template":"","meta":[],"product_brand":[],"product_cat":[515,586,801],"product_tag":[],"class_list":{"0":"post-60971","1":"product","2":"type-product","3":"status-publish","4":"has-post-thumbnail","6":"product_cat-verkfaeralausnir","7":"product_cat-efnavorur-verkfaeralausnir","8":"product_cat-hreinsiefni-efnavorur-verkfaeralausnir","10":"first","11":"instock","12":"taxable","13":"shipping-taxable","14":"purchasable","15":"product-type-simple"},"_links":{"self":[{"href":"https:\/\/vv.webdev.is\/en\/wp-json\/wp\/v2\/product\/60971","targetHints":{"allow":["GET"]}}],"collection":[{"href":"https:\/\/vv.webdev.is\/en\/wp-json\/wp\/v2\/product"}],"about":[{"href":"https:\/\/vv.webdev.is\/en\/wp-json\/wp\/v2\/types\/product"}],"replies":[{"embeddable":true,"href":"https:\/\/vv.webdev.is\/en\/wp-json\/wp\/v2\/comments?post=60971"}],"wp:featuredmedia":[{"embeddable":true,"href":"https:\/\/vv.webdev.is\/en\/wp-json\/wp\/v2\/media\/63836"}],"wp:attachment":[{"href":"https:\/\/vv.webdev.is\/en\/wp-json\/wp\/v2\/media?parent=60971"}],"wp:term":[{"taxonomy":"product_brand","embeddable":true,"href":"https:\/\/vv.webdev.is\/en\/wp-json\/wp\/v2\/product_brand?post=60971"},{"taxonomy":"product_cat","embeddable":true,"href":"https:\/\/vv.webdev.is\/en\/wp-json\/wp\/v2\/product_cat?post=60971"},{"taxonomy":"product_tag","embeddable":true,"href":"https:\/\/vv.webdev.is\/en\/wp-json\/wp\/v2\/product_tag?post=60971"}],"curies":[{"name":"wp","href":"https:\/\/api.w.org\/{rel}","templated":true}]}}