{"id":61063,"date":"2023-04-28T17:44:15","date_gmt":"2023-04-28T17:44:15","guid":{"rendered":"https:\/\/vv.webdev.is\/uncategorized\/product\/d-line-hurdarh-19b-19mm-33-59mm-univ-snapon-rydfritt\/"},"modified":"2025-01-30T17:28:05","modified_gmt":"2025-01-30T17:28:05","slug":"d-line-hurdarh-19b-19mm-33-59mm-univ-snapon-rydfritt","status":"publish","type":"product","link":"https:\/\/vv.webdev.is\/en\/lykillausnir\/hurdabunadur-lykillausnir\/hurdarhunar-hurdabunadur-lykillausnir\/product\/d-line-hurdarh-19b-19mm-33-59mm-univ-snapon-rydfritt\/","title":{"rendered":"d line Hur\u00f0arh 19B 19mm 33-59mm Univ Snapon Ry\u00f0fr\u00edtt"},"content":{"rendered":"","protected":false},"excerpt":{"rendered":"","protected":false},"featured_media":61062,"comment_status":"closed","ping_status":"closed","template":"","meta":[],"product_brand":[],"product_cat":[518,545,571,573,517,597,667],"product_tag":[848],"class_list":{"0":"post-61063","1":"product","2":"type-product","3":"status-publish","4":"has-post-thumbnail","6":"product_cat-honnunarlausnir","7":"product_cat-hurdabunadur","8":"product_cat-hurdarhunar","9":"product_cat-hurdalaesingar-wc","10":"product_cat-lykillausnir","11":"product_cat-hurdabunadur-lykillausnir","12":"product_cat-hurdarhunar-hurdabunadur-lykillausnir","13":"product_tag-dline","15":"first","16":"instock","17":"taxable","18":"shipping-taxable","19":"purchasable","20":"product-type-simple"},"_links":{"self":[{"href":"https:\/\/vv.webdev.is\/en\/wp-json\/wp\/v2\/product\/61063","targetHints":{"allow":["GET"]}}],"collection":[{"href":"https:\/\/vv.webdev.is\/en\/wp-json\/wp\/v2\/product"}],"about":[{"href":"https:\/\/vv.webdev.is\/en\/wp-json\/wp\/v2\/types\/product"}],"replies":[{"embeddable":true,"href":"https:\/\/vv.webdev.is\/en\/wp-json\/wp\/v2\/comments?post=61063"}],"wp:featuredmedia":[{"embeddable":true,"href":"https:\/\/vv.webdev.is\/en\/wp-json\/wp\/v2\/media\/61062"}],"wp:attachment":[{"href":"https:\/\/vv.webdev.is\/en\/wp-json\/wp\/v2\/media?parent=61063"}],"wp:term":[{"taxonomy":"product_brand","embeddable":true,"href":"https:\/\/vv.webdev.is\/en\/wp-json\/wp\/v2\/product_brand?post=61063"},{"taxonomy":"product_cat","embeddable":true,"href":"https:\/\/vv.webdev.is\/en\/wp-json\/wp\/v2\/product_cat?post=61063"},{"taxonomy":"product_tag","embeddable":true,"href":"https:\/\/vv.webdev.is\/en\/wp-json\/wp\/v2\/product_tag?post=61063"}],"curies":[{"name":"wp","href":"https:\/\/api.w.org\/{rel}","templated":true}]}}