{"id":62343,"date":"2023-04-28T17:54:44","date_gmt":"2023-04-28T17:54:44","guid":{"rendered":"https:\/\/vv.webdev.is\/uncategorized\/product\/normbau-wc-rulluhaldari-f-sla-2\/"},"modified":"2025-01-30T17:51:55","modified_gmt":"2025-01-30T17:51:55","slug":"normbau-wc-rulluhaldari-f-sla-2","status":"publish","type":"product","link":"https:\/\/vv.webdev.is\/en\/lykillausnir\/badherbergi-lykillausnir\/studningsvorur-fyrir-fatlada\/product\/normbau-wc-rulluhaldari-f-sla-2\/","title":{"rendered":"NORMBAU Kl\u00f3settr\u00falluhaldari f. sl\u00e1"},"content":{"rendered":"<p>&#8211; Fyrir Cavere Care lyftist\u00f6ng og vegghengda stu\u00f0ningsteina<\/p>\n<p>&#8211; Fylgir festingarefni<\/p>\n<p>&#8211; Lengd: 130 mm<\/p>\n<p>&#8211; Breidd: 48 mm<\/p>\n<p>&#8211; H\u00e6\u00f0: 115 mm<\/p>\n<p>&#8211; Efni: \u00e1l<\/p>\n<p>&#8211; Yfirbor\u00f0: rispu\u00feoli\u00f0 dufth\u00fa\u00f0 me\u00f0 bakter\u00edudrepandi v\u00f6rn<\/p>","protected":false},"excerpt":{"rendered":"<p>Tegund:&nbsp;7449110095<\/p>","protected":false},"featured_media":62342,"comment_status":"closed","ping_status":"closed","template":"","meta":[],"product_brand":[],"product_cat":[517,580,629],"product_tag":[],"class_list":{"0":"post-62343","1":"product","2":"type-product","3":"status-publish","4":"has-post-thumbnail","6":"product_cat-lykillausnir","7":"product_cat-badherbergi-lykillausnir","8":"product_cat-studningsvorur-fyrir-fatlada","10":"first","11":"instock","12":"taxable","13":"shipping-taxable","14":"purchasable","15":"product-type-simple"},"_links":{"self":[{"href":"https:\/\/vv.webdev.is\/en\/wp-json\/wp\/v2\/product\/62343","targetHints":{"allow":["GET"]}}],"collection":[{"href":"https:\/\/vv.webdev.is\/en\/wp-json\/wp\/v2\/product"}],"about":[{"href":"https:\/\/vv.webdev.is\/en\/wp-json\/wp\/v2\/types\/product"}],"replies":[{"embeddable":true,"href":"https:\/\/vv.webdev.is\/en\/wp-json\/wp\/v2\/comments?post=62343"}],"wp:featuredmedia":[{"embeddable":true,"href":"https:\/\/vv.webdev.is\/en\/wp-json\/wp\/v2\/media\/62342"}],"wp:attachment":[{"href":"https:\/\/vv.webdev.is\/en\/wp-json\/wp\/v2\/media?parent=62343"}],"wp:term":[{"taxonomy":"product_brand","embeddable":true,"href":"https:\/\/vv.webdev.is\/en\/wp-json\/wp\/v2\/product_brand?post=62343"},{"taxonomy":"product_cat","embeddable":true,"href":"https:\/\/vv.webdev.is\/en\/wp-json\/wp\/v2\/product_cat?post=62343"},{"taxonomy":"product_tag","embeddable":true,"href":"https:\/\/vv.webdev.is\/en\/wp-json\/wp\/v2\/product_tag?post=62343"}],"curies":[{"name":"wp","href":"https:\/\/api.w.org\/{rel}","templated":true}]}}