{"id":62866,"date":"2023-04-28T17:42:11","date_gmt":"2023-04-28T17:42:11","guid":{"rendered":"https:\/\/vv.webdev.is\/uncategorized\/product\/frost-nova-snagabretti\/"},"modified":"2025-03-04T08:46:09","modified_gmt":"2025-03-04T08:46:09","slug":"frost-nova-snagabretti","status":"publish","type":"product","link":"https:\/\/vv.webdev.is\/en\/lykillausnir\/badherbergi-lykillausnir\/snagar-badherbergi-lykillausnir\/product\/frost-nova-snagabretti\/","title":{"rendered":"FROST Nova Snagabretti"},"content":{"rendered":"<p>D\u00fdpt: 32 mm<\/p>\n<p>\u00deverm\u00e1l: \u00d825 mm<\/p>\n<p>H\u00e6\u00f0: 40 mm<\/p>\n<p>Breidd: 222 mm<\/p>\n<p>\u00deyngd: 0,3 kg.<\/p>\n<p>Efni: Ry\u00f0fr\u00edtt st\u00e1l<\/p>\n<p>Litur: F\u00e1\u00f0ur ry\u00f0fr\u00edtt<\/p>","protected":false},"excerpt":{"rendered":"<p>Tegund:&nbsp;O1125<\/p>","protected":false},"featured_media":62864,"comment_status":"closed","ping_status":"closed","template":"","meta":[],"product_brand":[],"product_cat":[517,580,625],"product_tag":[1012,1014],"class_list":{"0":"post-62866","1":"product","2":"type-product","3":"status-publish","4":"has-post-thumbnail","6":"product_cat-lykillausnir","7":"product_cat-badherbergi-lykillausnir","8":"product_cat-snagar-badherbergi-lykillausnir","9":"product_tag-frost","10":"product_tag-frostsnagar","12":"first","13":"instock","14":"taxable","15":"shipping-taxable","16":"purchasable","17":"product-type-simple"},"_links":{"self":[{"href":"https:\/\/vv.webdev.is\/en\/wp-json\/wp\/v2\/product\/62866","targetHints":{"allow":["GET"]}}],"collection":[{"href":"https:\/\/vv.webdev.is\/en\/wp-json\/wp\/v2\/product"}],"about":[{"href":"https:\/\/vv.webdev.is\/en\/wp-json\/wp\/v2\/types\/product"}],"replies":[{"embeddable":true,"href":"https:\/\/vv.webdev.is\/en\/wp-json\/wp\/v2\/comments?post=62866"}],"wp:featuredmedia":[{"embeddable":true,"href":"https:\/\/vv.webdev.is\/en\/wp-json\/wp\/v2\/media\/62864"}],"wp:attachment":[{"href":"https:\/\/vv.webdev.is\/en\/wp-json\/wp\/v2\/media?parent=62866"}],"wp:term":[{"taxonomy":"product_brand","embeddable":true,"href":"https:\/\/vv.webdev.is\/en\/wp-json\/wp\/v2\/product_brand?post=62866"},{"taxonomy":"product_cat","embeddable":true,"href":"https:\/\/vv.webdev.is\/en\/wp-json\/wp\/v2\/product_cat?post=62866"},{"taxonomy":"product_tag","embeddable":true,"href":"https:\/\/vv.webdev.is\/en\/wp-json\/wp\/v2\/product_tag?post=62866"}],"curies":[{"name":"wp","href":"https:\/\/api.w.org\/{rel}","templated":true}]}}