{"id":63006,"date":"2024-08-03T14:42:51","date_gmt":"2024-08-03T14:42:51","guid":{"rendered":"https:\/\/vv.webdev.is\/?post_type=product&#038;p=63006"},"modified":"2025-01-30T20:43:36","modified_gmt":"2025-01-30T20:43:36","slug":"starrett-smidavinkill-2","status":"publish","type":"product","link":"https:\/\/vv.webdev.is\/en\/verkfaeralausnir\/maelitaeki\/onnur-maelitaeki\/product\/starrett-smidavinkill-2\/","title":{"rendered":"STARRETT Sm\u00ed\u00f0avinkill"},"content":{"rendered":"<p>L\u00e9ttur sm\u00ed\u00f0avinkill til a\u00f0 leggja \u00fat 90 og 45 gr\u00e1\u00f0u skur\u00f0.&nbsp;<\/p>\n<p>\u00dar steyptu \u00e1li og ry\u00f0fr\u00edu st\u00e1li<\/p>\n<p><\/p>\n<p><img decoding=\"async\" src=\"data:image\/png;base64,iVBORw0KGgoAAAANSUhEUgAAAMkAAACFCAYAAADxXNwSAAAAAXNSR0IArs4c6QAAAARnQU1BAACxjwv8YQUAAAAJcEhZcwAADsMAAA7DAcdvqGQAACX9SURBVHhe7Z0PTFvX3fe\/e\/PIVR456mSUCStTvD2Kl2puJ4EiwfIslEc4bAFeBagSqFpAK4neOLRL6NOEpAP6LGF707C3ge0JzquWToFUg0QDogJRCdGIWROsNiAlOGpwtGKUxqgRViOsVlhB9znn\/rGvr699bTB\/kpxPdIOPj33v+XN\/58\/1+Z7f9zgCGAxGVP6X+JfBYESBGQmDocEKGIkL9po++MRQYvjQV2MnZ3jM8Q2ifmd7fPm4ZceRSwsrrcXgaitA\/ZV4rvuE1EkEoXwl2UjoibORnR06CsrrYb\/mFeNXCpquXDR\/HhDDkbjbXkb2mTir+kEfjsT7WTUMVhy7WAaLGEwK33nQd6oKxTtoueei+I0GdN\/2i5GEBNNsKe\/FsRyDGHp88F06AvstMZAklqAnKcHpoSEMiUfvn8uQ2luPzi\/F6JUi1YyJSw7IbpsQgVH0DwJGMfj44cPg8QbczahFRy8t9wF0\/K4EOFeN9rviRxgLRtVIxsfHsW3bNnzve9\/j\/9LwgnnWjO05Roy51btu31g76ssL+F4nd9cRdN6Rt\/YBuDuOCK3jzio0X5oIv8nnvRgkrWcB7bVo\/FCMHmttHopMg7j8lRiW4R\/uB17aDZMYpkRLF22psnc1YqSjisQdQd8D\/m1yEhc63y5GbkQ+hOHl6FAj9pJ8CEOn8CFn4Ms+NL8hfDdmPubFIwIv3POFKNtqhG6N8I7OYEbRvjyMOFxR0xyr7OUtsusM+c6X7lD+9jTCMS3EqeG90oyqnbRHK0DVKQe8UprnfRhtE+uTj+uD57s44hTw5bU\/lO72MVqSwiim+N0RdL5BziErX\/\/tThzZlUs+T3rYtzvhlp83ar3JoI+AlfziF7+gj4WDBw3HxwzXe7iFGxdDPN9McF3vnOSufiOGSWzL4V7yScK9Lq76aC83+S0fQT57g2upbOJuzAnBuZEmbk\/zde4+DT+a4yYHT3LlL0rnn+OuN1dzbTdn+RA3d18Iu4VgOCRddnJNcr2asxPiexL3ua6jbdyEt5ersYsp10gX97Xss5RHk3weL3vED4TlmeT3V\/lc3d8muNlHfCxBVgZzN7imyhbuxoyU6Umu92g113VPCHI3W7iafv6T3PjZfK7mE+F1OCR\/R2u4LrdYFmoo06yRx5n+Gq7lpvB63F7Klf9nC3fdK0TOjrZw5ceucsLVwuuc1ln1uXEhr6TO7n9Kw0KZz\/79OFdzXiwHGudo4vaL9RErLpwJrs3WxF39WgySsu44XMddFu8vebp5PF1c3YnL3KSYr9kvaFhMe8x6C+VLtSf5xz\/+Ib4SUIZj04kq2iJKx84GTBfYkPWsGC1nQxHe+0M+TGvF8LPpyNrihfchDfgxMjCDkopMGHUkuEYHU86r2J1G4wgPLmPw+zaUvaAXwjojMnfnwEVaTlVIaza3YTusnn6MyhuLO4NwZlhhFltgnpjpUuF2P1zbbLBupAklkN6zaKce\/U6xLXu2BGU7zdDLryGhS8eBD2xIN4jf1Znw8206TEvNoAw6TziRqzZPMCC\/zgbdxzWoIHPA5ouDcE+rtIhyEsxjZkUlMlOFNOrTCrHb54KHD8nx4fKAAbZSi5BXUmfGrbuRc9PBT4ADAT9SUo2huG0HcKpY6L9jxYUTIP9SYZSKgZR1yfHDyBJvAyWufhey9llhEotXv7kIhfp+jNDy1ao3EVUjIT2H+EpAGY5N+JxkaOAE0q6Ryfst9Urz3+5GgzTUIEdVhxhBimL2OxOMYcb1DLmJxJfTUxj8cG\/IGOlRSoYU0e6NqSlShXpk7QD6h6VBWwCjn3hgzY6cjURPVyS+ex4yJxC6\/+BR3RkaGpkMSFEzEImvRmCvqxCGjeSgQ4aEWWtCfvVpnP3gIAo3zMHxPpnE\/1d31CELJf48mrBRNBABWT2E4cXUlVbszZGVQ\/bLaHQKlWIgN+SmoXIU7NqL+lPdGJnyQ6cXThQrLhwLiip8aCouQMVbDWi95CJX1QeHmeH4MPnlIBr4oV\/oePMCaTBJ3WjWmwTtWJTcunUrOOSif2k4PlSGW5TZq9zxYPesGG69\/gF3457Y3RHG7TVcL9+V3ud63yHDIP5dCdn5ZcMQbWTfe0S663e6yNkJ31zmjjffIAM3gnw4EjNdBMXQJaKLD0OW3yDK4dZJrveLGW5OHI6FnS+hfIYz+1kLt\/+vk0JAbbgVI4\/hwy1Z3nnk9Sx\/rZZXFb6d4SY\/6+Va\/rMocvgYK04OGZLN3pvgLv\/1OLen8gNuXMxGeF1EuR9FYtdb6LuqPcnzzz+P4eFhakD8XxpeCnw3nTC\/Von0DaEWg1q4wDqsW+OGJ9oQx5CKwBcTpC9IkDWkS912F4N3SLs3NAjTL9MjGsXY6YpEv94Itzty8BEXd5zwFL6K\/M2GYGs4N59grm7Z8WZv5GRfb9qIdd+oPs9LOI\/xYUBq4C4mok24\/WK+1hpg2pIP27u1MF25zk+wY8WFQcqG\/ygZkuk3mGEtrcWxQhccpD4j0cO4wY2JKTGoIN56W4JHwAoCXox82A5sSydJDsfwQxNGhhzw0cohmfdes8PeK8TRDGbuSEHn2RFZfDvOO4VYkPlFob8B9V1u+KX4zzvRd1v7BtNvy4H\/Ezt6nBmwbhbflBE7XYQ1ZLgx7RXiCbq0PKT1kLnANS8C\/Hf8cF\/qFMa9WqRuhG7YAbd4L\/vvdMP+\/qgQUMKfW3gZxuYsWHrI0ONz8fqUh270fdgD\/XPiuF6RZs08Lggjtu+cRcPxbrjFxi0wPYpOMiSiteLpqkbDgCeYRp9zGKMbyDxEIy4MvwMnD7bDJTWefjdGrpFilOYopKHxeqWC1yE9Lw09tc0YkeZotFwukHuKxsZZb0tgJOET99xXGuA01+JwtsrM6oVK1Br7saeAfLagFM13M3Cwikwf7gnRui02HP5BT1h8IZlTCJD5xdvvk4l4E8ql+Ntm\/Hyz2jhWAZksW7\/vgDdnu\/pvIxrpgiEThes7UZqTi9bbJEx6p7KWw0i9dATFdDxeXIN+ZJLJuPDxmKzPx4Ed02h6hXwvuwA1\/TpU1pTA7YnsGVwfFeCI2q\/gOgsqmw4idbgRe4vpebJR8EY7prbIyl2ZZq08LhB9di3ez5lC0x7hkWvpn1wwZ1j43tr8Si0yXSdRSq9J8lrn3ITavUJPHisujGetOPy6Dp1viI+Af90K\/65aFG0Qog0ZhTCeL0X2jlb+YQE2leH0kVT0Hy4WyuVoP7AlnfR5hDjrja0CZjA0WPrhFoPxmMOMhMHQgBkJg6EBMxIGQwNmJAyGBsxIGAwNmJEwGBqsgJE83fJdXpshaVCedua9cJzphkt7kYQG5J56exAuXgMTgPtie3yrHeIkyUaymuW7K2NcyTQK71BIzFRRpxAPBUbQLCt34ZDl2TeK9qC4SEOgtky4L5zDbGERLPRn9fkAfFOj6OtoRj25ZyLKTJQnCwK7CtR3uEPr9h56MbPJCMO8Dvq1OpgLrJh5vx1ucYnLYlmCnmSVyncfcwLOZjRMWfFuFynXK104sWMaJ\/8kkyM\/nIG39HRIosAfNlFHTxqJd5vhL27DAHl\/4C8HsXGgfmWlvV91o0e3G\/mpQtB35SRO9nth3FqJwq3KriUA19l6DJsPo+sKyVfXKeR9TT4\/JOTe63TDYtVj5J8ZsP6YvLHGiPxCoHMgOd2JqpE8kfLdWMQ4j6Z09btQXMH+ZvQ5u8UNF8gQgLxX1TGCxl3kvPJNGPwxzqfa+glipoOvhIuZCqdlwqcH5CSmKCr9B9cxvOEAKreI67j0ZhRVZGGE3FwUXqp7LdRSB+vhq8GgTJbmLZROYcjsInUnyGIlma4fLqm+dhTjiLy1V+AecuGn20KiKkNuLU7sy0f6Rj1Vq4Qz74bjTiEOFJiEldJrDMisKEFgeJS\/H4y5NhRtNKHoN\/kwiiupsdkKy3AfhBwuErp2S4mkJZEOGo4PlfX7q0W+G1VXEPs8saWrs9zVY3u4pk9F3cPcJHf5WCn3oky3odRixDzfzGWu7lcfqKRzlpt03Rd0LxJUF3NMpt0g5zn+dzEPStQ0KXPXuab3rvPnpLqK0rKTXK8kY73Xy9WU7ef2n+jiJsR6mx0h6ZS0N7QOS0q5\/fYbotx2lrthL+f22+pIWZB00vdIWXQd3h+SIYdBZbNd5H91IvQrSi0MT+xzUCbO1XBdHjGwCFR7kidSvhuNOM4TVbrqG0H\/fAkqt4rLRnUmWPe+inQhFJWo56NbDV2qVNlqSA\/TT41hK2K9Az3wF2wXVrMSfD5SbleaxDmLsOGBK6zbVaBbB930TLBnNlfYkC\/JWDfkY3dGANaXi2AW602fYYX1Kw9CfWweDu5NF3s2PdILd+MZcx5s0mYUpCy27zBi6p5KX+L3wLXeFLbxRuKQ9H83HT6yUGAi85Qpb7S+LH5UjUQp11WGY7NK5bvR0DxPDOnqtAezPzOHax7IDSL\/dCTxSmGjE7jVimZvHirTQl805BzD6eO1OH2RlPmVXpwuIHOW4\/E\/RTT+ICwXeGZNCnRS48WTQgxSdlMqJck032vJjSsGKfqUFHh9Krfxd7PwU33LEqP7V5369RNE1UjsdnvQMOhfGl4wtGV+rRAzPSORVk8mb\/V2H\/KOdPATSmpUp0vFOMyR7+pi3j+ZNV0hY5SOfYlv+baY86wjaVxOAnRHx08zcew1QaOhCj9nscGWOozRaFYSmEUgNSVS1PTYQNK\/NnVZ0q9qJE+0fFfJYs6zkfQin7tidvnJJHCnHSc\/y8CxvUoD8cFxqh2uaI88N5gBZR6\/dGPiB6S3EIPLCulx9POkEYyX9T+C+eZE+O4sD90YI71dihhUI\/BtgH8kvFhUjSSprEL5bhiLOY+ezKHWdKL1mthc07z+9TzC9jrReTGdyO8k0W70r\/rQPGjG\/gpxHhCGAc8\/50L7RTEPBCoD7nFnwEInLYZM5PlbYZfS6Xej+6wDmRnEeFYCvRGmKY\/KlkTRsCDr3\/thD9aRDyNnO6FTuafkeL+ageXfFt\/XLIGRrFb5ruKBAj34X\/4XIQOm333rMFJ79wiPgPe0wrslD5liLMViLYTrKDnv24Pa8wO6kXaBKDtV4Pq4EX0XRJmpLA\/SZtr0EWpZoB1VvHw3F+VnA9jdUCTKk0k6qw8G05n76yZM5R5D2SY+cgUwI9PiwngCjYe59BhfR6W8zLYa\/T84rH5PBfFi9HMznt8oBhcBk+8mm6luVA3+BKfJnIERAzIfbXSm45DqBnRJ4G476l1WHNsZ5bejBFj64dYTTQCurvbQThx0GHOmH5lZzEA02ZBPhoDn0RdjT+EFM+9FX48OZQWLNxAKM5JFoYMl2wL36b3CL9UrPox5nCBl98qrWNeTjAWOckjDdbEH614tCd+6dhGw4RaDoQHrSRgMDZiRMBgaMCNhMDRgRsJgaPCEGIlcefj4S3x5VsRD72Kk1Vq40L6zHoPxnDyRvC8DSTeSqHLVBL2\/Lj\/UuJ5wD70SX3WjqjR58tb4sKDs4jFYFZtRq7KUeV8AbLgl54n20BvC43Th+WwP+seS+gPFE4uqkSRVvhuFWB5neTnpmBeOoKT2zcRkvXKYh95wqBT2n5koey0POud49NXPaj2hbFiXuORXPgwW8ua5E\/KKu\/ePMi+98rwnPR2Jo2okNpstqEakf2k4qZBW2f77KWz7nagjuXAYmwYa0S27OUdOn8NM3rvopfEtORj7fWdQrxxw2nHy60JBYNR1CoW6YfRLq4PDCJDzNMJrFc9zoRYZNxtjboCQnpMB5xWlMtqLy1dMyMuQLXokQ5aGCwZU\/v9eXn8y8MFu+BrtvNNSw44T5FqHkMlvzHAC+evJ5+c96P5jP1L2CXke+KASur+SypOkADft6PEV4lTvEE7sUIxJ4igviag+TCRuk54yOwt66qNl3TBGFrHO33HmPGk4TvFlO9C0jdRRNarOzSLv\/wpl0lGhQ+v5UXVD9JxH86AJBz4a4De2sOlb0Rr0ZZkYi0pHHKgayeLku+LGB8SCww7asoqfiMfjrPGlShRtFld58nJSFyb4FllD1iuHeehVEMDoZzpYRUWjOWcjXM6FW0nikl85majcK9WhIP\/1fRH\/4nk5i0uHNqpGsjj5biYOXSCtHW3x5AdtWcVP8Gh4nDX9MLyinwnePBqyXjnMQ284\/hGMpciMfUMmUj+\/vOCbJ2HJrxzTRsFAJEia1KowHhaVjjhQNZKkynfVIMOH5neGsfHVU8I+SsSIumrCTCgG2rJeOQuR5lJfeqZh8eZ56EA\/8iI3sogpPVan5M+KdJAjYmilxqLKK4TfOYj2Uy\/LDPVlMp8bxIjKsI0RQtVIlly+uyiPsxqyXjnMQ68MH65eM+N90ciCx0dWRM7BCHSjhu9mw8qOymGXnVWQDlUjWXIS8TgbgYasVw7z0Bviq6sYNmVGLh\/f8CK2eUYifzMxmGAZ6wk+6QtMk+He6W4hsJysgnSsjJEk4HFWjdiyXjmLkOY+YR563VcGYdmqpmk34OdbXCq\/mZhR8ts0DB8Uvej+3om03SVi3HKy8ulgehIGQ4OV6UkYjMcIZiQMhgbMSBgMDZiRMBgaMCNhMDRgRsJgaMCMhMHQ4AkxkidLvvt0eeil2qBWOOJYeUC1I623Ra3JAwc6ez2JLzlaAEk3ksdbvrsyxpU8owhg5BT9VT78sN8So2N5sF0h\/EPEQCxlyBJXHgRkQqziN8LFUjMPUmBaPwfo10G3PgtFG\/phF52LLiVsuPVE4cfMtMLTGDlsL9C42B5sV4TAKNpvpqHsBXGZ0FQ36s+nwEaFWEMDaHt9I\/prOwUXDQEXHN\/mIP2fY9AXZoIujtellcHyeXuSt0mNRNVInlr5rgbeKyE\/6oK3WeH91eGhl+LF9JqN6mvNNDzYCj39CDyXxDxK3nO1PBPfDvmHl2Sy\/tuy3uBthb95Gf5rV4D\/yAyusHb1u2D9jRUm8Q395iLsThsTXDToLKjclw5DRmXIqOjavOwA+q8tsaHTtVtKfrFg77sqnlMl5B5U525wTZUt3I0Z0dvr3CTXe7Q66KmVeoMtrzzJdX0hepPlvcG2cRNCiIvtlVfuaTdZHnqFa1afGxe9zc5x9z+lYSFFq8NDL+HRDa4leF0FWh5saXxJOXfy40nBe+6j+6ROyrn9r8vq4ZvrXEtZyDsyTWfp66QeJQ+9NJ22\/VydvG56arj9PfeFD4RB6ua9Ju66eC4avu+aVKR9lpQVqROanmjMXuWOi16ElwrVnuSple9GRfCjbisN96Oec9MRnMOsvIdewkMfvF8PokncAIHfFOF2rFZW4cH2uTLYgj2NEfm7MhH4j92heng2E9ZfeuGR9Wp5r5N6lGSyNJ3P\/AR5++R1kwfjP9Um2B64H24K9hqkYGD8qYkfRkkEbrVjjJzTolzeL0dvguWhd8HqynhQNRKlXFcZjs1jLN+NihdTV1qxN8zL1MtodEonWiUeeqkB\/fkYaluEDRB6\/1yI6RMN8T8USDWGp\/NfgJS168SAQAqplumg4M0EQ1g10XTqsE6eVn0KUmSusEME4CfDMPINdab7cLLHjFd3aG3ipDD0JUDVSJ52+a4qGYfQpTzPkC2uDdSW20OvhC41E7YqI4bHoj1fXT4PtglBDKT+DFD5thXGWL3IMqFqJE+9fDcCA1IDdzERZQIak2X00OsbbkY7FXipsUAPtkuHDvq1fJMXzrQDjecAW11+nAZCpb36uBvNhaBqJEvOYyDfDceI7Ttn0XC8m4yjhXcC06PovOTSNsBl9NBreG4TXOdCaaRG0N01gQzeBe\/CPNguHUaY1tyFR16A\/lG0npvB7qp4DYRAynMq1Ry2aWCyWRkjWbXy3WgeesmZsmvxfs4UmvaIMtI\/uWDOUPpTV4OkYZk89NJyrX01gPY3xIk7uVag9DiKNgjRiXuwXUr0SN86i7E7YpDgGz6P9t5mVNBH+\/I6iPEjdOCmE4G055e0J2Hy3ZWAeegVoDtTngmg8jeh30oSww\/Hu+3QV9uQvoRWsjI9yVMF89AbFV06Sp4bRvuthc0aA7c64cooW1IDobCeZDnwjaL9VDM6hz0IrLcgv6oWB1R2hHw6oasn2uHNqUQW3TM5Xh440HrFiLJS85IOtSjMSBgMDdhwi8HQgBkJg6EBMxIGQwNmJAyGBo+tkSRPzackAS+xK0nSPO4uI6vMq268LImRhAmqdhSj6g\/dcC3H4qUFEe6bMCEvsQkTEERNvCCJLmWvQsNFl7BMhEeZliWGGFr2\/u7oy8wfkpta7vNRA82Ga5V51Y2X5BsJXcH5+9vY9Hqb4NymtwO1uT60HGxdcpnlasc3UI8GdwZq26g8dQgDHx1HyXw7qjtU\/IMsExY4eT8salDfLO5UMfAUo2okC5fvBjB6\/goy6g8hXxLqUIHSlkrUvuTBqOTQU5SKujve5PUkdKMCLe+y3iGZrLRtVOapldx8VO4rbXYgIm\/Vop6btqTZVeh0NqJYTAc5W8SGELxsNyhHbcdosKkXWv7oXmTD8f4TKHw5E0bJVZnOAHOxDXmfOuBSSYvnwhG0K25gT1fkezxRPfsSoqSH8vxLVng+UXG6Oe\/GoDMDu7PFsIi6NFddhszXwZgDjXS9G99DKnrKsI0pqAx7eXY\/SRj6Y6ISKtelUdJBw\/Exzn1gE+WgsaBS0V\/t4VqCktbYcl7O08VVH+3iJiSZ6M02bv+vQpJXKvdtuSm8lghKYrXOTdLccriXE1NCCJfxzv79OLfnxGVuUvw6f+3KNm6Cl5SS75aUc9X\/LclVZ7kb9nLu+N9VBbR8Omv+NiFIgFVRpOVeF1dzVhItUya5rsPitW+2cDX94icfURnuSe6yR0zkNxN8+Cotr1hyX3KOlptz3I3m49xlsWwl5j5r4o4PzoZLi0k91MnL4gsaDsmFI2XI27n8d0i9BYtDnj+lrJlKq0n4M\/HkqwjVnmQx8t3AOh3CtWxRyChBWVDSGlvO6x4eRFqFzJvqC2WoLBBea5KA59pIfLh66RlUyjcnINeu\/d8j6P9cavPi9yJr2HEMtrX9qPl1BepPdZNhjuj1KhobMpExNgiX9JmpUTh\/puKtKpZn31hyX8ojHdJ\/acJgWM\/th+MSkLctfIUw3agha1\/4Rg2F+v4Y3rpSUEK94KotNH5wFf3P2mAL3gNGZL5cQnp99bJbSVSNRCnXVYbjR+iGpSXPYU9jlFLRGHLewOw6GBXrekJy3jhYsOdaL6bwU\/wkzJMrYLRkYtYnPolIyIusDqYdB3D6L+\/j4EsmzH3aiqrSenR\/GW2QYcT2ghk4RCGV53MnLBmR3qo0PfvGwENbi81WZDjJ\/EP6\/FeXMWjKUywc9GHyy0E08LvFhI43L8TyFamU98qYngLMPwovq\/VWHNql5o1rZVE1koXLd3XQz\/owI4botNAmSV3\/HMOFl4acd25eTxW7CyNJnmvDCAQWpzQk8zTDxnTkv1aL9\/9SiOn3usMVgzL0WzIx83c6ZyBzOqcFmZvECAUL9uzLQ4wxdxqDoks49xUnMnLUbtbIPb2Ghk4gP5GFiY8hqkaycPmuGek\/G8RgokufNeS8677vhSeWG2XynXCPrHSzCPHloqTCRmxcEynb9bpHYTQkKlYivWp1X+TjVv2PsPFffdGN7tksWDGM8TujGMvIIiUcyaI8+4rotxVCP+SAnzQq\/R4rtotCrRB6GDe4MUE6gKSQupFY42T4RN3vQvdw1AfSK4aqkSwGy0tl8NSSIcQdX3C8HfCR4QBpDVP0UboDDTmvOduKsbPdYfHtF4XXFMO\/WTB68bLwVImX89phl+LjkArrvNNRnkgZ8GLuLFr\/NBiUmdLvN3+cibwtiXZtZmS90IOGD0fhlYyO98Dbih69JSg\/jUwLmTNs1eHcGRfStqiLVDU9+6rmTcEaM6zmMbR\/2A\/syAofCvOQdOSloae2OaSNeehG34WR0NOqRGTI619E3kNST3JZ84dNmFq7Mor7WCTdSOi48sRfdsN\/rlrwMkulru+0Y2bruzikmAgG0ZLzbijCodypsHjrLpkeY1MJan82jCpRotvgTMPuXWKcplTYAutLLtSQtB4ZkM2ZRKhs99gWF06+Ijz2LD\/rx+6TZZGTZ010sFScwkHjMBr\/jzh\/KK5CuycNtW9JN6V6WnRpGTB\/a0E6aXxVieXZN5bcV4ExOw3eIRPy0qI0AJvKcPpIKvoPF\/PpLzhKDGpLOmlKBBKSIZMcZ71Vi03OOmGuuKsBTnMtbAk3PksP05M8Dtxpx5EvSOOzkwm1VoLk9ySM5DLvRd\/ZMWRsYQayUjAjWc3QX+ELqjCWfSi44wlj+WHDLQZDA9aTMBgaMCNhMDRgRsJgaMCMhMHQ4LE1kqdevstYNpbESJh8d5HMB+CbGkVfRzPqy+uXqDFgxEvyjYTJdxeN78pJnOz3wri1EoVbWaGtNKpGwuS7yZPv+sbaxTjR865cOxJl4aEhtxYn9uUjfaNexV2acE1X8LySJ2A\/XJJHYslzrvQNWhaL8JL71EN\/TFRC5bo0SjpoOD6YfDdMvks9wx7uCMpX57xXuSab+F1XG5d\/9LLsuuooJbHCNUu5\/fYboidg4Zr7bXVc06f3Bc+5JI9dh\/cH87g4L7kM1Z6EyXclFinfpeIsgzG48YMuNQsH\/l+RsCz+p2Xo\/YM1uII2MfJwcG+66AlYuOYz5jzYthoFzQzJ4\/YdRkzdC\/VaC\/eSy1A1EqVcVxmOn6dcvmvIgu05B8qLi7G3rhnd1zzw6\/RB8deCMRmQIj8HvebadaHrEvQpKfBKaVyUl1yGqpEw+a4Gcct3SQu9sxZdXR14d+826G42o7wuHq0FYzWhaiRMviuxSPluwC8oBSVN+773ULthENfZI93HClUjWQxMvivjy25U\/yH0XTwYwfAYmaOIc4O4ZLWMFSfpRsLkuzI2k0n+Vum72Sh4x4lNvyUTaGpft9tRwIZejwVMT8JgaJD8noTBeMJgRsJgaMCMhMHQgBkJg6EBMxIGQwNmJAyGBsxIGAwNHisjWSrJru9KPQraHjefsFG49Rh65V3lJN1IXGfoL9uyY2cF6ttG4VvFSzAMOcfQW74MPmHnfRhtq0cF7wgnF8VvNGMw1po0xqpgCXoShaOXC6dQpj+PmhX0MLs68MPxhz3oebYMp7to2Qyg47cZcL1zBINsweOqRtVIFi7fVYH3MFuJrE8cQUkslbTWlwvuByI8xUL0dc63tlSa2gePqqw0QHqtN2EfE1cuip5ceflqUNIqRPFMO9C8n15TlOBekQ1LZEMUXgo85oUj6BX2zYj0uSWZLO8xdgTdb8vkvtF6zLvd6DTUonanWRBLEXSpmThwyILuAbEBUfY0YZJaQbY7OtSIveTawbQr8\/W18DYjidC1W0qoXJdGSQcNx8u4PSR9DTHJddlED7D3qBS3l5v8lo\/guG9ucC2VTdwNSR5L5bLN17kZXpo6x93\/tImEb3A0OiRlneMmzlVzdf2S3JR6kN3DtXw2I8hXqRz14xquWpKjPprg2ipruC63qKP9Zpxrs70Y8l4r82RLpcDllSe5ri\/Ez97r5WrK2jjJB64yfZOfHOdKXxTzHMPTLS8xHhUDch5Ncld7xnkPtvd7qrmajyeFPBBmP2sJ5p2X7f4qn6uTe++lXncPknxJaaX5en17KF+MpKBqJHIDkY54iTCSR7PcxN\/IjWcfFys7ktDNP8P1Hg0ZjMAMd7mxg79Jpc\/d76+TGUgUqI6eXJPH9QFXHubqmTAqc\/GsMBLlTXbjv0Ppu3y0TuHO+T7Xe1CtYQhn3P5ihA5fG7n+nmrbJW29iLuN2x8rX4ykoDrcUsp1leHYdKJKPnGn3py+LsSJvZagvNR\/uxsN0u4l5KjqECOoXHZ+E34UJtUwwPpWiegrMICpvx1BxXkLynIV\/jrmvRg5Iw1VyLGrEZJI13fPjfTNCldq\/yL+VcH0w3DleUgq7IXnm7Sg1l6ASmHFl4uF7nhysUHcmYXmo4qUpgylbPc7P9alKtynxcgXY2GoGsnC5buUTBy6IJu4XzyLY3TDAalyv+pGvd2HvCMdwr5c5DhdKsZpMo7xdZXo2DeN1kvyLYcCGD1dj2FTGU5J175wiKQkhG7B+l8F63QLsgmjiaTmkRiQM++B46KLlwN7e+vRMpOH2rYBsfxOI4bomT+fPln5YkRF1UgWLt\/VxnfTCfNrlUjfEKrckB9wQS47Gaaupa0rmYTzr9ORl2uGIcOGsnuNsAdlwm44vyzEqztInHRack4plioXx28l4+maCWa9E66HYjABDGaSBqcrmKYgdx3o9OugB5m0XzOjsiI9uLsK5ufEF1FYp4d3St5YMJaCJXgEHBvDD00YGXIIv5tIUtteIY4Orahc1n5mRBbfiiaPHuGDCh0sxNB0Z1vh4p\/+EOPSDcNxV3zS9dCN7jN2BEW6P85EpqMV3fL4v3YLrxNCj\/RtOnSelaevHeedQixP0OAVbMpH0VQdGi664Rc\/E5geQXOjC0XE8Gnef\/TjEQzLvdGSPMRM5SYrrGPJyBcjFstuJHihErXGfuwRpbbNdzNwsAqYuidE67MPo9bsRF0xic8pRoNzE2r3pkcOcXQWVL61Ee1\/HCQ3rAH51XmYfq+UH8tTr7C6ilqU3JkUeiDqnbYhD1N8fC6KawdhzCniT5MoNH2Hf9AjpL94L1ofZCAvQ4yM6emWzK2Of4DCh60op98l6Sj90xgyfncCVnG7JAtJc+qlPfxcLfeVZri3HsQBTGEymuGRxqGoRsqXmO+cEvIuI5k8tfLdgLMZ9Q\/LcCJ3sTtje9C9fxA\/aanEMvxmz1gBlr8nWRF8cHzUDbc0l3gwAvv7s6QHSNxAAre70X7NK+wEM++Hu8uO\/n\/PYgbyBPPU9CR002z7e63ou+WDbmMWyn5LhmObF\/BkiP4q\/lETmv\/mgCdggCX3IGp\/kxV6esd44mC7pTAYGjwlwy0GY6EA\/wMaXQIn3VhDGgAAAABJRU5ErkJggg==\" alt=\"\"><\/p>","protected":false},"excerpt":{"rendered":"<p>Tegund:&nbsp;K53M-250-S DS06212<\/p>","protected":false},"featured_media":63956,"comment_status":"closed","ping_status":"closed","template":"","meta":[],"product_brand":[],"product_cat":[515,590,757],"product_tag":[],"class_list":{"0":"post-63006","1":"product","2":"type-product","3":"status-publish","4":"has-post-thumbnail","6":"product_cat-verkfaeralausnir","7":"product_cat-maelitaeki","8":"product_cat-onnur-maelitaeki","10":"first","11":"instock","12":"taxable","13":"shipping-taxable","14":"purchasable","15":"product-type-simple"},"_links":{"self":[{"href":"https:\/\/vv.webdev.is\/en\/wp-json\/wp\/v2\/product\/63006","targetHints":{"allow":["GET"]}}],"collection":[{"href":"https:\/\/vv.webdev.is\/en\/wp-json\/wp\/v2\/product"}],"about":[{"href":"https:\/\/vv.webdev.is\/en\/wp-json\/wp\/v2\/types\/product"}],"replies":[{"embeddable":true,"href":"https:\/\/vv.webdev.is\/en\/wp-json\/wp\/v2\/comments?post=63006"}],"wp:featuredmedia":[{"embeddable":true,"href":"https:\/\/vv.webdev.is\/en\/wp-json\/wp\/v2\/media\/63956"}],"wp:attachment":[{"href":"https:\/\/vv.webdev.is\/en\/wp-json\/wp\/v2\/media?parent=63006"}],"wp:term":[{"taxonomy":"product_brand","embeddable":true,"href":"https:\/\/vv.webdev.is\/en\/wp-json\/wp\/v2\/product_brand?post=63006"},{"taxonomy":"product_cat","embeddable":true,"href":"https:\/\/vv.webdev.is\/en\/wp-json\/wp\/v2\/product_cat?post=63006"},{"taxonomy":"product_tag","embeddable":true,"href":"https:\/\/vv.webdev.is\/en\/wp-json\/wp\/v2\/product_tag?post=63006"}],"curies":[{"name":"wp","href":"https:\/\/api.w.org\/{rel}","templated":true}]}}