{"id":63014,"date":"2024-08-03T14:59:10","date_gmt":"2024-08-03T14:59:10","guid":{"rendered":"https:\/\/vv.webdev.is\/?post_type=product&#038;p=63014"},"modified":"2025-01-30T20:43:42","modified_gmt":"2025-01-30T20:43:42","slug":"starrett-laser-maelir-50-metra","status":"publish","type":"product","link":"https:\/\/vv.webdev.is\/en\/verkfaeralausnir\/laser\/fjarlaegdarmaelar\/product\/starrett-laser-maelir-50-metra\/","title":{"rendered":"STARRETT Laser m\u00e6lir 50 metra"},"content":{"rendered":"<p>Starrett Exact\u00ae KLMX-50 leysirfjarl\u00e6g\u00f0arm\u00e6lirinn veitir lengd, flatarm\u00e1l og hlj\u00f3\u00f0styrk me\u00f0 a\u00f0eins einum smelli \u00e1 hnapp og er h\u00e1g\u00e6\u00f0a, l\u00e9ttur og vinnuvistfr\u00e6\u00f0ilegur rafeindam\u00e6lir. <\/p>\n<p>Mikil n\u00e1kv\u00e6mni a\u00f0 innan vi\u00f0 \u00b1 1,5 mm, \u00fea\u00f0 gefur lestur \u00e1 0,5 sek\u00fandum og getur geymt allt a\u00f0 10 m\u00e6lingar. <\/p>\n<p>Me\u00f0 au\u00f0lesnum LED skj\u00e1, hann er me\u00f0 sj\u00e1lfvirkri sl\u00f6kkvun, hlj\u00f3\u00f0merki, er h\u00e6gt a\u00f0 setja \u00e1 \u00fer\u00edf\u00f3t og kemur me\u00f0 IP54 v\u00f6rn, sem gerir hann ryk- og slettuheldan<\/p>","protected":false},"excerpt":{"rendered":"<p>Tegund:&nbsp;KLMX-50 DS24910<\/p>\n<p>ATH a\u00f0eins 2 stk til \u00e1 lager<\/p>","protected":false},"featured_media":63966,"comment_status":"closed","ping_status":"closed","template":"","meta":[],"product_brand":[],"product_cat":[515,589,758],"product_tag":[],"class_list":{"0":"post-63014","1":"product","2":"type-product","3":"status-publish","4":"has-post-thumbnail","6":"product_cat-verkfaeralausnir","7":"product_cat-laser","8":"product_cat-fjarlaegdarmaelar","10":"first","11":"instock","12":"taxable","13":"shipping-taxable","14":"purchasable","15":"product-type-simple"},"_links":{"self":[{"href":"https:\/\/vv.webdev.is\/en\/wp-json\/wp\/v2\/product\/63014","targetHints":{"allow":["GET"]}}],"collection":[{"href":"https:\/\/vv.webdev.is\/en\/wp-json\/wp\/v2\/product"}],"about":[{"href":"https:\/\/vv.webdev.is\/en\/wp-json\/wp\/v2\/types\/product"}],"replies":[{"embeddable":true,"href":"https:\/\/vv.webdev.is\/en\/wp-json\/wp\/v2\/comments?post=63014"}],"wp:featuredmedia":[{"embeddable":true,"href":"https:\/\/vv.webdev.is\/en\/wp-json\/wp\/v2\/media\/63966"}],"wp:attachment":[{"href":"https:\/\/vv.webdev.is\/en\/wp-json\/wp\/v2\/media?parent=63014"}],"wp:term":[{"taxonomy":"product_brand","embeddable":true,"href":"https:\/\/vv.webdev.is\/en\/wp-json\/wp\/v2\/product_brand?post=63014"},{"taxonomy":"product_cat","embeddable":true,"href":"https:\/\/vv.webdev.is\/en\/wp-json\/wp\/v2\/product_cat?post=63014"},{"taxonomy":"product_tag","embeddable":true,"href":"https:\/\/vv.webdev.is\/en\/wp-json\/wp\/v2\/product_tag?post=63014"}],"curies":[{"name":"wp","href":"https:\/\/api.w.org\/{rel}","templated":true}]}}