{"id":63830,"date":"2023-04-28T17:57:25","date_gmt":"2023-04-28T17:57:25","guid":{"rendered":"https:\/\/vv.webdev.is\/uncategorized\/product\/svitol-alhlida-smurefni-6-in-1-200-ml\/"},"modified":"2025-02-14T13:45:38","modified_gmt":"2025-02-14T13:45:38","slug":"svitol-alhlida-smurefni-6-in-1-200-ml","status":"publish","type":"product","link":"https:\/\/vv.webdev.is\/en\/verkfaeralausnir\/efnavorur-verkfaeralausnir\/lasasprey-efnavorur-verkfaeralausnir\/product\/svitol-alhlida-smurefni-6-in-1-200-ml\/","title":{"rendered":"SVITOL Alhli\u00f0a Smurefni 6 in 1 200 ml"},"content":{"rendered":"<p dir=\"ltr\"><strong>EIN VARA, ENDALAUS M\u00d6GULEIKUR!<\/strong><\/p>\n<p dir=\"ltr\">Fj\u00f6lnota vara fyrir heimili, gar\u00f0inn, b\u00edla, m\u00f3torhj\u00f3l, b\u00e1ta, hj\u00f3lrei\u00f0ar fyrir almenna notkun en er einnig fyrir i\u00f0na\u00f0ar- og v\u00e9lr\u00e6nt vi\u00f0hald og fyrir i\u00f0na\u00f0armenn.<\/p>\n<p dir=\"ltr\"><strong>VATNS FR\u00c1HRINDANDI<\/strong><\/p>\n<p dir=\"ltr\">\u00dea\u00f0 ver yfirbor\u00f0i\u00f0 fr\u00e1 raka, vatni og kemur \u00ed veg fyrir upps\u00f6fnun salts&nbsp; og kalksteins \u00fatfellinga sem geta hindra\u00f0 v\u00e9lb\u00fana\u00f0. Verndar rafmagnsv\u00f6rur og rafr\u00e1sir b\u00e6\u00f0i inni og \u00fati fr\u00e1 raka og \u00fatskolun.<\/p>\n<p dir=\"ltr\"><strong>\u00deVOTTAEFNI<\/strong><\/p>\n<p dir=\"ltr\">Hreinsar m\u00e1lmfleti \u00e1 \u00f6fugan h\u00e1tt sem getur fjarl\u00e6gt ryk, ry\u00f0, Trj\u00e1kvo\u00f0a, l\u00edm. Hreinsar og p\u00fassar yfirbor\u00f0 sem eru kr\u00f3mu\u00f0.&nbsp;<\/p>\n<p dir=\"ltr\"><strong>ENDURVIRKJA<\/strong><\/p>\n<p dir=\"ltr\">Endurheimtir raflei\u00f0ni me\u00f0 \u00fev\u00ed a\u00f0 koma \u00ed veg fyrir straumleka fr\u00e1 b\u00fana\u00f0inum. Einangrar ekki snerti, bognar ekki og leysir upp ol\u00edur, fitu, tj\u00f6ru n\u00e9 brunaleifar. Rafmagnseiginleikar \u00feess endurheimta tengili\u00f0ina \u00ed upphaflega skilvirkni og verndar \u00fe\u00e1 \u00e1 me\u00f0an notkun stendur.<\/p>\n<p dir=\"ltr\"><strong>SMUREFNI<\/strong><\/p>\n<p dir=\"ltr\">\u00dea\u00f0 smyr \u00e1 \u00e1hrifar\u00edkan h\u00e1tt og \u00ed langan t\u00edma allan v\u00e9lb\u00fana\u00f0 og verndar \u00fe\u00e1 fyrir sliti. Heldur hreyfingum sl\u00e9ttum og skilvirkum. Dregur \u00far \u00fdskri og skemmir ekki g\u00famm\u00ed\u00fe\u00e9ttingar.<\/p>\n<p dir=\"ltr\"><strong>AFL\u00c6SING&nbsp;<\/strong><\/p>\n<p dir=\"ltr\">Flj\u00f3tt og me\u00f0 l\u00edtilli fyrirh\u00f6fn opnar hva\u00f0a l\u00e6sta v\u00e9lb\u00fana\u00f0 e\u00f0a bolta sem er, \u00fe\u00f6kk s\u00e9 g\u00f3\u00f0um krafti og einst\u00f6kum aukaefnum. \u00dea\u00f0 sm\u00fdgur dj\u00fapt inn \u00ed st\u00edfla\u00f0a v\u00e9lb\u00fana\u00f0inn og br\u00fdtur flj\u00f3tt upp ry\u00f0 og leifar.<\/p>","protected":false},"excerpt":{"rendered":"<p>Tegund:&nbsp;41961<\/p>","protected":false},"featured_media":63829,"comment_status":"closed","ping_status":"closed","template":"","meta":[],"product_brand":[],"product_cat":[517,582,811,515,586,802,805],"product_tag":[],"class_list":{"0":"post-63830","1":"product","2":"type-product","3":"status-publish","4":"has-post-thumbnail","6":"product_cat-lykillausnir","7":"product_cat-efnavorur-lykillausnir","8":"product_cat-lasaspray","9":"product_cat-verkfaeralausnir","10":"product_cat-efnavorur-verkfaeralausnir","11":"product_cat-lasasprey-efnavorur-verkfaeralausnir","12":"product_cat-smurefni-efnavorur-verkfaeralausnir","14":"first","15":"instock","16":"taxable","17":"shipping-taxable","18":"purchasable","19":"product-type-simple"},"_links":{"self":[{"href":"https:\/\/vv.webdev.is\/en\/wp-json\/wp\/v2\/product\/63830","targetHints":{"allow":["GET"]}}],"collection":[{"href":"https:\/\/vv.webdev.is\/en\/wp-json\/wp\/v2\/product"}],"about":[{"href":"https:\/\/vv.webdev.is\/en\/wp-json\/wp\/v2\/types\/product"}],"replies":[{"embeddable":true,"href":"https:\/\/vv.webdev.is\/en\/wp-json\/wp\/v2\/comments?post=63830"}],"wp:featuredmedia":[{"embeddable":true,"href":"https:\/\/vv.webdev.is\/en\/wp-json\/wp\/v2\/media\/63829"}],"wp:attachment":[{"href":"https:\/\/vv.webdev.is\/en\/wp-json\/wp\/v2\/media?parent=63830"}],"wp:term":[{"taxonomy":"product_brand","embeddable":true,"href":"https:\/\/vv.webdev.is\/en\/wp-json\/wp\/v2\/product_brand?post=63830"},{"taxonomy":"product_cat","embeddable":true,"href":"https:\/\/vv.webdev.is\/en\/wp-json\/wp\/v2\/product_cat?post=63830"},{"taxonomy":"product_tag","embeddable":true,"href":"https:\/\/vv.webdev.is\/en\/wp-json\/wp\/v2\/product_tag?post=63830"}],"curies":[{"name":"wp","href":"https:\/\/api.w.org\/{rel}","templated":true}]}}