{"id":64080,"date":"2024-08-20T14:12:50","date_gmt":"2024-08-20T14:12:50","guid":{"rendered":"https:\/\/vv.webdev.is\/?post_type=product&#038;p=64080"},"modified":"2025-01-30T20:47:14","modified_gmt":"2025-01-30T20:47:14","slug":"hyundai-skrufjarn-med-aukahlutum","status":"publish","type":"product","link":"https:\/\/vv.webdev.is\/en\/verkfaeralausnir\/rafmagnsverkfaeri\/skrufjarn-rafmagnsverkfaeri\/product\/hyundai-skrufjarn-med-aukahlutum\/","title":{"rendered":"HYUNDAI Skr\u00fafj\u00e1rn me\u00f0 aukahlutum"},"content":{"rendered":"","protected":false},"excerpt":{"rendered":"<p>Tegund:&nbsp;HYBSD36<\/p>","protected":false},"featured_media":65099,"comment_status":"closed","ping_status":"closed","template":"","meta":[],"product_brand":[],"product_cat":[515,592,832],"product_tag":[],"class_list":{"0":"post-64080","1":"product","2":"type-product","3":"status-publish","4":"has-post-thumbnail","6":"product_cat-verkfaeralausnir","7":"product_cat-rafmagnsverkfaeri","8":"product_cat-skrufjarn-rafmagnsverkfaeri","10":"first","11":"instock","12":"taxable","13":"shipping-taxable","14":"purchasable","15":"product-type-simple"},"_links":{"self":[{"href":"https:\/\/vv.webdev.is\/en\/wp-json\/wp\/v2\/product\/64080","targetHints":{"allow":["GET"]}}],"collection":[{"href":"https:\/\/vv.webdev.is\/en\/wp-json\/wp\/v2\/product"}],"about":[{"href":"https:\/\/vv.webdev.is\/en\/wp-json\/wp\/v2\/types\/product"}],"replies":[{"embeddable":true,"href":"https:\/\/vv.webdev.is\/en\/wp-json\/wp\/v2\/comments?post=64080"}],"wp:featuredmedia":[{"embeddable":true,"href":"https:\/\/vv.webdev.is\/en\/wp-json\/wp\/v2\/media\/65099"}],"wp:attachment":[{"href":"https:\/\/vv.webdev.is\/en\/wp-json\/wp\/v2\/media?parent=64080"}],"wp:term":[{"taxonomy":"product_brand","embeddable":true,"href":"https:\/\/vv.webdev.is\/en\/wp-json\/wp\/v2\/product_brand?post=64080"},{"taxonomy":"product_cat","embeddable":true,"href":"https:\/\/vv.webdev.is\/en\/wp-json\/wp\/v2\/product_cat?post=64080"},{"taxonomy":"product_tag","embeddable":true,"href":"https:\/\/vv.webdev.is\/en\/wp-json\/wp\/v2\/product_tag?post=64080"}],"curies":[{"name":"wp","href":"https:\/\/api.w.org\/{rel}","templated":true}]}}