{"id":64429,"date":"2024-09-01T16:27:25","date_gmt":"2024-09-01T16:27:25","guid":{"rendered":"https:\/\/vv.webdev.is\/?post_type=product&#038;p=64429"},"modified":"2025-03-03T14:46:11","modified_gmt":"2025-03-03T14:46:11","slug":"olfa-hnifablod-brota-9mm-ab-sol-50-50-stk","status":"publish","type":"product","link":"https:\/\/vv.webdev.is\/en\/verkfaeralausnir\/handverkfaeri\/hnifar-og-bryni\/product\/olfa-hnifablod-brota-9mm-ab-sol-50-50-stk\/","title":{"rendered":"OLFA Hn\u00edfabl\u00f6\u00f0 brota 9mm AB-SOL\/50 50 stk"},"content":{"rendered":"","protected":false},"excerpt":{"rendered":"","protected":false},"featured_media":70761,"comment_status":"closed","ping_status":"closed","template":"","meta":[],"product_brand":[],"product_cat":[515,588,766],"product_tag":[],"class_list":{"0":"post-64429","1":"product","2":"type-product","3":"status-publish","4":"has-post-thumbnail","6":"product_cat-verkfaeralausnir","7":"product_cat-handverkfaeri","8":"product_cat-hnifar-og-bryni","10":"first","11":"instock","12":"taxable","13":"shipping-taxable","14":"purchasable","15":"product-type-simple"},"_links":{"self":[{"href":"https:\/\/vv.webdev.is\/en\/wp-json\/wp\/v2\/product\/64429","targetHints":{"allow":["GET"]}}],"collection":[{"href":"https:\/\/vv.webdev.is\/en\/wp-json\/wp\/v2\/product"}],"about":[{"href":"https:\/\/vv.webdev.is\/en\/wp-json\/wp\/v2\/types\/product"}],"replies":[{"embeddable":true,"href":"https:\/\/vv.webdev.is\/en\/wp-json\/wp\/v2\/comments?post=64429"}],"wp:featuredmedia":[{"embeddable":true,"href":"https:\/\/vv.webdev.is\/en\/wp-json\/wp\/v2\/media\/70761"}],"wp:attachment":[{"href":"https:\/\/vv.webdev.is\/en\/wp-json\/wp\/v2\/media?parent=64429"}],"wp:term":[{"taxonomy":"product_brand","embeddable":true,"href":"https:\/\/vv.webdev.is\/en\/wp-json\/wp\/v2\/product_brand?post=64429"},{"taxonomy":"product_cat","embeddable":true,"href":"https:\/\/vv.webdev.is\/en\/wp-json\/wp\/v2\/product_cat?post=64429"},{"taxonomy":"product_tag","embeddable":true,"href":"https:\/\/vv.webdev.is\/en\/wp-json\/wp\/v2\/product_tag?post=64429"}],"curies":[{"name":"wp","href":"https:\/\/api.w.org\/{rel}","templated":true}]}}