{"id":64989,"date":"2023-04-28T17:45:29","date_gmt":"2023-04-28T17:45:29","guid":{"rendered":"https:\/\/vv.webdev.is\/uncategorized\/product\/d-line-arne-jacobsen-hurdarhandfang-rydfritt-aj97-fyrir-assa-laesingar\/"},"modified":"2025-01-30T17:30:49","modified_gmt":"2025-01-30T17:30:49","slug":"d-line-arne-jacobsen-hurdarhandfang-rydfritt-aj97-fyrir-assa-laesingar","status":"publish","type":"product","link":"https:\/\/vv.webdev.is\/en\/lykillausnir\/hurdabunadur-lykillausnir\/hurdarhunar-hurdabunadur-lykillausnir\/product\/d-line-arne-jacobsen-hurdarhandfang-rydfritt-aj97-fyrir-assa-laesingar\/","title":{"rendered":"d line Arne Jacobsen Hur\u00f0arhandfang Ry\u00f0fr\u00edtt AJ97 fyrir ASSA l\u00e6singar"},"content":{"rendered":"","protected":false},"excerpt":{"rendered":"<p>Gl\u00e6silegt hur\u00f0arhandfang fr\u00e1 Arne Jacobsen<\/p>","protected":false},"featured_media":64988,"comment_status":"closed","ping_status":"closed","template":"","meta":[],"product_brand":[],"product_cat":[518,545,571,517,597,667],"product_tag":[848],"class_list":{"0":"post-64989","1":"product","2":"type-product","3":"status-publish","4":"has-post-thumbnail","6":"product_cat-honnunarlausnir","7":"product_cat-hurdabunadur","8":"product_cat-hurdarhunar","9":"product_cat-lykillausnir","10":"product_cat-hurdabunadur-lykillausnir","11":"product_cat-hurdarhunar-hurdabunadur-lykillausnir","12":"product_tag-dline","14":"first","15":"instock","16":"taxable","17":"shipping-taxable","18":"purchasable","19":"product-type-simple"},"_links":{"self":[{"href":"https:\/\/vv.webdev.is\/en\/wp-json\/wp\/v2\/product\/64989","targetHints":{"allow":["GET"]}}],"collection":[{"href":"https:\/\/vv.webdev.is\/en\/wp-json\/wp\/v2\/product"}],"about":[{"href":"https:\/\/vv.webdev.is\/en\/wp-json\/wp\/v2\/types\/product"}],"replies":[{"embeddable":true,"href":"https:\/\/vv.webdev.is\/en\/wp-json\/wp\/v2\/comments?post=64989"}],"wp:featuredmedia":[{"embeddable":true,"href":"https:\/\/vv.webdev.is\/en\/wp-json\/wp\/v2\/media\/64988"}],"wp:attachment":[{"href":"https:\/\/vv.webdev.is\/en\/wp-json\/wp\/v2\/media?parent=64989"}],"wp:term":[{"taxonomy":"product_brand","embeddable":true,"href":"https:\/\/vv.webdev.is\/en\/wp-json\/wp\/v2\/product_brand?post=64989"},{"taxonomy":"product_cat","embeddable":true,"href":"https:\/\/vv.webdev.is\/en\/wp-json\/wp\/v2\/product_cat?post=64989"},{"taxonomy":"product_tag","embeddable":true,"href":"https:\/\/vv.webdev.is\/en\/wp-json\/wp\/v2\/product_tag?post=64989"}],"curies":[{"name":"wp","href":"https:\/\/api.w.org\/{rel}","templated":true}]}}