{"id":65971,"date":"2024-09-23T10:27:45","date_gmt":"2024-09-23T10:27:45","guid":{"rendered":"https:\/\/vv.webdev.is\/?post_type=product&#038;p=65971"},"modified":"2025-01-30T20:51:52","modified_gmt":"2025-01-30T20:51:52","slug":"winbag-mini-114823","status":"publish","type":"product","link":"https:\/\/vv.webdev.is\/en\/verkfaeralausnir\/handverkfaeri\/loftpudar\/product\/winbag-mini-114823\/","title":{"rendered":"WINBAG Mini 114823"},"content":{"rendered":"<h2 style=\"box-sizing: inherit; font-family: industry, sans-serif; font-size: 1.5rem; margin-top: 0px; margin-bottom: 1em; color: rgb(17, 17, 17); padding: 0px; width: 1137.22px; white-space: normal;\">WinBag WIN103308 Mini Clamps with air<\/h2>\n<h3 style=\"box-sizing: inherit; font-family: industry, sans-serif; font-size: 1.25rem; margin-top: 0px; margin-bottom: 1em; color: rgb(17, 17, 17); padding: 0px; width: 1137.22px; white-space: normal;\">Description WinBag Mini<\/h3>\n<ul style=\"box-sizing: inherit; margin-bottom: 0.078125rem; padding: 0px 0px 1.5em 1em; color: rgb(17, 17, 17); font-family: industry, sans-serif; font-size: 16px;\">\n<li style=\"box-sizing: inherit; margin-top: 0px; margin-bottom: 0.03125rem;\">The Winbag is a unique mounting pad with incredible strength.<\/li>\n<li style=\"box-sizing: inherit; margin-top: 0px; margin-bottom: 0.03125rem;\">Use the cushion to secure windows, push up cabinets and for many other applications.<\/li>\n<li style=\"box-sizing: inherit; margin-top: 0px; margin-bottom: 0.03125rem;\">The big advantage is that you don&#8220;t damage anything during assembly.<\/li>\n<li style=\"box-sizing: inherit; margin-top: 0px; margin-bottom: 0.03125rem;\">The Winbag Mini has a high load capacity of 70 kg and its compactness makes it a must for any handyman.<\/li>\n<li style=\"box-sizing: inherit; margin-top: 0px; margin-bottom: 0.03125rem;\">You save time with its user-friendly design, which also makes it easy to tackle larger assembly jobs yourself.<\/li>\n<\/ul>\n<h3 style=\"box-sizing: inherit; font-family: industry, sans-serif; font-size: 1.25rem; margin-top: 0px; margin-bottom: 1em; color: rgb(17, 17, 17); padding: 0px; width: 1137.22px; white-space: normal;\">Technical data<\/h3>\n<ul style=\"box-sizing: inherit; margin-bottom: 0.078125rem; padding: 0px 0px 1.5em 1em; color: rgb(17, 17, 17); font-family: industry, sans-serif; font-size: 16px;\">\n<li style=\"box-sizing: inherit; margin-top: 0px; margin-bottom: 0.03125rem;\">Net weight (kg) 0.06<\/li>\n<li style=\"box-sizing: inherit; margin-top: 0px; margin-bottom: 0.03125rem;\">Load capacity 70 kg<\/li>\n<li style=\"box-sizing: inherit; margin-top: 0px; margin-bottom: 0.03125rem;\">Material: fiber reinforced plastic<\/li>\n<\/ul>","protected":false},"excerpt":{"rendered":"<h2 style=\"box-sizing: inherit; font-family: industry, sans-serif; font-size: 1.5rem; margin-top: 0px; margin-bottom: 1em; color: rgb(17, 17, 17); padding: 0px; width: 1137.22px; white-space: normal;\"><span style=\"color: rgb(101, 101, 101); font-family: &quot;Source Sans Pro&quot;, sans-serif; font-size: 14px; font-weight: 400;\">Loftp\u00fa\u00f0i fyrir glugga- og hur\u00f0a\u00edsetningar. Loftp\u00fa\u00f0inn er handpumpa\u00f0ur og hefur bur\u00f0ar\u00feol upp \u00e1&nbsp; 70 kg.<\/span><\/h2>","protected":false},"featured_media":68050,"comment_status":"closed","ping_status":"closed","template":"","meta":[],"product_brand":[],"product_cat":[515,588,961],"product_tag":[],"class_list":{"0":"post-65971","1":"product","2":"type-product","3":"status-publish","4":"has-post-thumbnail","6":"product_cat-verkfaeralausnir","7":"product_cat-handverkfaeri","8":"product_cat-loftpudar","10":"first","11":"instock","12":"taxable","13":"shipping-taxable","14":"purchasable","15":"product-type-simple"},"_links":{"self":[{"href":"https:\/\/vv.webdev.is\/en\/wp-json\/wp\/v2\/product\/65971","targetHints":{"allow":["GET"]}}],"collection":[{"href":"https:\/\/vv.webdev.is\/en\/wp-json\/wp\/v2\/product"}],"about":[{"href":"https:\/\/vv.webdev.is\/en\/wp-json\/wp\/v2\/types\/product"}],"replies":[{"embeddable":true,"href":"https:\/\/vv.webdev.is\/en\/wp-json\/wp\/v2\/comments?post=65971"}],"wp:featuredmedia":[{"embeddable":true,"href":"https:\/\/vv.webdev.is\/en\/wp-json\/wp\/v2\/media\/68050"}],"wp:attachment":[{"href":"https:\/\/vv.webdev.is\/en\/wp-json\/wp\/v2\/media?parent=65971"}],"wp:term":[{"taxonomy":"product_brand","embeddable":true,"href":"https:\/\/vv.webdev.is\/en\/wp-json\/wp\/v2\/product_brand?post=65971"},{"taxonomy":"product_cat","embeddable":true,"href":"https:\/\/vv.webdev.is\/en\/wp-json\/wp\/v2\/product_cat?post=65971"},{"taxonomy":"product_tag","embeddable":true,"href":"https:\/\/vv.webdev.is\/en\/wp-json\/wp\/v2\/product_tag?post=65971"}],"curies":[{"name":"wp","href":"https:\/\/api.w.org\/{rel}","templated":true}]}}