{"id":66290,"date":"2023-04-28T17:48:14","date_gmt":"2023-04-28T17:48:14","guid":{"rendered":"https:\/\/vv.webdev.is\/uncategorized\/product\/starrett-sverdsagarblad-tre-6-tpi-5-stk\/"},"modified":"2025-01-30T17:36:34","modified_gmt":"2025-01-30T17:36:34","slug":"starrett-sverdsagarblad-tre-6-tpi-5-stk","status":"publish","type":"product","link":"https:\/\/vv.webdev.is\/en\/verkfaeralausnir\/rafmagnsverkfaeri\/aukahlutir-med-rafmagnsverkfaerum-fagmenn\/product\/starrett-sverdsagarblad-tre-6-tpi-5-stk\/","title":{"rendered":"STARRETT Sver\u00f0sagarbla\u00f0 tr\u00e9 6 TPI 5 stk"},"content":{"rendered":"<p><img decoding=\"async\" src=\"data:image\/png;base64,iVBORw0KGgoAAAANSUhEUgAAAWsAAACfCAYAAAA\/MvjDAAAAAXNSR0IArs4c6QAAAARnQU1BAACxjwv8YQUAAAAJcEhZcwAADsMAAA7DAcdvqGQAADiSSURBVHhe7Z0NbFNXmvf\/87JyhWTUlRGjWFRxO8JQ1bRSIqRk2BJ4lZRdkuySZBbIqCRoMeityXaBbpuknZDOhrTLRxeSmSVmXxpekVBNkqoJaJKgCUYTkhnqaCCRIEYQowFHpY6KYhXFGhSr6L7n3A\/72vHHdb5IhueHLvHxuR\/nnnPuc59z7vXz\/5HAAEEQBLGg+V\/yX4IgCGIBQ8aaIAhiEUDGmiAIYhFAxpogCGIRQMaaIAhiEUDGmiAIYhFAxpogCGIRsOiNte9SJey35M9XqpHf5JISs4nPgeqtzZiDPRN\/rTzqQuVp6jHE7DF\/xvphB8qKm+F+KqfnAEN2DTpLLXJqBkReaIYc1FwswSzsOS6B+12of7cImzdtwqatZai\/5EFAybtlx3tnXcG0QmCgHnub3HJKBT8Hvp\/gshlF79aj637EHvxudJ0sQ9EWvk4+dh1qxqBPzmO4v6hEx6ickOHH3DzFELnRXNEBD\/\/Iyho6rmqp6ALfNb\/Bhn2\/pQhlJ7vgecI3njn+3lrUD0Sc52gH9srHD+FH3+F6OCMrlSAWIPNmrD0DLqzd5EH3EF0ZUQkMwv7JPWT8ogU9vb3o\/bIKGe5a2K9L9aV73QproBHNt1X198QJ+xkDyt82y1+EY6poRy\/fl7j0oKUyA\/c+OYa+x\/IKARcaDxzDaEYVWjr5Op04tVOPC\/+nNriO+TUTBlzhJs495EX6o8HwG+\/oMJxrVsMkJzPDji0vR\/NgkPN3\/Fr1fWcLqjLuofqXkcZ0euhfTYN3KPwG5nONYjluY1A5d05gGENPLFitk9MEsYDRZKyHh4exYcMG\/OhHPxL\/8nRSPHWj78+ZKNmdC93AcLh3KHqxTrhbKiXvjnlZtRdDHqU4zXHNjdaPJI9z87ZadER6hwrMo6u8pLrcfYNoDm5XieahUJ5vqBnVpfmiZ8fzWu9K+xS9vm3H4WwpY3mV6HrEv3XBrvbKnnrhULxRVt7KpkH4FMMlns8gvL31KNvKPcd8vNfiDp0zXy\/a6OKRH6n7rchMkS2HzojM\/50OL\/te\/gKWXVYEzjbDJe4sAOfpRhgqS2BeIq6QEN3KTFh3At0D0pn4+1vh\/tlR2NYboZP3oV9TiKrq5Wi9KBs7swX6OyOqNnNj8NEGlKzzwHlf\/orh\/7MLqy3RbxoJWaKDcb0NtpT+MK9+2qSshuX+iOTli\/gxfFOH7cV6DA0p9ckYdcO7zhy8gXivsDbbtpm1GRuFfBQ+wuDEzX8S6qP5+9gIxq06DkHMApqMtc1mwx\/+8AfxM\/\/L00lxuw\/+TVnQ69KRs6wfzsh+fLERjtRytF9iXtbFk0gbKAt6lJyOsw6YDraLHmfnf6Vh4IAdg6Hs6LAbRHN5G\/S7m8Ttej63Qv8lM\/QPWd7DDtR+aYD1fzpFz67n8+3wHZf2adhyhHm1HyCz+BTLO4K8FdLuQrCh86fVGHqjXPJGO5tQsqQRFcwgB7lmx3lfLo62s\/wrZ5B9sxat96Qs1xf5qLwSxSKtzELh63o5wXjigeN3fmxIU0wJY6kF1l0BNJ53wTdgR5upCiWr5DyN6JYukz8FmAELICdDtX8Z3WsZWDs0Ai9P6M1IG3MxEy1zzwnPup\/CYrHAfTNkDkdcQJplobioZlhSB+BWqtk\/iIEXs5BuSYNuKOQseO+4YXlDGgvwqZPq6xaUf9HD2r0HTT8HGstD03bx8\/mN8xjG8k+h8wrro3UFeKG\/G05xS4KYHTQZa8VQK0Sm4xPA4J90yEmTLmRzdipcAxHWOp95Vetlo6EzIe8dK4aZB65QWGZDpmw0dal5sO0aZkNzKR2T2w4M\/eN+FK6SDeCLZhTuTMPon9kVvLIQJz7Ng2mplIUX05G1zguveogci0dX0a2zYn+2SfJGl+hhebsKuX9kF6diBYwFsBaZoRfzjcjblgmXbDkspZ04snmqgVQIzuduOQbP31uRlyJnyEjTIXUobknF\/q3KpIM2AmNO2E955RuAH+NjJhijFWXJy0jVjcojCSNWv+HGiDxv7bnJDJyFbZS6FmbXsLyOG65RC0yqe43zaJF0HsFFGaVE4WkAXnaDa\/TnIjN21STFaoue1bnUIAHXEHRpzOvXrUVaYEg2sH64h5bDnMo\/+3D10guw\/lsOTPL9Rv96Car+0Ylu0WlIkO93wvF4B6zKCIX14Zxd25EurUoQs4ImY\/3mm2\/KnyQi03FhHXloeU5oqM6G4inXL0tem8KSF+QPMqmrkT7qlQ0B42\/kvzImczo8Y8HcqPi+8cD8E6OcknmtBPs3SNbAf5t518rDPLaUtYhfJ2aMWa03ViPchzRi7d9NYFwx9q+8HBxai0SUPx6iZ8\/ncS9VwfL7WjSq56hFAhhnRs+4ZAz+yKwIPGEGczOKP3EgtbIqymghPuK89R1e3z4Mu8xYKxo4MzJ\/cg\/D\/L47NgL3G2uD89WcqXPW4aOU1neVcrElOx\/V11ah6n02+pLzw4j1wJItYdNeKsR5a5c0HnAPBWSvX4\/0DOY88OmbpyNwIQ1rxYb0YhSvYbVy85YxWjIx4eMnmCD\/yQT8qcbwsrP+Ht5HCGJmaDLWdrs9aKD5X57Win\/AgeaTP1ddYD9H\/SUHnHw64lnxsAPVdh9yK+WHeWw5VSznTZPAZOTczgxZakTm9my4+sIflPl769CdVoMzu3VoODsYHNJHRZzKUYxlD9p\/XYXC1xSTosfyFA+80Wzd0wcYDaSGbjh83to1goB\/GPdMmcxMy1+\/ocOQKwD\/nSEYX0tuvlr9gLHnaB6W\/YQZ+whjGOR1m+o8wpcjW2K44nze+i6ft3Zj0J+GdPm09ZZV8PHpm\/sueJm3HfXmoBBg5yZ\/jIqSzzx13Qtkmom5RZOxXrt2Lfr7+8FDX\/O\/PK0NNny8ZsaZKxEX2Rc5GLiiMkJPJ+UPMqMjGGSeSvAy\/EH+K+NxD8KUEuMilTG8ZIL7z2H+OzPSfei45WcX6wDMu61IXxm6wCajPfSLRgpzK8MeuHG8GLluxPIX5eQ08PUeR\/NtORGLx32o60nD\/i1suM1GCfuWNqJx2m\/X6LCWGVuH\/LBRTeD2AIbTVrPxgox+LdIeueC8PiBNJyisSQOuD4vz1dN9tsjRZVhR4G6EI9Y0ybQwI\/2VIbj7nfBY0kNGecVapLqHMXjHDfOryhkakbrkHkYiXh30sn5mNPAtE+Trl0Hn9sQ37AQxQzQZ62nz8Cr6uSemTIEorNyIDR5n6NWvzkY0MyMq4nej4\/QFpGeFbggd\/A0IeYrBf68D9gvpyEr00vNrOUj7bT067sn7fcz2e+oCs+J60ZA7e\/ukNzjk+VJ7p7SaCJ+WGfOG3vBQs2Ijcv2NqL\/iQUDc3g93ez26\/y4XmVqcK3Eb6aMag3kVhuyNGByTjW\/AC2fbBZjWKVbQB8fRbqT9Wx6MYn3qYNm5D7qzbJtpvp+s37AD5q8qYL\/mlc6F4b\/bgdqacezYqra+Bqy2eNB9SYe0NfJXHHEOuA1tzHM1x3VRE6FH1q4MOE73zarBM73KbkadPmmOPYgJa18aQlu\/EZZX5K\/Y+W3cPIHGXzngkauf10P9bzORu443aoJ8PftraEXjNfnGx9vuN230gJGYVebUWLuvOGBZH83lMuCn61yhd67zC2EZqpVehdtWAVdGDayvhyxfYYEFg0el+eWiD13I+A8rEr54sMSMkmPb4T9bKr26t6cR\/m1VKFzJ8l63osrYjT357Hj5xai\/l4EDZcyh\/0baFIZMFKxoRXH2ZjRO8XaZYfmoBmk3j6FY3L4Ujf7tOFqszbWM\/TZIIWr2p6D\/k2KpvG\/XYsBcBZtoLJgXd+kYHOv3hz9w1FlQYtOhMdF0SCzY9ta6cqQO1ErnsikfZef9KGioQlbEKMH8hhGDKRlID6t3Pda+ykY6L6m8cJmpDxjZMuVHKSpS8mCzdKN5Ft\/D11uY5\/99KtLFOfYQ5jeWY1BvwWqVE6HfVIUa1iePvS29mld6zo\/tx0KvRcbP1yF9bzlSOvfIbVcP97oC5IlbEsTs8Oxlvfh7yV+9jCPvRHeV+dsRrS8dge11+QuCIIjnkLmdBiEIgiBmBTLWBEEQiwBSNycIglgEkGdNEASxCCBjTRAEsQggY00QBLEIIGNNEASxCFj0xlqMd02yXrOEC81bq+GI+csVFZGxw5PAdTpOBL4kyhB\/P8SC4qkXfac75FjszwH8+uhxoavCznq0D30tM1dCmj9jTbJeUXGd3oSyixExTFT42Q0o7i\/\/wogQSUgaC0ou1iAnftiVuPDzmfLLxeDCO24iZl6GhUjgoRuOi3Yx0mOj7FwEeerDYFM1doliFdGFD6bAt2mplcQQIto8njzcs8L95XlMFBRKvzx+GoBvdBBdLfWoLq2Oc8P1oetkKzyyzQjcbUWlIv7wbj36xqTvY5HM+nHbR4XvUj1aFdENleDE5m2snntD17H\/u3GYX2KdeKkeOhiQtdWI7hmGU5g3Y02yXrFgt4ABR4ybmBeXr7in\/JR7IWN5RxWwKyjioHxnm3MdywXJrWYcPDcIvFqAkr9fPcVwejtr0aYvwSkuVsGFDXbp0Xa4IzyMsJoAG328W4uh1BIc5mIIKrm0RPJwzwTmqF3QbQ+GSvBdOYZj3V4Y11tRsD5OuR5exe2fZMHEf9I\/2oHqtuWwKeIP\/5qK7ipmyKU1p5LM+gnaJ4QXV2+mIovHlHnqQcfhVix\/R6rnns8PILWnWjbkXjjvWJCjd+JeRo4UpXJpOkreGEDzrem3gyZjTbJesyjrNYW1KMyOcRO768BAxnZkyUnOFK9JuZuLMZ\/L0DpwHEUsT5kaUsqaH7k+Q5xGGOrD8T2Kd8Y8GXHYJhHzWLOBX9Wme46rvJ7wMnDFHC7oGyx\/TC8xwM7nPdhl2S7x3O7HOgbD71L1qVD7c8Tz3hfqG+p+E1aeyLaPNWp8nRnij3YgZ40Ry1TxSCT87IwLsF8Rq2Do12zEBt1YqL9F4L3UCuw\/Aet6EwyRMXISyMNJ11PoHILn\/tARPGcuSxaqK6nvu9j1Inmp+Sg72QfvUz9cqmu2Mk4fd\/e68NqGULRzw+YqHHknD+mpekREsg\/D3XsPaZskV8XV7UKOWvxhTSG2pw1hOIZXntT6cdtHxT0H7q17S3KebnfDlX0AOanyAbi4ybZ0DIlx343IKSuEKbVQjJCpoN+QjUC3c\/reNf9RTCLefPNN\/sOZ4MLTSXHzc6HhT5Pix5FzdcLVCfGjxHedQsU\/7BEa\/jgupScfCJ0f5gl18vrj3RXCW9YG4evvxKQw6WHr\/1OdcEPKFvMbbkqfhZsNQkW3vJ8fRoQma4XQ7pYP9v2I0P7hQaH9G\/b5m3bh4IedwoO\/SFnC9zeEBmton2KZ7MNygjMsNJR3CtKeJ4SrNXuEY44HwuQPLPnDhDB8fp+w5\/yImCtuW8LyvxoRJsT8b9n5lApNbik7kmF7gzA8eUOoq7nM9qxmUrhRf1i4\/L3q2Hw9Vhc3xuWCinUln5OIupycSeHr+oNC0015z5PfSmm5LMP2t4S8j9uFkeCBx4XOclYe\/jHRsdR1HYsp9SgxbC8WSv+dtalX2vfEYINQWnNVPn9VGeS6rgv2DV5+lpb7xrC9QugU+8WkMHL+oHCo+1vxe07cY\/zwQGj\/+Jhw2SOfG+8bLH31e55g\/cbG+qjc33heS\/kh1g5ScoS1dV2fXB7W9iNtFcIhB9\/ruHD547eEz11SVizC+ms0fpgUxm82CYcbh9lZRYOV\/USL8HV3nbDvnzYKGzfmCftOXBW+5X0tGn95IFw+fkzo9EpJfvziEpZWzv0b3l\/3CfuOsH4gn+OEk9VV\/Q35+KxP7SgW9tlvyP15QrhhLxX22Q6xdvlWugZY32gv36fqh2p4Xbez\/6MTasMI+PV7XLkmJoVvXQ8iro8J4XIN6ydRzzvZ9UPEa5+Rc6zPyHU06R0WHsifFSYch+O3LSvD1Zo64evoDZsQTZ41yXqpmKGsVzQml6Qj1+TAZbUgw+M+dCM3PPqdLh37P7chXXGnWF39dIMOMUVzHl2G429tKFG0HbmXJQoaKJW3HDt+Xhg9vGmyx0qSzF0h70+fVoDtPtfUISqv6xfVfYOV\/+c7mOcbvqb3Ui2aDR+gRuXFcGIeg3tFG2zhXtFWvSwkHGD\/UkJyZyxvx+FyZMl1FJgEUpRM1vbmohqUr+eZBuT8sgfW16Ss5GEeLPfWszdjzwUDrDst0ZVmAl6M9rTCEVA0PltwwNSNarUGKEMcIYre\/1R5OPMuG\/KUc1+Zh+0ZAeTwfiD3NT0buuc89KimYXJxYG+63J\/1SC\/YjhfMuSGhZdY33mJ1P\/pNFN\/a74FrhSlMRUgTim6rmNDB+JopFJOcEbjVjCHWppaonnCy62vgqQt9E9nB61GXYoFJfW0+caH5ehoK4ra\/HibLOLwJ5tpjoclYR8p4RabjQrJeCWS9JLUWc3YG1IIM3l4HTH+fPvWCfeiE\/dAuaRjOlqKjcaIms7I6zu6VLlplKT4euqmwS8gQVtAIkjlWUpiQqgzTRVj7R7NMvK7NL4dnrcjBB9uUcLQBjH5ViV1tFpRsjmjrOMfgfcNxWBryB5eDrfI0hgWFu3yoK8rHrvdr0XjJxfqqPqj+bikoge9EPvJL30Pt2S642LBaH0vhJikssPE55is9+Hx7APZPHWL\/D3tgyx96P2YX++ZylG9VnAF+w7AxZ6EvNHXEiCcPZ\/yx2oyxmlmyHLqwc1jO+u9YaLhuMmC52sixz1x4WV27+uXLWT+OMsDnkmeR13dCmIPXF0DGG9E6BWOsC8cumLFTuTnzqcdgW0Z5Qyhy\/WkQGOpDIGNt1G7Kpxq7PutgN0El1nxsli0NYEyLUxgFTcaaZL0SM2NZr5VvIdfrkFTbn7rhGMhAjjrQPycwiPqP+5G68yTaZfWd9opMOTM6U7UQ2RIjHG0Y0zjW\/DOM4WVWtLwzxoxqcvPpalkxZVEkwgwZNpxqb8epgztgesz6yr7G0CtnhkzYGjrR3vABdpj86Kgqi6KTOQOW6GBYU4iCFQ58zYxO2ANbpd0iDCUzAdAti1GGGPJwCxrm4PUvy4mInS7DDG\/1acD6UU7IMK7Iw5FgO4ZrfUZdP2n8cPbrg7MDYXBDfZjZw71VyIkQt55tNBlrkvVSMUeyXnyIlFWgx5V+P7uLd8OTLT\/IUHN3AJ6CnchbYwh6epNP4xgKQwoCU8qqkWSPNRfwunY\/CC+\/34WOfqVd05G72Swa15JvjsOu8Um7foURbneM9wjYOYpCxMxo6leakVNchZoCNgS+K2UHZJVind7IRkM7UFVbMEND6EKr7EVrYsXLMF8bDH976Ok4fBP8FTF2xWmRh5tP2I1FH3l9J8A\/MMDaNIqYx1gfjp8HbIcSe7Aiya4fi8dODCyPonjF3x0\/yQ6wtyZcFCQOE0+mPxLTZKynDcl6JceaHKy63sy8RCB3Q\/hQVYQZL11\/H9xKVd1ldXFmUErI6Lxj8CrlZt56gb8W1e1u+JVzvd6KLi2eoIZjzTm8rh+ztlHLZZ2tw+jS5VI6iA4WdvPVnWMesIYfHujScpF2oRr1ipwZb8NLrXDyw\/j7cOxAqL\/x\/ui8xqpD9A386PvsYKiv8u2u9SM4wR2tvyTEDLO+lbW53EYMXtdt9zKQHlWF3oKcAidqTznl\/svKcLERQzlZ4itiieXh5hl2UzONemK\/YjcFLy5fXzV1VOkfROP5cWwv02h4E63PrgVFyi4R3t4hrMqOqD9W74PnzmP8Z\/uRx9WnNMGuPw+7yUcoF2llTo01yXolixFvrWN3a1Nu9CEgG+7t3zKGurf5dFI+Krp1sFbsgNujeJrsQv6ZCxXZm1DZwy0PL+sZ5HjqUKqc620zfrpGw10l4bHmA1b+96uwauCQNG++LVzqLAwuUfZ+Kpo\/Y15qoouQ942GcqRcqkQRq6tNRRXoRibSuc19MQfl\/6pD67vyq3v\/ouo3rDw57++Drk1+dU9u+6p8PgbywXE4Wn9JhA7pZUeR\/agZZUVSXXNpte2HCqeOrGRMW4+i\/MfdOMjXV8qwVX6El0Aebv4xI9PiivmK3RQeOnHv1cwp5+7rb0NzZz12cRvB615Z1D9eU5FofdcXRajt1TKe4e9Mr0JmpEH2XUVbUxfq\/4W\/zqg+RpwffgWGMRBIw9ppNgXJehEEMbc87MDxgXR8UJT4nRB303F4tn6AnBlNKc4id5tx\/JtCfJAdZaSbJH4+RaXfP+0b59xOgxAEQazMQ66\/DV0aXlkzly4gQ81ZUzIrhpq\/2tfqykDJDEY4ZKwJgphjdLC8vRPLLjxHgZzC8KHv\/DCydivvjU8PkvUiCIJYBJBnTRAEsQggY00QBLEIIGNNEASxCCBjTRAEsQhYEMba1ZSP6iuaf3A7Pzw3Ul7EM4f\/bFmT5JUPXR81wjUDSbW5YyGXLQZq6a1HfWjtfPaKOvGYc2MdLvOUj12H7HBEiAdYSjtRkx0\/1se8M4dSXpoJ+OC53oXWk9XY9csocl2jHdgb9usptqhEEpKVQdLEEy\/cVzpg\/7QMRWen3srUogu7DrXCPUPdOZFE9aCGC04okQIjxQE4YYIUsyyoME3CJK9kfNdb5aiQqihyPAbIiyYYfwD0S2f2i0TN0l\/MoNVfi5Lz1I3mUrXIxeyVLYww8YldYijYsNIkuAbitXeY9NaKLBSu7Ia9Vw4lsBDhr+7NJZHBxSc8l4UG6x6h4eY0I3A\/N4wLl2sqhIbuG8IDLo4QJiogE08AwNMuVNRcFh7I1Txxh6WtLTGDwGtjWGiyHRZaHCPCt1wEIkJYYNL1ubDnQ1nM4IdJ4ds\/1rH05anlTgoN9RDkW6H9QIXQfkcOO8\/FAb6qEA5eUEQJuLBBqdDwJzl\/ggtS7IkpDDEvfNMuHPtK3SqTwvC5fcLBxq+FB4rwg8ykKOIxLnzd2CQMK8IZ00EUlqgLCjNEijqEmBRu\/HdDSJRDxYOvjgl1Jw4Gg+3PWtnCYHVhLxUqfqsIfbD9s3Ie\/r1KViCuCEa89v5WuPzf7cIDdp3UBUUrJoTLx7kYiJxcYGgy1rdu3QqqxfC\/PK2VqEoQf\/laqDvQzqpLQq3OIH7+4wOh88Q+IW\/jRuGtf64QWu6w2vvmslBnyxM2su\/yuJKHrHwhMjEstHxYKLylXl9EUk55cKdFqPjnt9i2bwl7joeraowPNsl50n47\/xy+bbAb\/MAal5Wp8B82Chv\/oVCoOHdDGFf2Iyqi3BC+\/X1IvePgb0ZYV5NhnezGuQppW1HZQ6VSI3ZC6WNsIhVgJMZ\/F1vVYtjOVWbkhMyN\/46myjEpfH2Cfa+qz4nfH2YXSEh1JSpRVGCm7p+r3UQ7Jstx1oUf4\/urwuEPO2MrnohEr4cgrB+090WUW11O\/jmogCJzp0nYJ6v8JN\/3pPIMB\/uQotoyIQz\/Rm5v3lfUfSGCkfOHw+uHGe9D52TVoSTRXKffXBXaFfUghWhGb+KqUBetLN5O4VjjsPAgjqpKONPsYz+w+lXZCZHvLwuHgqpC8a+BRO0djck\/1QnH1DeDBYSmaRCbzRZUh+F\/eXpGLM1EzpoBDMYYlvedbgN+dhKdvb3oqduAoU8Oouz8BHL\/s1MMsdqyS4fGtkFpOMSFKz\/rVglXWqH7DRvyK1HTPG2od5iwnwtnXmmHTd+Ixn4llFwfGlp0sP4\/LqrZi\/bqNNw7zobuUwIB+dH3aTWG3ihHS2cvejubULKkERVqdY5rdpz3KeodZ5B9sxat96Qsf38D2pZa0cS3ZWWoWncPx76UtnV9kY\/Kac7XTwZ0McItBmDIKkFm2M92\/fD5THh5ymyTDpm7c3H7tBym8wkbNvZYYEs6ULsP3lG2\/7BIcTq8bGYj1SjtrMuwItdlh0Mc4gcweL4blndmGMpSb0HhBlW5Az64eoZg\/js5yFY0MYNXzFjNhsPK0DqpvsfxnEfDgAVVLbx\/tcC6tBG17x6DI3W\/1FcunkTGUB26osZv92DYbcFaVZ15BkZhWTUSQw8xPprrdCUb8ivqQZwnHjh+58eGtPDOET1UqQ+O8z7k7rRgmfxNYqbZx3wP4FmzOjyo04tmpD0dx7icjH0NMDS0dyS6V9MwORShE7tA0GSsZybrFR2jiV3EMSJxJSU7FFeiiZMJ695MGHm2LEnkuyMHbAwE4DcYYZQbW5eShf3\/VThVgmiGUl6BgB\/LU4xyng7GDftxUg5qw+frj2ye3ny9z+eF6zeyaCmP1nbSIYdHTVLW6MUsWNf3obGX7+889LtZHURbLy56do5TpdEmniiXVSR68ee3fWf74L3djPN\/a0XhNENHTkEUD2Z1snkPOgxWlKgiOE5Btwy6sfGgKsqzlbziITS70HolELo5vMdVuZtjqN9HklydxpP+4kb5qmtqqFJ\/LytL9o7EUS8jmZU+xmHt9SSkYhP7GohBRHtPQW+C5THrx3JyIaHJWEfKeEWmZ5tkZIfiSzQxTKmSoVZgHSSYNGTB9mofSouKsPdQPTqueeDXhSScgsxQysvAbiarekuRv20vqk92wDnqh06fbG+fiqX0DI4cOoL2S9xj51p8DlSecU31CjTIGhmybXitdy\/qXrChZJX8ZVLokL5hOZp\/5YCHF0CMnd2I+nNxIhmvyIHtDQf2ntDBNishZmVet0kiFz2fY8cTO2rFcLHaeLaSV36Mj+WhvEJ1c1hVCFuuMyh+kJAk6jSe9BePRX\/bFBGq9IkTjTczYI2mmKKBmfexqWi+BjQTfjNYSGgy1jOR9YqFl13DqVGDqydPPImm+Ohg2lqF9vYWHN27Abqb9Sg9pF21Q7OU11ITCg+1o7PpKKwbdBj6Vakcb3oWkbX4Cm46EaZbolnWyA+ffzkQZ4iYCN06G2rWuXBsG7thirGz07BzZx5S46ho+JkRW85qfHz6V1dsdAaYtxbAeOXr2G0amEAgZfmMAuzMLjosi7CFy5jx1xoon5N0nUaR\/nL33kPaJrWpDmDw3ADSdmVGOC3JMPM+xsZqCCxNid5esa4BNQuuvbWjyVhPX9YrBuwO7bibgfRZ0CyLK9GUiIBfugi47l1qOvLeOYGqlZL2XRgzlPJSpKCw1ADTujzYjlbBFM+AaMKNVh5oX05FJQlZI8\/FRvjfPoUq0wU0KqIQScNuflv249RFdsO81I4jby+H58+pMRRPGKMdaPx+J05Vp+LCWdU88HS53YraePP\/K5mnGdmO990Y+THznuXkvDJF8sqAl9c4MRjhRY8\/mtAuBaWhThNKfz11w+lNC3\/m4etDW0sHqsXXMqWFCyi3vss+q1+Vi0PSfYxLmN0cCVeZeezGEBvtSFpBCa6BabU3M+bMlD+T\/pAATcZ6NvGPOmB\/txG63cyAyN\/NhLgSTYm434GDn8rDds4jJ\/qHjDBGGuAZSnl52g+yobi8LcM30I\/BlUbp7i7uj39IFhPW6jvQHDzvALz9F3Dh1TRR3ikpGSR2gdd7CtjwVs9GGlbov9AmjxWPwEMXOj6rx1hujHbmD4ZPjqJgdzr0qYWw\/u15NGrUUIwkoGy2yoxlv2lE1115xCNKXrXBvT5dmqIyZIrtGJQJ4xJy5\/qQGU3vbz6IInllySmA85N6OGWHgcvYNQ7lIOsVKR0XjXWaSPorMOSAf1NEOE9DjkqUVlq4gLI4qj2aFz4FGI0k+liwPWFB1t91wx6UpfPBea4Vug3s\/MT8BNfAdNqb1cVoinnqc6sFwDwYayeO82GxeDfOR9kZN8y\/OAVbvIc+yRBPoikRa0pQtZ4N29+WpHnyPx7Aql\/YokhqcXms6Ut5md+uQqZL3pbVwaGBVajamy7evaf\/NogOlr1VsAzUSvvNLkLt9VWokferWQaJqzOz7wp2y8NbVp87duvQeG56837iQ6stRSg73YdlP6uJ2c7eS3a42EWbKXuM5m3aNRTD8DlQu03+pakuHfv\/Mxu+8\/KPKIrK0ByU3eKwdjx4ACmde6QfSfxLHUY318za\/GnyRJG8Ykb2aGUKuv+dP4fZjNKzksSXlodxmus0rvRXAMMDQMYb0dttWiTTx9TtyTAX14iydMXitX0Q3T8uR\/km5TYS\/xqYTnsHbg4gkLZW3n5hQfGsCeJZkoTk1bzw2IHjF034oPQZjTaeKX70HW2G\/mA0h+3ZM+\/TIARBqEhC8mpeeDHnOTXUzKu+1QpXRsmCNNQcMtYE8Ux53iWvFgiP+tDsyoI1OMWy8KBpEIIgiEUAedYEQRCLADLWBEEQiwAy1gRBEIsAMtYEQRCLADLWBEEQi4A5fRuES3qVtciJKezAqV4bLI+6ULntOJzyt\/xVJsPrebC+Z0PeK9ILj\/xXca0vHYHtdTGZEC6J1HCuFX23VmP\/l0eQN0sBowiCIJ4V8\/fqHjfKX72MI+9EqBqy7+3XfwqbKkpe4KET9o8dSPuvKmS9mIyxDsDVdBCNP5Rgf0E6TIYF+nY7QRBEkmiaBhkeHsaGDRvwox\/9SPzL03OJbmUmrDuhEhCIIFbgo4ddaMUBnNidSYaaIIi\/KjQZ61mX9dIAD+AeldvNyI8Rc3omkkgEQRALGU3Gei5kveIRGHPCfso7RRNO5LUSdH6aEyUk40wlkQiCIBYumoz1XMt6eY4WqcJ4bkbxJw6kVlYl+WBwFiSRCIIgFiiajPVcyHqFUXxKFdS8B+2\/rkLha9MJqDJzSSSCIIiFiCZjPeuyXnPCLEgiEQRBLFA0GesFRwxPeUaSSARBEAuYxWes47wNMhNJJIIgiIUMxbMmCIJYBCzOaRCCIIjnDDLWBEEQiwAy1gRBEIsAMtYEQRCLADLWBEEQiwAy1gRBEIsAMtYEQRCLgAVgrF2wV3RF\/5FLQnzoqrCzPcw2MykTEc5ctRFBPF\/MsbHmF6oSTU9a8kurYb\/mlfOfIb5BNB\/ahXyxXPnYdcgO50M5b6Fxyx5Wh5GL\/Za8HkEQf7XMg2fNtRaViHq96Px1CVI6q9F6X85+FgRcaCxvg37nSbRf4eXqxJl30jDwcS36HsvrLCRetwXrr7e3HR9khNepVm1KgiAWL5qM9azKer1oxlvZRgy5o08y+IaaUV0qKb1s3laJ1rsBOYcTgLulEkVbmEe5tQz1l0bgl3NEnnrhOFkmecs8vzeGB\/\/4AdzrSlC4xgCdHDeES4nZ9i4LkxKbuNuKym2bWVk2Y+9nffCqAkjFK6frdCW6hvpUijXMa1efbrxyTjOc61yVR9n2+B5WD8rUUNx6TtBGBEFMDx4bJBFvvvkmjx8SXHhaG+NCZ3mDMCynRL4fEdo\/PiZc\/V5Os9yG8k62JuObduHgh53Cg7+IGWzdG0KDtU64MSklJ511wp76r4VvefqHSeGB45hQulHZ\/6Twdf1BoenmhJgSJr+V0m4pGcYkO+a\/1glffyenp8Dyd5QKB\/9bOdaEcMNeKhz+vbzvBOUctr8l5H3cLozIq0\/8qUEotbUL34qpeOUcFy5\/\/JbwuUvMiUGUOp2z8kzdNtH68duIIIjposlYqw21smiDG5aNwsaN6qVUaPhT8MpnqIx1FIbtFUKnaFQnhKs1h4TLQSPP+VboPCAbgu86hcPnRsRvg3g7hYrGGGZi\/IbQ9GGpUPqvh4XPu28ID8L2y401269s7ETYvg7aY5ucUDn554NCp1f6LMEM3An5u2TLOYUoxjoKs1WeYXux0HRH\/CgRd\/0EbUQQxLTRNA0SKeMVmY5P+Pxqb88RpF2rhv2WenojhP92B2rfLcJmPsRmS1mLnMGG1xNPTDDKkl0SL3BxGImxUTjO7hW3CS7Fx+GMfhjAkI6ST8\/h3DErsnQeXDhchL2nnPAp0xCmVBjVqjNLQofixC4nh60ZFpZVh9Wv6jDK42wnW06NzF15TDCoBS\/jrp+gjQiCmDaajPWsynrpjMjcXYDxC86pc5kPO1Bt9yG3sgU9snE\/VSznYZJtq4t73WdWtIduCsryjkXOjcFSI8zZhdj\/WTtqXrqAxmsaZljjljMx0ypnPOa5PLHXT9xGBEFMD03Ger5kvXw3B2DebUX6ytDlPhl84LYMy5a44Yn1toYhBYE7I8y3S4zvUiXsQ3JChfEnJoz7E+8hfjk5bB8R6ZE7AaRyAeAkyqmVeS1P3PUTtBFBENNmHl7diyDghfNsM7AhHZGSuIaXTHD29klTEU8D8F6zw94p5YGtnbllOVrPyVMVYn4z2gakXKx8CwX+WlS3u+FX8q+3ouv2VLNiWJcDz6nj6LrrC4rpBsYG0fh\/B2Exq8f80YlfTs4g2s454JEP7eP5Y9n4aQpLJCqnXJ5kmNPyRBJ3\/QRtRBDEtJkHY92KMtX85ua3azFgrkL5pijq5a9bUWXsxp58tm5+MervZeBAGTD6jZStW2dD+Y8vhOUXbJHyuKHI+ugMcjx1KFXyb5vx0zVRBuUrcnDkP7PhO1+BYr7ups0o\/qQb+t1HUbJKXiceCcoJZCJ3wyQuHJBelSs9r4OtIg\/SbSBeOX1wHN6MxtviitqZs\/JEI\/768duIIIjpQrJecwB\/N\/nBz44gj08zLAAWWnkIgkie+Z8GIQiCIJKGjDVBEMQigKZBCIIgFgHkWRMEQSwCyFgTBEEsAshYEwRBLALIWBMEQSwCFrWxFmMt82BEs4z4c\/Q5UF\/xXalGftPcC1zNVb0QBPHsmHNj7Tq9KfjrRXHZugvVTYPSz5GfBY+6UKkuz6bNKHq3Hl33Y\/y8egZEGn1Ddg06S6cRsImX+TSpGBLE88w8eNYRIVK\/PIkSfRsqWtxy\/vxjCosa14OWygzc++TYwpT0IgiCYGgy1rMq66UzwFxkRdbv+oKK14mkvDyX6lG2lXvB+Sg72QXPEzkrjADz4t+DfUgOcZqE584lvaw7ESbpFeSJB10nyySZKvH4U+W9JOkvLpeleOiSUHDRUSda32XbKXJYt+yovBQ6Rmhb5t1\/1IzBKIfn3vmmbcfhbClj68nTG9E87Yh945tpyooRBLEw4T+KSQSX8eKrKgtPa2XYHk0l5IHQbvtc+j6BJNXE7w+LMlHjP7DED5PCt3\/kslE3BJ4dUkOZFEbOHxQOdUtCVXHlsb7rFBq6p+rScDmqit9J3493VwgNN8VvhRv1e4SGP40Lk\/LxH\/y2Qjh4QT7OxFXhcHlLUPJq0ntVqLM1CSN8XUZoPzI3G4QK5djuJmHPhyqprTvtQsUBRWorAlbmCrVKTWSao9p3UIpLVmxJRsaLIIiFiSbP+g9\/+IP8SSIynRRP\/XC323HhjUyYeXplIU58mgfTUjEXeDEdWeu88IpTEj5c7VkG2zuZMHClkyU6GNeXYEfADQ\/PlvFeqkWz4QPUbDHK3xiQ88seWF+TkwkIjDlhP+XFhrTI8Kg6pP\/bGdjWycK67PimjA3QeWU3NRCA32CEUS67LiUL+\/+rECYpGReXYwi5ZYUwy8EH9WsKUbJuFDF0hJPEBOtutm9ZsUXPI+G9MYDBMZZ4dBmOv7Wh5HX5wFwMYns2XH00J04QCxlNxjpSxisyHZ\/wEKmbisrQ\/F0Bjuy1BBVFYktSeTH6dBVeDovWyQzx+zskQ48ARr+qxK42C0o2K4Y6MZ6jRaHyiOFRHUitrIoele6pF87T1dglTsOwhU9JyFkwZMH2ah9Ki4qw91A9Oq554Nfpg4rpsfHhwX0zVq+UkzKWt\/cjK3E4bQ0sh065+ckY2R1kLmXFCIKYWzQZ65nJemXigy9VDxgvnkMN85SNikGbkSTVMIaXWdHyzhgaLyUx71p8KlSe3h60\/7oKha9Fia\/NbgaDp6rRbyrBSeUcvvyAnZEC87S3VqG9vQVH9zKP+2Y9Sg85pPnpBcysy4oRBDHnaDLWcynrFV+SyojUJffwIMzr88N1sY\/53Jx05G42w5DBhvXfHI8pwjt93Bi4X4CdW9gxlOKxsgWPEvBLSjNLdDCkpiPvnROoWunA1wnfcTbg5VfcGHkoJ2W8\/R1waZCAxJIXgCcToXIwAn8JS015wOr1YM5kxQiCmHs0Geu5JL4klQEbN0\/AflotE9WIOo+eDfTV6GBhBl93rhEu5U2RCGM1PdjNQtePvnuyBX3sRsdpOwalFHC\/Awc\/Dcll4ZET\/UPGkLo3Gz14lfntCCw5aeg+1QG3vGv\/3Q7Ut7Mzjubgc+M85g29m24wwTJ0AZdlYy\/NuXdICZFB1P+K7Vt+FdF\/3Y5j9zdMT8aLIIgFwTM31okkqfSbylFlHsChIpafXYTagVWo2ps+VUFbZ4H1\/VQ0f+ZgRm2a8lhTMCDvYC7GThSLc7v5H3ZDt6sKO+4+kDz7NSWoWu\/CsbflV\/c+HsCqX9iQLhfOkFEAYxvbdgu7iUhfhVhVgqPb\/Gj8F+nVvdJzfmw\/VMhuD1EwZKJgRSuKs5VzMmPHL9LQf0DatviTAaRt3yGuKpEJa74O3R9Kr+4Vn8UMZLwIglgIUDxrgiCIRcCz96wJgiCIhJCxJgiCWASQsSYIglgEkLEmCIJYBJCxJgiCWASQsSYIglgEkLEmCIJYBCwAY+2CXYn3nDQ8brR96g9OZoLPgeqtzbO7z1mApLoI4vlmjo21FIQ\/GN2N\/8qvtBr2aws42L0hBzUXSzCdsEYLTsKM4WmPiLDHljCRAoIgFgXz4FmHy3p1\/roEKZ3VaL0vZ\/9VsfAkzPzfLQ+PesiWI1tmJQ4rQRDziCZjPauyXi+a8Va2EUMxouwnkvhyt1RKEltcjurSCMKC1MWTq5LlucS8LUWojOnxqqdlpM+eu61B+a29n4XLesUlUsLsqQ+DTUpsbC7l1Qq3WqJMXUbx\/DwxouNplTDzwTtqwsvR4nQTBLGo0GSsbTZbUB2G\/+XpafPYjcv9y5CbEcW7e9iB2i8NsP5Pp+gB9ny+Hb7jdgzKFiswYMex7wpw6iLzENtPokDXj+4BKY8bMOep4\/DmHEWn6NVWIePmcTTfk3Ld7cdwb91hKa+zCdalbajr1RCP1NOGeocJ+7\/oQe+Vdtj0jWjs17BdEB30ciQ9b2ct2gxWnGnnHm4Pmop8OHZmUDbIfvR9Vot7GXIZefndtbBfjzTX7Ib1BbuJmT6ALY3vOF7QqklMcjEEOUUQxOJFk7GemaxXhFLM1lqM5duQpYQRVRNX4ssPZ884duzKhJFbHy6xlb0T29N4HiOBXFVgEkgxyjeIJXrm8dagfH20eKSRZMK6VzmmHukF7AZyRy0qFocICTPj1hM4km8KKsno12Uh\/aFXGh08uoruF22wrZfLyMv\/8x0I3A8\/VnISZj74vnGh9SNZhYd761cW8PMCgiBioslYz0zWK2Iet+cI0q5VxxQKiC3xFcDEE1MoVrTIC9xxlUggV2UpKIHvRD7yS99D7dkuuB4xYxkhfRUVU6pkqBWYoY3tqSaQMGPG23WxFmWyGvqmTWVsCxlWfphfDt\/3ihx8sE0SMOPnn7yEGVv38yOo+rRdUuFpOoDUK5VzINJAEMRco8lYz0zWKwLuMe4uwPgFZ\/h8MyeuxBdzjXW6uEP6uHJVhkzYGjrR3vABdpj86KgqQ+OsB9yPL2Hm7axGw3guqpp65HVOsVuZVqYpYabmRTMK3ynA8J+e3QNPgiCmhyZjPZeyXmriS3wtw7Ilbnhk9ZMpJJCrCvilHJ3eCHP2DlTVFsDVN59Gy4fBa2ZYd6UH1dDxlN2AFFJSAfeD8PL7XejoVwzzNCTM7rbi+BV6TY8g\/hrQZKxnlYAXzrPNwIZ0RM4Yx5f40iNzy3K0nlNLfDWjTXnAGFeuij+8O4jmW8rbE364r\/UDyhz2vMB1F53ovyYbT14Pp+0IinGt2Ijcx+x81fln6zC6NFzAjE\/CaJYwe2Ut9Bea4RyTDTvbZ99XF7D6DWVqhSCIxcI8GOvwedzNb9diwFyF8k1RHu4lkPjSrbOh\/McXwvILtkh58eWq9Mh5fx90bfJrcfmlaPRvR1W+1rnf2cGyqwopl\/aI8\/Gb366He\/0B7McoHojGlpX\/\/SqsGjgklXGbVE+2dVEmfrRKmLH1bJUWDHxSLD0DYPscerUm+j4JgljQkKwXQRDEImD+p0EIgiCIpCFjTRAEsQggY00QBLEIIGNNEASxCCBjTRAEsQggY00QBLEIIGNNEASxCHjmxtp3iQcWkhOzzLOSwnI15aNa\/TPvsT7U75NidOfvq4Xjofx90syBjBlBEIuCuTfWckB9UTCAB9x\/txYdt5OJBz3P3LJHl71i3286rc1MWko7UZOt\/JSdGdiT3UitlIJMddZZka4lMitBEISKOTbW\/KfQPKB+FVo6eZS5HrT8xw7g\/MGgKMBfP16MYgM2pso\/8dYZYYgWy5sgCCIOmoz19GW9vHA\/LUDJemMw4L7OwMN05sIpiwKI\/OBFX1DO6r0wKa\/A\/S7UK\/GtI6S6xCmUodjbhqNVCksDj7pQeXoQ3t56lIkSXfl4r8UdjJgXnNrh6\/GY1QPHUcTLJ3rmEWru8aTI2B7jypgRBPHcoMlYT1\/Wy4jUJf24ei\/CxKQW4tTukH6489R5jOfKclwN2Rj6pBVi8NLAIOyfML\/0P+T41l+WY1XPcXSo5nxjbhtGMlJYGrlmx3lfLo5yia4rZ5B9sxatkaOFFXk4wmNWZ3yAdl4+JbZ2kPhSZPFlzAiCeJ7QZKynL+tlQN4hG3S\/rcCu0mrUX3TArYTrVGH8mRWFa+SJ3JV52J7hwgh\/MKhLx\/7PbUg3KFMIJvx0gw5jqinlmNuqSE4KSyPGAliLzNDzEcMSI\/K2ZcIVQwQ4JnGlyBLImBEE8VyhyVjPSNZrqQl5B0\/h3OcHULByEn1nylD0yw54VKreppfC40q\/IE+ZiDx0wn5olzRNwJaio045QyLutsxzTV4KSyOvvMxMvoq\/kf8mQ1wpsgQyZgRBPFdoMtazIuulM8C0Lg\/WQ2fQlD+GYxc1iM4GBlH\/cT9Sd55E+5Ve8W2K9opMOVMLsyCFNcfEliJLLGNGEMTzgyZjPW1Zr1t2vNc51UjqTalY9r2GR2V3B+Ap2Im8NYbgA8rJp7EeIEZjGlJYS3TwPhqXEyH833mR+ZNZ9s7jSpElkDEjCOK5QpOxnjZrsmC5UIvG614ElLcvHrvRdfYC9K+a5C\/ikJIKXX8f3LJd99\/tgP3MoJRIiiSksFiZcxy1qL8WKjM\/bu2vdMjNmGUZsLhSZAlkzAiCeK6YW2PN5afqDiCl\/zj2FklzsvnvNmN0XQxZr0hW5GH\/ljHUvc23zUdFtw7Wih1we6YxpaFVCmuJGSUN5UjtrUUxlwdjxy07P4aChipkzfr70fGkyFiR48qYEQTxPEGyXgRBEIuAufWsCYIgiFmBjDVBEMQigIw1QRDEIoCMNUEQxCKAjDVBEMQigIw1QRDEggf4\/96kxCkkMR9mAAAAAElFTkSuQmCC\" alt=\"\"><\/p>","protected":false},"excerpt":{"rendered":"<p>Tegundir:&nbsp;BT66-5<\/p>","protected":false},"featured_media":66289,"comment_status":"closed","ping_status":"closed","template":"","meta":[],"product_brand":[],"product_cat":[515,592,739],"product_tag":[],"class_list":{"0":"post-66290","1":"product","2":"type-product","3":"status-publish","4":"has-post-thumbnail","6":"product_cat-verkfaeralausnir","7":"product_cat-rafmagnsverkfaeri","8":"product_cat-aukahlutir-med-rafmagnsverkfaerum-fagmenn","10":"first","11":"instock","12":"taxable","13":"shipping-taxable","14":"purchasable","15":"product-type-simple"},"_links":{"self":[{"href":"https:\/\/vv.webdev.is\/en\/wp-json\/wp\/v2\/product\/66290","targetHints":{"allow":["GET"]}}],"collection":[{"href":"https:\/\/vv.webdev.is\/en\/wp-json\/wp\/v2\/product"}],"about":[{"href":"https:\/\/vv.webdev.is\/en\/wp-json\/wp\/v2\/types\/product"}],"replies":[{"embeddable":true,"href":"https:\/\/vv.webdev.is\/en\/wp-json\/wp\/v2\/comments?post=66290"}],"wp:featuredmedia":[{"embeddable":true,"href":"https:\/\/vv.webdev.is\/en\/wp-json\/wp\/v2\/media\/66289"}],"wp:attachment":[{"href":"https:\/\/vv.webdev.is\/en\/wp-json\/wp\/v2\/media?parent=66290"}],"wp:term":[{"taxonomy":"product_brand","embeddable":true,"href":"https:\/\/vv.webdev.is\/en\/wp-json\/wp\/v2\/product_brand?post=66290"},{"taxonomy":"product_cat","embeddable":true,"href":"https:\/\/vv.webdev.is\/en\/wp-json\/wp\/v2\/product_cat?post=66290"},{"taxonomy":"product_tag","embeddable":true,"href":"https:\/\/vv.webdev.is\/en\/wp-json\/wp\/v2\/product_tag?post=66290"}],"curies":[{"name":"wp","href":"https:\/\/api.w.org\/{rel}","templated":true}]}}