{"id":66311,"date":"2023-04-28T17:43:14","date_gmt":"2023-04-28T17:43:14","guid":{"rendered":"https:\/\/vv.webdev.is\/uncategorized\/product\/starrett-sverdsagarblod-vb66-5-multi-6-tpi-5-stk\/"},"modified":"2025-01-30T17:25:22","modified_gmt":"2025-01-30T17:25:22","slug":"starrett-sverdsagarblod-vb66-5-multi-6-tpi-5-stk","status":"publish","type":"product","link":"https:\/\/vv.webdev.is\/en\/verkfaeralausnir\/rafmagnsverkfaeri\/aukahlutir-med-rafmagnsverkfaerum-fagmenn\/product\/starrett-sverdsagarblod-vb66-5-multi-6-tpi-5-stk\/","title":{"rendered":"STARRETT Sver\u00f0sagarbl\u00f6\u00f0 VB66-5  multi 6 TPI 5 stk"},"content":{"rendered":"<p><img decoding=\"async\" src=\"data:image\/png;base64,iVBORw0KGgoAAAANSUhEUgAAAWIAAACeCAYAAAAIewCsAAAAAXNSR0IArs4c6QAAAARnQU1BAACxjwv8YQUAAAAJcEhZcwAADsMAAA7DAcdvqGQAADqTSURBVHhe7b0PTFRX3v\/\/3p\/fTGMyxidj3DBxw7QbpzalbQIxgfos6DcgzyPw+wrsV2GjQNbRxJHtV+3TAu0CfRZpH5V+FXYfGH9fS38R3CzYLGAWMKuYRXhWh6xCYhlTHbMypHZIDZMaJtswqbnfc+6fmTvDzJ0Z\/jjWfl5mZM6c++fcc8793M85997P+0cCAwRBEETC+H\/kvwRBEESCIENMEASRYMgQEwRBJBgyxARBEAmGDDFBEESCIUNMEASRYMgQEwRBJJjvrSH2XKqB7XP5+9V6FHQ4pMRy4hlC\/c5OrMCWnwkcHQWov+qRU1p4MFBte27rIX4csFUPsFr5YRF7fyHiZeUN8cNeVJZ2wvlETq8AhuwG9JenyKkl8GgANWdU5saQg4aLZViGLWvjGUdnXQUKtm3Dtm0FqKizwf5QzltBUsr70ZBtkFPE0+cZMuihfZ\/hOFODgUdygkH9ZeVYcUPsGnPgtW0uDE745F+IIHwOtFddgH7vafRcHcbwcD\/OHkzF2AeNGHksL0MQxHONpiGenJxEZmYmfvSjH4l\/eTounjgx8vcMlO3Lg25sEkGmWLwC2+HsqkHxDuYJ7ihG40WXfxlx6uG6E93vFyOXeYq5uxrR+yCCMf\/chppLKr+Ce5j+9WrQORHI80x0or68gHmeUl73XWmbfH\/bdjXB3lXJ8hRPIMRjeeLG0OlKf3lrOsbhUTx98XjG4R5uQeVOybN9u8sZOGa+XLhRweMpODeXoWiTAbpV0k+6DRmwHliDwTFpz6JnMjGClkNSuQsOMY9Z7UbJ5RI96p2VaBl2yxkcH1yXAmWqPD0A17dSjnp6B088GO+oR4W4XC6K3++GU15Oi2jtFOpVsTVU0xxS\/Y4PN+EAq1OxDaP0C473Tre\/DQsOtWBA3S++dWFAqYvQNmLwdWt25UY5RqVcqnpjZVJvR43vwQBa3pKOf0H9i\/UqH4u6\/lmf3batEt1jTShm6wXaIXJbKv2gaT8rf1hPOsa2llHaZmHfZ8fP9l\/ZZUfTLrYt2VNWb0P8PuHGiL+sb\/vPJZFvA31CbKOx3gUeN6GCx5qIxM9+9jMeh8L\/4em4uP2J0Pa3efHrvXPNwrU58avE1\/1C9b\/uF9r+Oiul56eE\/vfyhWZ5+dnBamG7pU248bWYFOZdbPn\/0SzckrLF\/Lbb0nfhdptQPShv57t7QoelWuhxyjv75p7Q895RoedL9v3LHuHoe\/3C1D+kLOGbW0KbJbBNsUy2STnBmRTaqvoFactzwrWG\/cLJoSlh\/juW\/G5OmDx\/SNh\/\/p6YK65bxvL\/eE+YE\/O\/YsdTLnQ4pezJc\/lC9Z\/lMqqZZ\/v4VbP\/OMMxadsu5H\/QI9yTD2nub21CubVH+EpMzQs3Wo4KHbflzPmvpLS837m\/HBP2t9wQZsUyzQtf\/bWZpW+xtYLr8Ku+o0L1n+RjY\/B9KMuxJYX+qjZWGwuJ1k6TtmqhP+jY1Ntix\/6v+UKdUmecKP1CcHYI+3\/VIUx+IyXnXVeEk5ZjwjU5fY+1SfOI0hfmhHsXqoW6IbluXD1C3fErwpS8qbkvePoaa9lQQsrFtnPLVi4c6pNqXMxX+sX8LaGZHf+tWXmjYnnl\/sbg9V99QdkOq\/+RZuHQObnPqLcjot2Wof0glFjbWiGobRb0\/ZB8hnob\/Hu55aTQ84VcmC95\/+8QpCOTzpVmVRteaSgVtoZsnwig6RH\/13\/9l\/xNIjStjQ\/jf9MhJ1UnpszZyXCMecXvfgqssG6R55x0JuQftGCSec4KRZVWZKyXvuuS82GtmMRYtIvqnSFM\/L+HUbRRL6XXmlG0NxXTf2f+w4YinPooH6bVUhbWpiFrsxvuWKYAHl3DoM6Cw9kmyXNdpUfKnlrk\/XUQdsURMBbCUmyGXsw3In9XBhxOyW\/h82vHc8PMr+lSYP1NJpynK1DxViPaL43DtaA8r8F6sAhm+ZD0my2wmkcxPsMSj65g6J+sKHtdztQZkbE7G44RXlEeXLu8hq2bAYNYJh2MW8pQ4nPCJS4cwLjzFI4XyMfG0G\/OQtpDN0JaLCyLaieFtSUo2ynXmYJGv3AM2ZHzdhlS1opJtr8cHD64Bt1XpSPyzQNJRnld1kbm4gZUbZHqxjHoQNbBHJikLgn9piIU6ln7LXQtgVdYGfxtqUfaPiteHmYjHik3gC4Nhz+xIs0gb5SV981MHWbkbfp8XqxLMsrbYfWfeRini01SZiiabclZh5JfBPpBMLG39XJh\/LmFjeTkwmzIx+50B+7x0Y\/HjsEnJbCo2jDnwF6kSSkiDJqGmHnA8jeJ0LQmXjsm1uXArJxgbLiddPNKcEde9YL8RSb5ZaRNuwNDrv8m\/5UxmdPgUnp4BDxfumD+qVFOybxahsOZUqfw3ulFozKMFIdf4s\/RmZkG3ngZ8ukmY8Rr\/zyHWcVwvvQigkxtSPkjYkhD2UfncO6kBVk6F\/qOFeNAq3oozPaqNlQs\/fIrOkzzTs\/KNfTpAfFY\/J9SNswULw5uTD\/ZiBeDCm1AzjslMMspP0+8cFxsRKU4bOfbYcNmOSsqi2gnPyYD1gUdGyNiv\/Bg6sFreO0l+XcZ3SupMH4tXTJSCsvgOVWAgvK30fjpABysjvTihZevO4RGcdge+Lz9GTAfbsqB1VlQKXQvY6NuOtA31Ty0w+a\/2boNxSfscgar7UwrNg6Xo2DXAdSf7oV92gudPrgX+dFsS44JhqAOpiaOtl4mTD8JLswLSjvOuDD3BruIyUkRlhfhqAmGpiG22Wx+48v\/8nSseMeG0Hn6F6pO9Qu0XBp6Kk8DRORhL+ptHuTVdOHyML8xNozWUjlvkfjmY\/EZY2S1kY0cinD44x40\/KQP7ddj23ZGdY94LEGfg\/E96+Hur0fbbB5qOy7L22hFiZz3zOPzBTx3Qwasbf3oaXsXJSYvemsr0X5HsWQlaA2tp+HjyJe9+UXhG0fLB6NI9t9sHUZPdYacyVhtQlFdD\/o7TsDCPOWJ35aj5nLki9RytOWzwBodmd140DTEr732GkZHR\/k8sviXp2ODDZOum3FW7pj+z+9zMHbVKS\/DeMLGkWqm72E82RjwKr+T\/8q4nOMwJUV0CUQMPzHB+feQAeTDEfR+7oXn9hjM+yxI2xDoJGG9oXAkJQNf3Au6acS9kHs3jVgnD5MXg3TTQ06oMP7UhFmvsjf2N6icPtz7wodkbkAMSfAtKJeCEcmr7mMqKJN7viMhQ2wPxll7WSrSYFSmbULbRgutdtLNwRd0Q4ylv5G\/RiJivzDgxZecuMcGJ2p8f3dg7seS\/+WT60yn5xe1EtQ2FrKhPe9zehg3LFw3ImwzQaXw3cN9X3KgbyrcHYOrcC\/yVTdb558EKlwpD1YbYNqcD+uJWpiu3gjvWWu2ZTSitDUrm+8f6kwf5mK4Gbsokpk3fNMR07QWIaFpiBfNw2sYNWUEpiUUNmxFpsseeKa4vx2dzECKeJ3oPdOHtKyAse\/9tBMOedjvvd8LW18asqI5B6\/mIPVPLei9L2\/3Mdtuax\/r5HrRSNuHR6QhPztZ3NdtsPVLi4nwIfEMGwKHM87rtyLP246Wqy74xPW9cPa0YPCf85ARy8VfXEf6qsawOQeu1iYM3PVI22X4ZsbR\/n\/GkWJWTvtxXDg3BJd8Hnl4uWey8WYSS2zYjkJvI+p7nPCK+2DHdbMbA6IXaMDW3DnYlDv+4jG3o9mlxzqWDMANnB2j12Xz4HPDfsaGXikVFa12Mv3UiL7BcblsvM5Y2e9KeRHR6BcpOakYbArszzdjZ8c3h5JsPu\/qxcjHRwPr8v1dH2U2itejDml5qeirbYF9Rq5I1jcGPmN1I6WCmbiA8\/629oj14c59k5m7ENgFWjc6AqdS3Lvs+M+OSwmGq+coGi\/L22F4xkYxvsHoH7br3DNwy3nabRkN7bY2\/DQF4xevSPtS+v5Fvp5MuL6vc2Mm6ImXGNGz9l\/VzUZ0qv70hwsITNgQoayIIXZeHULKlnAzUwa8udkReKa4oAgpE43Soz27quFIb4Dl9YBVKypkneeENJ9b\/J4D6b+xICWa0VtlRtnJ3fB+Wi49TrW\/Hd5dtSjawPJet6DWOIj9BWx\/BaVouZ+OI5XM4fpSWpUPawvXd6M0O5cNZ+Xf\/OiR9X4DUm+fRKm4fjnavbtxojS2GTjH7wtQE+6tpPU5OP4f2fCcr5a2uy0XpR8OQr\/vBMo2yssgA3mZ8+g7Ij2yVX5eB2t1vuyd8XKdRY6rGeXKcd0x481NUkXpt1Wh1jyGumKWl12MxrGNqD2QtmC+LqWiFkmX9kt1tqcFzi1HcBjTmFKfmBHQaid9pgWWb9tZnbL9F1ei05cDS7qUFxGtfrGxDKetOnS\/JdVFccMYNv66ClniqESPnHcOQXdBfqRKbqPaAtl8snVba5IwWFUsrlvw3iCwOU2uxxDS85Dp68NRsd7K0amzoirczdb1+Ti8YwbNe9hy2wpQPaiDpboETpc05jDvqUWGQ+4zLL8uqP5TkPNzB6pZ3UjTFdptGQ3Ntt7IRgdvjKJS3m7jWCp27xJXkwjT91Ny2GjiPbb8+0PhL1YRYcfxThWS+qX+VMDOQfdm5rDIuUQYpIcnEkCYx2XUhHvc5ofKwkfAnh2WvZ2i9IunQ+hjZcSScfUIh9rp8bVIrMzUBEEQP2B8cPR0BqaAxOmlQWREnVf84UKGmCCIZUaHlG0pcLYeEKeIcn\/ZjOncBtVUGxEKqTgTBEEkGPKICYIgEgwZYoIgiARDhpggCCLBkCEmCIJIMN9bQxwUG5WkkpaIA5076zEUy1P7obGf42BhbGI1sZdBezvEM8UTN0bO9MIRy8uBzwP8\/LjskGNuezDSFYgJrcXKG2KSSgqL48w2VF4MiYmhwssuLuGDf4djqZI7KSi72ICcsK+YxQY\/nkCAp9BPLHp3Sy\/Ds4jvoRNDF21ixL\/2kMDsC4Pxd2I8WiPydbrkKHkhbb4gQP2l4ID6icD52XnMFRZJb1o+8cEzPY6BrhbUl9drXEw9GDjdDZdsM3x3VcH832rBCA\/\/qkE8y2u2jwrPpRZ0P5ATqqD3ubuCg\/d7v56FmUelW62HDgZk7TRi8MxI1LgbK26ISSopEsy8jw1FuEC5ceWqc2Fcg2eYlIOq4E6fvYuM0lZVwCfrilzMnnk+78TRc+PAK4Uo+5eXFxhFd38jLujL0NrD6+gyOir0uHCsNyQgkwofGzW81YiJ5DIc+\/1lDJ9QXnNn+MZh+\/A+0n8tRxb8rBbpzkbYbibwvGNOWJ9uN\/J5TBSG5+pJnBx0w7jFgsItGuV6eA13fpoFE49VM92L+gvrYOXHy+voV8kYrGVGWlpyIfEsH6V9Arhx7XYysnj41Scu9B7rxrqDUj1f\/uQIki\/Xy0baDfsXKcjR23E\/PUcKP7o6DWVvjKHzc+120DTEJJW0jFJJC3gNRdkRLlB3hzCWvhtZcpITUY5nWSR3glWaNaV\/lopX1ab7m1TeSohStFrySNO787HjeRu2CcnnEI\/tQaR9MLwOVZ8KtD9HPG5Zjiq032hKMEUa7b3OjOz7JcjZZMSa0ABYzEfyoBCHleDzDP2mrcjUzQT6WwjuS93A4VOwbDFBiUPv55EXyYctyEiSM3hQ+f+eBjf7nSOdT4Fj8B\/7wyGVBJfae5T6voOdL5J3yaWXRuDmcatV52yNRh93DjvwamYgCL4htxbHD+YjLVkfHOs5BOfwfaRuk9wQHsw\/538FB\/PfnTqByQjedFzLa7aPivtDuL95u+QY3RmEI\/sIcpLlHXDhiV1pmPiCt5oROZVFMCUX4fCOgBulz8yGb9Cu7RWLLzpHgEsj8UWUD0\/HBUkl+WVuQpm0tQmTXGan4UqIVM+8cKvlmHDlm9jleBbGRohXckclXxRtX+q6jkSEeBGTtlKh\/N9Ym7qlbc+NtwnlDYpUkVpCKVRqh5efpeW+EYi9MS\/cO39UqBtUJIyi7OO7KaHng5PCFZd8bLxvsLQks8T6jZX1USWmB8vrqqpj7SAlI0swzQpXPtgufOKQsiIRNSbHd\/PC7O0O4Vj7pChttBBW9lNdwo3BZuHQ\/9gqbN2aLxw6dU34ive1cPxjSrjSdFLod0tJvv\/SMpZWjl2UNjokHDrO+oF8jHN2Vld+eSzWp0pKhUO2W8FyUdY61i5fSecA6xs9VYdU\/VANr+se9n94IsZP4edvk3JOzAtfOaZCzo854UoD6ydhjzve5QNotc+9c6zPyHU0754UpuTvCnNDx6LEW+H9uVm4Eb5hRTQ9YpJKUrFEqaRwzK9KQ55pCFfUwfIfj2AQeXI0MZkocjwLWIrkTrz7ipOMioDXpk8txG6PY+Gwkdf1WnXfYOX\/RQnzWIOXdF9qRKfhXTSovA9OxH1wbybTGuzN7NTLIq0+9i9JipjJYXklx6qQJddRZAkmA3L+\/TIsr0pZ8SMJdW7LzsX+PgMse1MWRMYT8bkxfbkbQ748nOBTGVe7cMQ0iHrmkaoRR3ai134Srn+x+KcFOOYKK\/KVYxeljXzI4f1A7mt6NpzOeehSTY3k4ciBtIBcVOFuvGDOY+1ilM4B1je2s7qf\/jKMT+x1wbHehAiiUJG5MwLvtixI1a6D8VWT\/F3C93knJlibpoT1YONdPgaeODAyl+0\/H3VJKTCpz81vHei8mYpCzfbXw5QyC7fGXLWmIQ6VRgpNa0JSSVGkkliHZ4dizk6HOli+e3gIpn9ZGKZSS45nAUuS3GHEs6+4MCFZGTqLsPYPZ3V4XZtfDM5an4N3dykhR32Y\/mMNKi6koCw3pK019sH7xtAxaRju\/xxlw31xaiEFRRUeNBcXoOIdrh3oYH1V7w\/2HlmCaamkwMrndK9exie7fbB9JIWcDLr5yW8gP2Yncm4VqhR9P\/FiYGWOwEhgOodh2HFcmpe\/VIuUv7DjUMUyNsrB8xVeWLUOuqBjWMf670xgCB0qY8W+61avCWoX\/bp1rB+HGXR\/Owdv6PkdFea8jfiQ\/ka4TsGYGcDJPjP2KhdePh3ob8swT9KELr8IfBMj8KW\/Frab8um\/gY972QUuH0Z1PYVhzWofZjQcPk1DTFJJ0VmyVNKG7chzD2Gcny9PnBgaS0fOJinLTzQ5njAsWnJnEft6+kxico0FXQdnmMGMb\/665HchdcI+x3dIVyVDuhWtPT1oPVoC02PWVw61Bx670pRgWgZW6WDgYqbrh3CDGZSgm59Ku4UYQXZ6Q7cmQhlWK6OgYI\/5mYY5b6NrcpAWzuoxo1p\/BrC8nxMweuvzcdzfjiGSV+GWjxsv7KN6\/6g+CG6EjzF7eKAWOapRx2LRNMQklaRihaSS+LAlq1CPq6NedvUdhCtbvimgJooczwKWIrkT775WAl7Xzqng8nsd6B1V2jUNeblm0XCWfdkEW5Q70gr69UY4nRHut7NjFFWNmEHUbzAjp7QWDYVsWCqriUSWYFosDnTL3m9MrH8R5uvjwU\/ZPJmFZ44\/JsXOuOEmdC4QM0gg7KKhj0dui+EdG2NtGkZoYWYETecBa110z1Mk3uUj8diOsXVhlIb4s9Gn2Q4ONARN\/WjBZam0RlCahnjRkFRSfGzKwcabncy7A\/Iyg4ePIlHkeDjLJrkTw75WHF7Xj1nbqKV2Pm3G9OpggSc+55DCLqy6c8xzjeGheV1qHlL76tFy3R1ow0vdkpy+dwQnjwT6G++P9uusOsTrvpYEE09Lf+LDDLO+m7W53EYMXtcX7qcjLayYaQpyCu1oVNS9eRkutmMiJ0t8TMpg3ogJWzvGlRjAvM4u9MG0OTYFmWWHXbBM067Ij5ktwI0rNzcuHA16x9F+fha7K2M0qtGWZ+eCIlsVDffwBDZmh9Qfq\/fxc+cx+\/PDyOeqPzHBzj8Xu4Az\/yISK2KISSopXozYvpldZU154YdlUeR4xJN0uSR3ou7racCldmqxcaxOmqfe1Ygxcy2sm8OUX5cCyzvJ6PyYeZfRTjDeN9qqkHSpBsWidFM1BpGBNG5P1+ag6lcBCabcX6r6DStPZAkmD4aOhesv0dAhrfIEsh91opJLG\/HHw857sbuuaOGISMa08wSqfjwoyTcpZdgp3w7bUISGw0kY\/bBU6vd7NOrsqWBGRooj4mNmC3hox\/1XMhYcu2f0Ajr7W1DBbQSve+WjfvFKRbTlHb8vRuNwLOMQ\/kzwRmSEGlvPNVzoGEDLL\/kjfep9aLy05JvEmC8Vr2k0ReLiEfOJ9j++iOMR5i353d\/unxyH9XX5B4Igvl887EXTWBreLY7+7ISzowmune8iZ0nTfMvI3U40fVmEd7PDjFDjxMunjfSHNS+KKzM1QRAEsSEfed4LGNB4bEvBXP4MGWHOprJlMcL88bZuRzrKooxMyBATBLFC6JCyZy\/W9P2Agv4E4cHI+Ulk7VOei44MSSURBEEkGPKICYIgEgwZYoIgiARDhpggCCLBkCEmCIJIMAk1xI6OAtRfjfklz6fDD0YeiUg4\/FXZmGSEPBh4vx2OJchUrRzPctkioJYzejSC7v7EK5msmCEOls4pQEWdDUMhgd1TyvvRkK0dO+Kps4LySDHj88B1cwDdp+tR8e9hJJCme3Eg6K0e9lEFsI9XWiYmvnXDebUXto8qUfzpwsuUOiB+RV03nDG8chyVoODwFWLIx4gnjIZ8jUiQWMAyB7tfJEEyQjKem91ydEBVNDEeU2KtCcbvAP3qpb0pF7OcEjNWLdfD5DxxorNcLUCwfGULIkrbRz0OjXMkSM5ofRaKNgzCNiy\/vp4o+ONrK0Fo4Oc51xWhzbJfaLutER2ZYMwKVxqqhbbBW8IUD1wfFPBdRis4u6tHqG64IkzJ1Tz3BUtbuiIG6I6NSaHDekzoGronfMUD9IcEfZ93fCLsf08ONP\/dvPDVX5tZ+srCcsfFPOtD5UL1n5RA\/LNicPhjfwkO+y3B6uw9VSB5UQxgv\/CJQ+lrPOh8udD2N3ndOSk\/UtD+p8KXPcLJP6pbhR3vuUPC0fYbwpQSlF9mXhRYYMff3iFMKqIGi0EM+t\/sD5ofGnA\/wLxw6z\/bAoIJKqb+eFJoPnXUHwh92coWRJS2j+U4Ip4jXwlX\/rNHmGLnSbNfUGBOuNLEhRrkZALQNMSff\/65X6WD\/+XpWAkbgf8fN4TmIz2sKiTUUfHF73+dEvpPHRLyt24Vtv\/PaqHrC1YzX14Rmq35wlb2Wz5XUJAVB0TmJoWu94qE7erlRSTFiqkvuoTq\/7mdrbtd2N8UrGYwO94h50nb7f978Lr+JvyONRwrU9G\/bhW2\/muRUH3uljCrbEdUorglfPWXgGrC0T\/cY91IhnWgW+eqpXVFRQWVOojYwaSvkQlV3pCY\/XNkNYFJG1f3kBMyt\/4znBrCvHDjFPtdVZ9zfznGOn9A7SIsYdQ3Fm6fq4yE2yfLsTcH7+Oba8Kx9\/oXKk18x45d1VdEvrki1PkVPVS4wyiCcDUW5TdeZr\/yhMwXHcIhWV0l\/r4ntcukvw8pahlzwuQf5PbmfUXdF0K4d\/5YcP2w8tadk9Ve4iTmOv3ymtCjqLYohDNYc9eE5nBlYfV8sn1SmNJQswhmkX0sWtvHcBxa50g45v\/WLJwMe5F\/OmhOTVitVr8qB\/\/L00tidQZyNo1hPMJQeeTMBeDnp9E\/PIzLzZmY+PAoKs\/PIe8\/+sUwml0VOrRfGJeGIFzE7+NBlYifBbo\/sGG4Ej3LdQEtQyYc5iKCV3tg1bejfVQJKTaCti4dLP8\/FxgcRk99Ku43seH0gqAxXox8VI+JN6rQ1T+M4f4OlK1qR7VaFeG6Dec9imrCWWTfbkT3fSnLO9qGC6st6ODrsjLUbr6Pk59J6zp+X4CaRc6Pz\/t0EULq+WDIKkNG0KuiXng8Jry4YAZIh4x9ebhzRg7F+C0bul9OgTXuINoeuKfZ9oMihunwopmNDsO0sy7dgjyHDUPisNuH8fODSDkYJlKWZwquTS8HB4FZa0YqGwrPykk\/j6YBU0i5N7wM84Mp6djCBZp\/yYyX2RBVGc7G1fc4rvNoG0tBbRfvX12wrG5H41snMZR8WOorF08jfaIZA2Hjb7sw6UzBa6o6c41NI2XjvQj6cdrEXKcb2DBcUW3hsOH\/0J+9yEwN7hzhw1F6MHTeg7y9KVgj\/xKdRfaxaG0fw3FEPkfCo3slFfMTIbqaTxFNQ7w0qaTwGE3sBI0QkSkuKRdN2RtOBiwHMmDk2bLMi+cLOSifzwevwQij3FC6pCwc\/t9FC2VdliiP5PN5sS7JKOfpYMw8jNNyABQ+P348d3Hz4x6PG44\/yAKOPGrX6SE5BGacUjFrs2DZMoL2Yb6989DvY3UQbjlN9OwYF8pNzX27wFzK6MVXPkc+HYH7TifO\/5MFRRrhAYNZA923KgUJhbVJrK1C9ueb0z6pdGxbM7P+bSVWRoiHSRxA91VfwPC\/zdWHOyOofIcSX51qySlxg3vNsTAcpXeYlSW7JHr0w1CWpY9xFra91nFEPkcioDch5THrx3LyaaNpiEOlkULTy008Ui7asjcMU7JkhBVY4\/uThixYXxlBeXExDtS1oPe6C15dQBbHzxLlkQzsQrFxuBwFuw6g\/nQv7NNe6PTx9uSFpJSfxfG64+i5xD1trl02hJqzjoWGJwapGEO2Fa8OH0DzC1aUbZR\/jAsd0jLXofO3Q3DxAoixj9vRck4jEu36HFjfGMKBUzpYlyOMaHIG0u3NgXjBj50Y+G07BqRUTCRWRsiL2Zl8VFWrDP\/GIljz7P7A9FGJo0615JREKXtTSDjKb+1ov50OSzilihhYeh8Lj9ZxxHyO+IlwkX9KaBripUglRcLNzs\/ksIGv40dL9kYbHUw7a9HT04UTBzKhu92C8rrY1RJilkdabUJRXQ\/6O07AkqnDxG\/L5XjBy4isXVZ4244gvYiYpWK88HjXAapherzoNlvRsNmBk7vYxVCMfZyKvXvzkayhXuBlBmodq\/HZuHbKvNzVSWECqBhR1GgB\/iDFoC54b5A5rCXID71IquEec9K6MNtKFDqsCbFza5hhjzWIOSfuOg0jp6SWspfwYfzcGFIrMkIcknhYeh+L3PaMaLJQkc6RZwhNQ7x4qaQIsCvr0N10pMUoL6KFpuxNNHxeqYNznbDkNOQfPIXaDZJWWBBLlEdS5HWw2gDT5nxYT9TCdPVGzAY\/PE508yDocioscUjFuC62w7unFbWmPrQrAfvjhl3YdhxG60V2MbzUg+N71sH19+QIShOM6V60f7MXrfXJ6PtUNe+qhksD3b4XrPDAPN0J5qmG6nSIGNJQ9lGPeL+gv+0wts852AVC9gw3sL+h7fjAiXs\/Zl6vnHyqLJARMuDFTXaMh3i\/s4\/mYp\/njKFOo8opPXHC7k4NvsfgGcGFrl7Ui48mSh8uJtv9FvuuemRSi7j7WJS2jy4LFcM5sgA+lSXJTiUCTUO8nHinh2B7qx26fcw4yL8tBU3Zm2g86MXRj+ShNOeRHaMTRhhDjesS5ZFcPUfReFlel+EZG8X4BqN0VRe3x7\/Eiwmv6XvR6T9uH9yjfeh7JVWUzIlLWoadvC2uQjbk1LMRggX638cmOaSF76EDvR+3YCYvQjvzm6ynp1G4Lw365CJY\/uk82sNqzqUg658HYfPLPXlgP9cNXSZbT1qAT\/UvhD+Dfb0dNZc2olAZShsyxHb0Sy9xWa5zI8gIp4\/2NAgjI5SSUwj7hy2wy84AlwZrn8hB1ktSWpMY6zSanJJvYkglZS9jyFEJdEofLiYrjkZP5EcecSjE0ccC7and9tFloaKcI+Fg25hOMi+8T\/SUWEFDbEcTH6qKV9ECVJ51wvzrVlhVUkhLQkv2JhqbylC7hQ2l90hyJwUfjGHjr61hZIq45NDi5ZHMe2qR4ZDXZXVQN7YRtQckqfzFPzWhQ8qBWqSMNUrbzS5G482NaJC3G7O0DFehZb8V7pOHnKw+S\/bp0H5Oax4tMuKNkx3FqDwzgjU\/b4jYzu5LNjjYCZkhe3rmXZE158ylDaLcU6nYvkcx+OMqVG2TzYRnCI271G9AOmDjbbm\/EZ3TqagNGg2wdjx6BEn9+6UXOn7ZjOnchmWdr4yPMDJCzICeqEnC4L\/x+x65KP9Ukk2K5cZWzHWqKafkw+QYIkvZL4Z4+lhIe2q2fVRZKO1zJBy+22PwpUaQzX8KUDxigkgEccgIPRUeD6HpognvlidolJBQvBg50Qn90XDO2NPhqU1NEAShIg4ZoafC2pwfqBFm3vDn3XCklyXMCHPIEBNEQvihywg9IzwaQacjCxZl2iNB0NQEQRBEgiGPmCAIIsGQISYIgkgwZIgJgiASDBligiCIBEOGmCAIIsGsyFMTXCapsktOLKAErcNWpDwaQM2uJtjlX\/njPIbX82F524r8l6QH+vjbWt0\/OQ7r62IyKlxmpu1cN0Y+fxmHPzuO\/PWAs6MS9vRWlIWE9eM4zlRi8l9aURLLa6QEQRArBTfEK0oYRQcR9ntbiDLA\/Jc3hGbLMeGarDChVvDQJrLMTJBSgxoutxKqAkAQBJEANKcmJicnkZmZiR\/96EfiX55eSXQbMmDZC1Vw9xAiBcl5OIBuHMGpfRkwGUJej2HbzLw7hPGQh+Z9t0fhzt26LAGICIIgloKmIV52qaQY4MG1w3KnEwURYgZry8wYsb1gDqO31ZbYh\/HRWeRsiSVCEEEQxMqiaYhXQipJC9+MHbZW9wINLZFXy9D\/UU6YsHvRZWb0mzMwO6qK0eq1Y8ibE6LtRhAEkRg0DfFKSyW5ThSrQjXmovTDISTX1Io32WInBpmZtVnIwxDssrCGd2wEa3ZkBMddJQiCSBCahnglpJKCKG1VBZy+jJ7f1aLo1cWYx2gyM1xXbQ1Gxrgl9sJ+fQ0ylzPuKkEQxBLQNMTLLpW0IsQmM6NLzcG663Z4H12D3ZSX0JB3BEEQajQN8TNHhKcmYpKZWZWCHJMd7X8YhSlREjkEQRBh+P4YYo2nJmKVmTFvMcHuSEdWmJc7CIIgEgXFIyYIgkgw36+pCYIgiOcQMsQEQRAJhgwxQRBEgiFDTBAEkWDIEBMEQSQYMsQEQRAJhgwxQRBEgkmgIXbAVj0Q\/gWNqHgwUG1jW1hullKm7y+OjgLUX43tqB1najAgv8FIEMTysEKGmBtKJaqa9Ckor4ftulvOTyCecXTWVaBALFcBKupssD+U855RPBOdqC+XYi1v21mB+jN2uFWvey\/VOKaU96Mhe3liM5OhJoj4WUGPmGvTKZHVhtH\/uzIk9dej+4GcnQh8DrRXXYB+72n0XOXl6sfZg6kY+6ARI4\/lZZ4xfHfaUf2ZHmXNPVJd9pyF9Y0x1H80AjmqJ0EQ33M0DfGySiWtNWN7thETzvBDYLXXl7urBt13gxU1nF01KN7BPcJKtFy6F2yEnrgxdLpS8nJ5\/nAEz\/vxFJyby1C0yQCdHIeCyzNZD6wJkmeau9uNml25rCy5OPDxSJD3qVVO0RucGFEphTBvW324WuWMENDI63Ii7RdFMCsSUKt0MG6xwqIfZNt2wMa2VdllR9Muts0z0mSNUo6m\/ewY5KkWrXJzkVbb53KC4R5uQeVOtr0dxajpGMdQqJfrdaL7\/WLk8m3tb5LVUMKXhSCIGOCxJiLxs5\/9jMeh8H94OjZmhf6qNiFIsvObe0LPByf9wqACy22r6mdLMrjA53v9wtQ\/xAy27C2hzdIs3JJ1QOftzcL+lhvCVzz93bwwNXRSKN+qbH9euNFyVOi4PSemhPmvpLRTSgYxz\/b5q2bhxtdyegEsv6RcOPqfyr7mhFu2cuHYX+RtRynnpG27kP9Bj3BPXnzub21CuVURKNUq56xw5YPtwicOMSeI+dttwiF27LPfyT+EYdJWLfSrjim0HNHKHSTS6uwQ9r+nOobbHcKhrYHtT9pKhfJ\/axNuuKWV58bZMTZcE5RdhZaFIIjoaHrES5NK6kYl9\/yUz85GzBRYkRVOnmhDEU59lA+TEj94bRqyNrvhFqcLvLBfnkVJRQaM3ClkHqEpey92p\/I8xqMrGPonK8pelwPK64zI2J0Nx0gYj0yXAutvMuE8XYGKtxrRfmkcrgVTEhmwHFD2pUda4W54vnBJWZrl5LwG60HmvcpF0W+2wGoexTj3GDXLaUDOv1+G5VUpS43udSuOZTpx8pcVqPyoHQM3XfBG8J4DrEMJ96KVGPtRyx3AMTKErArVMbxeBssu6btCRoUFGUmSh65PLcRu5pnLNUQQxCLQNMSh0kihaW2C54iHLx9H6vV6NgRWTzkE8N7pReNb0nCXG+7KLjkDPsx9a4IxyIC\/wCyU\/HVmGkOfHggYfP4pbYI9\/G6YzUtD2UfncO6kBVk6F\/qOFeNAqx0exbiZkiUjrLAqsCtO5HJy2JJBoTd1ePkVHab5sD7ecqowpJbheMc5nK7IwgsP+1BfegC2SErXIiYYQu69aZdbwQP3\/TSY1XGcGS8EHZMJybIRllC1BUEQi0LTEC+rVBL3APcVYrbPvvAm08Ne1Ns8yKvpwmXZcLeWynmYZ+vqNM\/1jGr5Rpb6czBFzo3AaiPM2UU4\/HEPGn7Sh\/brMdz60ixndBZVThW6DWbk7DyMU10NSLrYjpFY79bFVW5W1yFxnAmCWFk0DfHTkkry3B6DeZ8FaRsC5nbeP\/xegzWrnGGmEGQMSfB9cS+g0KyBeFNqQk6oMP7UhFlv9C1ol5PDthGSvveFD8lcDDWOcgaQnpceD52KWGXEy8mzbKQgp6MQvdwKBphSJuG4LycJgngqaBriZcXnhv3TTiAzbYF6suEnJtiHR6TpgSc+uK\/bYOuX8sCWztixDt3n5OkDMb8TF8akXGzYjkJvI+p7nNLcKc+\/2Y2BOwtNnmFzDlytTRi46\/ELi\/pmxtH+f8aRYo7+HK12OTnjuHBuCC551x6eP5ONN5NYIlo55fIEY8Cb2S7YPh6A06Msx9drR9vNFLysFFnnxozGs7vRyx3AnJ6BkXO9cMretvduLzovSt9jIkpZCIJYyAoa4uCbdbl7GjFmrkXVtlAzzHjdglrjIPYXsGULStFyPx1HKoHpL6Vs3WYrqn7cF5RfuEPK44Y66\/2zyHE1o1zJv2PGm5vCTGasz8Hx\/8iG53w1SvmyooT\/IPT7TqBso7yMFlHKyW\/05WXOo++I9JhY+XkdrNX5zJxytMrpwdCxXLTfERcMwpB7HCeyPeisKpXmd9l6jZf1sJwsg1meQuCafY73WN77EaSkopZbxcYyNOROo3kPW3ZHMar\/YkROgZwXA1HLQhDEAkgqaRnhz+9O\/fw48vlUxHODD\/bT9fBWHEfO8rx8RxBECE9vaoL4fuAZQedFefqEJ6\/b0O7NQwYZYYJYMcgQE8EYMpClG0R1KX+zsABHLyWh6p2sBfP6BEEsHzQ1QRAEkWDIIyYIgkgwZIgJgiASDBligiCIBEOGmCAIIsF8Lw3xSqlAhMblXS48V+tR0LHy8XlJHYMgvp+smCF2nNnmf6tO\/HCJn47xQJSzp82jAdSoy7MtF8VvtWDgQXzRH2Ih1KAbshvQXx57cB8\/vMwUYJ0gnntW0CMOCYP52WmU6S+gussp5z99TEHRzy6jqyYd9z88+czKJBEE8cNA0xAvq1SSzgBzsQVZfx6B4uNFk0dyXZIle7YVoPL0AFxho435mPf9NmwTcpSaODxuLpNk2YsgmSQ\/37owcLpSkmcS979QMkmSU+KSSIpnLYmmFp+wo\/sttp6iCP25DTWXAvsIrMu88vc7MR5m99yr3rarCfauSracPOUQzkMO2Ta+XKRUE0EQiYO\/0BEJLo3EF1E+PB0rk7YQqSSRKaHH+on0exT5nrm\/HBPlkUSJoO\/mha\/+yuWSbgk8OyDHMy\/cO39UqBuUxIi0JIeEr\/uFtkFRmCkILsNU\/Wfp94Bk0Lxwq2W\/0Pa3WWFe3v\/Un6qFo33yfuauCcequvxyQvPua0KztUO4J8sZBUkPcW63CdXKvkOliL7oEaqPKHJKIbAyV9tUtRia5qi27ZdIkuWoYpdqIggikWh6xEuTSgrhiRfOHhv63siAmac15Xs8uHZ5DawHM2DgEcZEwcwylPicQZI87kuN6DS8i4YdRvmXyJJD4fDN2GFrdSMzNTSQgg5p\/+ssrJtlkVEuz5SeCZ1bdi99PngNRhjlsuuSsnD4fxfBJCU1cQxNIK9SJUW0qQhlm6cRQVM1Tkyw7GPbltVM9Dxq3RtjMUg1EQSRSDQNcag0UmhamxDNuuJKdH5diOMHUvxqG5Hle9yYfrIRLwZFsmRG9p0SyYjDh+k\/1qDiQgrKchUjHB3XieJAecQQmENIrqkNHy2NDePtZ+pRIU6NsA+fJpCzYMiC9ZURlBcX40BdC3qvu+DV6WNQtvBg6oEZL2+QkzIpew4ja1mC6qyDTrmwyRjZ1WGpUk0EQawsmoZ4aVJJGXj3M9XNuovn0MA8XKNirJYkOzSJyTUWdB2cQfulOOY5S1sD5Rm+jJ7f1aLo1XDhbHwYb63HqKkMp5Vj+OxddkQKzEPeWYueni6cOMA85dstKK979uPvLlWqiSCIlUHTEK+kVJK2fI8RyavuYyrIW\/PCcXGE+cqcNOTlmmFIZ0PtL5siCpIuHifGHhRi7w62D6V4rGz+vfi8ksLHKh0MyWnIP3gKtRuGcCPqM7wGvPiSE\/ceykkZ92gvHLHoz616Afh2LlAOhu8fQakFNyvdLixBqokgiKeBpiFeSbTlewzYmjsH2xm1PFI7ml16NvhWo0MKM+a6c+1wKE9UhBiixcEuBLpRjNyXreNjJ3rP2DAupYAHvTj6UUASCY\/sGJ0wBpSmmdfvVuaTQ0jJScVga7AUUUsPO+Jwjjk3vDPuwLPXBhNSJvpwRTbk0hx3r5QQGUfLb9m25cfxvDdtOPkgMzapJoIgEkbCDHE0+R79tirUmsdQV8zys4vROLYRtQfS\/PPLfnQpsLyTjM6Ph5jBiiw5FB8G5B\/Nw8ypUnEuteC9QegqalFyd0ryyDeVoXaLAyf3yI+vfTCGjb+2Ik0unCG9EMYLbN0d7AIh\/RRgYxlO7PKi\/ZfS42vl57zYXVfETH8YDBkoXN+N0mzlmMwo+XUqRo9I65Z+OIbU3SXiohIZsBToMPie9Pha6aeIUaqJIIhEQvGICYIgEkziPGKCIAhChAwxQRBEgiFDTBAEkWDIEBMEQSQYMsQEQRAJhgwxQRBEgiFDTBAEkWASaIgdsCnxeuOGx\/21LXxZYil4hlC\/s3N5t7kMkPwRQTz\/rJAhlgKk+6N88bfPyuthu\/4MByI35KDhYhkWEwLnmZOFYrh6QiKtsU9QAHmCIJ4ZVtAjDpZK6v9dGZL669H9QM5+rnj2ZKG8X68Ljn7HPsd3LEusTYIglhlNQ7ysUklrzdiebcREhAjo0WSTnF01kmwRl\/i5dA9Bwcq0JIBkySMxb0cxaiJ6quqpEum76263X9LowMfBUkmahMpCPfFgvEOJbczlkbrhVMs+qcsoHp8rQpS0WGWhPHBPm\/BiuDjLBEE8c2gaYqvV6lfl4H95etE8duLK6BrkpYfxyh72ovEzAyz\/X7\/ouV3+ZDc8TTaMy9bIN2bDya8L0XqReXY9p1GoG8XgmJTHjZO9tQnunBPoF73RWqTfbkLnfSnX2XMS9zcfk\/L6O2BZfQHNwzHEnHRdQMuQCYd\/fxnDV3tg1bejfTSG9fzooJcjqrn7G3HBYMHZHu6ZXkZHsQcnz47LxtaLkY8bcT9dLiMvv7MRtpuhpphdjH7PLlCmd2FN5RvWCnA0j3keqF5OEQTxbKNpiJcmlRSi0LGzETMFVmQpoSLVaMomeWG\/PIuSigwYuWXhskXZe7E7lecxokgA+eaBJKNs\/FfpmafagKot4WJOhpIBywFln3qkFbKLwxdqoSYNQmShjDtP4XiBya\/god+chbSHbsmrf3QNg2utsG6Ry8jL\/4sS+B4E7ys+WSgPPF860P2+rH7Cveyrz\/D8PEH8wNE0xEuTSgqZN718HKnX6yMGcY8sm+TD3LemQKxfkRe4wykRRQIopbAMnlMFKCh\/G42fDsDxiBnCEDmhsJiSJSOswIxoZA8ziiwUM8yOi42olFWft22rZGvIsPLD\/GLwttfn4N1dkigUP\/74ZaHYsp8cR+1HPZL6SccRJF+tWYEA+gRBLAeahnhpUkkhcE9vXyFm++zB87scTdkk5tLqdJrDbE0JIEMGrG396Gl7FyUmL3prK9lwfrkNkrYslLu\/Hm2zeajtuCwv08ouU7GySFkoNWvNKDpYiMm\/Je7mIUEQkdE0xCsplaRGWzZpDdascsIlq04sIIoEkM8r5ej0RpizS1DbWAjHyNM0SB6MXzfDUpHmV33GE3ZxUUhKBpxTweX3OtA7qhjdRchC3e1G01V6VI0gvi9oGuJlxeeG\/dNOIDMNoTO02rJJemTsWIfuc2rZpE5cUG7WaUoA8RthR9H5ufKUgRfO66OAMmf8VOA6dXaMXpcNI6+HMzb4BY7Wb0XeY3a86vxPmzG9OlgUik+MxCwL9dJr0Pd1wj4jG222zZE\/9uHlN5TpDoIgniVW0BAHz5vm7mnEmLkWVdvC3CiLIpuk22xF1Y\/7gvILd0h52hJAeuS8cwi6C\/KjYQXlaPfuRm1B7BL8y0FKRS2SLu0X579z97TAueUIDmMaU6IhZeV\/pxYbx+qkMu6S6sm6OcxkTKyyUGw5a00Kxj4slebc2TYnXmkIv02CIBIOSSURBEEkmKc3NUEQBEGEhQwxQRBEgiFDTBAEkWDIEBMEQSQYMsQEQRAJhgwxQRBEgiFDTBAEkWASZog9l3gQGjmxzCRKXsjRUYB69avFMyNoOSTFWC441Iihh\/LvcbMC0lAEQTwzrJwhloOdi8HceTD0txrReyeeeL5Pmc9t4aWE2O\/bzsRmAlPK+9GQrbw+zYzn6UEk10gBifqbLUiLJfomQRA\/OFbIEPPXb3mw81p09fNoY5fR9ZsS4PxRf8D25x83ppGJrcnya8U6IwzhYjETBPGDR9MQL14qyQ3nk0KUbTH6g6HrDDwUYx7scsB2ke\/cGPFLBL0dJI\/kezCAFiU+cYj8kTitMRF53WBilReKgUcDqDkzDvdwCypF2aMCvN3l9EdO80+38OV4zOGxJhTz8okedYhqtZa8E9uipjQUQRDPFZqGePFSSUYkrxrFtfsh5iO5CK37AjrJ9tbzmM2TJY7asjHxYTfEAJW+cdg+ZP7kb+T4xJ9VYePlJvSq5lgjrhtEPPJCMXLdhvOePJzgskdXzyL7diO6Q7389fk4zmMOp7+LHl4+JTayH215J21pKIIgnjc0DfHipZIMyK+zQvenalSU16Pl4hCcSkhGFcafW1C0SZ443ZCP3ekO3OM32XRpOPyJFWkGZVhvwpuZOsyopnAjrqsiPnmhGDEWwlJshp57+quMyN+VAUcEQdSIaMo7RZGGIgjiuUPTEC9JKmm1CflHW3HukyMo3DCPkbOVKP73XrhU6sWmnwTHBX5BnsYQeWiHra5CGrqzT\/EJu5whobku8zjjlxeKkZdeZOZcxX+T\/8aDprxTFGkogiCeOzQN8bJIJekMMG3Oh6XuLDoKZnDyYgwCnL5xtHwwiuS9p9FzlQ3P2fC9pzpDzoyFZZAXWmEiyztFl4YiCOL5QtMQL1oq6XMb3u5faAD1pmSs+SaG2053x+Aq3Iv8TQb\/zb75J5FuxoVjEfJCq3RwP5qVEwG8X7uR8dNl9qo15Z2iSEMRBPHcoWmIF82mLKT0NaL9phs+5SmFx04MfNoH\/Ssm+QcNkpKhGx2BU7bZ3ru9sJ0dlxJxEYe8ECtzzlAjWq4Hysz32\/hbHfLSl1laSVPeKYo0FEEQzx0rY4i5pE\/zESSNNuFAsTQHWvBWJ6Y3R5BKCmV9Pg7vmEHzHr5uAaoHdbBUl8DpWsQ0Q6zyQqvMKGurQvJwI0q55BLbb+X5GRS21SJr2Z\/\/1ZJ3YkXWlIYiCOJ5g6SSCIIgEszKeMQEQRBEzJAhJgiCSDBkiAmCIBIMGWKCIIgEQ4aYIAgioQD\/F+9yhYLkikc6AAAAAElFTkSuQmCC\" alt=\"\"><\/p>","protected":false},"excerpt":{"rendered":"<p>Tegund:&nbsp;SA161<\/p>","protected":false},"featured_media":66310,"comment_status":"closed","ping_status":"closed","template":"","meta":[],"product_brand":[],"product_cat":[515,592,739],"product_tag":[],"class_list":{"0":"post-66311","1":"product","2":"type-product","3":"status-publish","4":"has-post-thumbnail","6":"product_cat-verkfaeralausnir","7":"product_cat-rafmagnsverkfaeri","8":"product_cat-aukahlutir-med-rafmagnsverkfaerum-fagmenn","10":"first","11":"instock","12":"taxable","13":"shipping-taxable","14":"purchasable","15":"product-type-simple"},"_links":{"self":[{"href":"https:\/\/vv.webdev.is\/en\/wp-json\/wp\/v2\/product\/66311","targetHints":{"allow":["GET"]}}],"collection":[{"href":"https:\/\/vv.webdev.is\/en\/wp-json\/wp\/v2\/product"}],"about":[{"href":"https:\/\/vv.webdev.is\/en\/wp-json\/wp\/v2\/types\/product"}],"replies":[{"embeddable":true,"href":"https:\/\/vv.webdev.is\/en\/wp-json\/wp\/v2\/comments?post=66311"}],"wp:featuredmedia":[{"embeddable":true,"href":"https:\/\/vv.webdev.is\/en\/wp-json\/wp\/v2\/media\/66310"}],"wp:attachment":[{"href":"https:\/\/vv.webdev.is\/en\/wp-json\/wp\/v2\/media?parent=66311"}],"wp:term":[{"taxonomy":"product_brand","embeddable":true,"href":"https:\/\/vv.webdev.is\/en\/wp-json\/wp\/v2\/product_brand?post=66311"},{"taxonomy":"product_cat","embeddable":true,"href":"https:\/\/vv.webdev.is\/en\/wp-json\/wp\/v2\/product_cat?post=66311"},{"taxonomy":"product_tag","embeddable":true,"href":"https:\/\/vv.webdev.is\/en\/wp-json\/wp\/v2\/product_tag?post=66311"}],"curies":[{"name":"wp","href":"https:\/\/api.w.org\/{rel}","templated":true}]}}