{"id":66313,"date":"2023-04-28T17:55:32","date_gmt":"2023-04-28T17:55:32","guid":{"rendered":"https:\/\/vv.webdev.is\/uncategorized\/product\/starrett-sverdsagarblad-tre-bt96-5-6-tpi-5-stk\/"},"modified":"2025-01-30T17:54:15","modified_gmt":"2025-01-30T17:54:15","slug":"starrett-sverdsagarblad-tre-bt96-5-6-tpi-5-stk","status":"publish","type":"product","link":"https:\/\/vv.webdev.is\/en\/verkfaeralausnir\/rafmagnsverkfaeri\/aukahlutir-med-rafmagnsverkfaerum-fagmenn\/product\/starrett-sverdsagarblad-tre-bt96-5-6-tpi-5-stk\/","title":{"rendered":"STARRETT Sver\u00f0sagarbla\u00f0 Tr\u00e9 BT96-5 6 TPI 5 stk"},"content":{"rendered":"<p><img decoding=\"async\" src=\"data:image\/png;base64,iVBORw0KGgoAAAANSUhEUgAAAWkAAACeCAYAAADwm\/tbAAAAAXNSR0IArs4c6QAAAARnQU1BAACxjwv8YQUAAAAJcEhZcwAADsMAAA7DAcdvqGQAADnwSURBVHhe7Z0PbFNXnu+\/83hyhWTEyohRLKq4HWGoalopEU\/JsE3gKWl2SbJLknlARpCgxaBXk+1C+tok7YR0NqRdCN2SzAwx+2h4IqGaJFUT0CRBE4wmJDPU0UAiQYxKjAYcFRwVxSqKNShW0X3n3D\/2teO\/+QPu8PugS3x87p9zzzn3d3\/n+N7f90cCAwRBEERS8t\/kvwRBEEQSQkaaIAgiiSEjTRAEkcSQkSYIgkhiyEgTBEEkMT9oI+25WAPrTfnz5ToUtjmkxGLisaFuWzuWYM\/E3yoP+1BzinoMsTg8HSN9vwcVpe1wPpHTS4Aupx695SY5tQBCLzBdLuovlGER9hwV390+NL9dgrwtW7BlWwWaL7rgU\/JuWvHOGYc\/reAbacb+NqecUsHPge\/Hv+Sh5O1m9N0N2YPXib4TFSjZytcpxJ7D7Rj1yHkM5+c16JmUEzL8mHlzDJAT7dU9cPGPrKyB46qW6j7wXfMba9D3W0tQcaIPrsd844XjHWxA80jIeU72YL98\/ABeDB1phj20UgkiyXgqRto14sCGLS70j9EVERbfKKwf3UHGLzowMDiIwS9qkeFsgPWaVF+a18ww+1rRfktVf4\/tsJ7WoWqXUf4iGEN1Nwb5vsRlAB01GbjzUSOGHskr+BxoPdSIyYxadPTydXpxcrcW5\/93g38d46sGjDiCTZtzzI30h6PBN9zJcdjXr4NBTmYGHVtejhVAJ+fv\/LXq+94O1GbcQd0vQ43o\/NC+kgb3WPCNy+OYxCrcwqhy7hzfOMYem7BOI6cJIkmJaaTHx8eRlZWFH\/3oR+Jfnk6IJ04M\/SUTZXvzoRkZD\/YGRa\/VDmdHjeTNMa+q4ULAgxSnM6460fmB5GHmbW9AT6g3qMA8uJqLqsvcM4p2\/3Y1aB8L5HnG2lFXXih6cjyv87a0T9HL234c9o4KlleDvof8Wwesai\/siRs2xftk5a1pG4VHMVji+YzCPdiMim3cUyzEOx3OwDnz9cKNJh56kXrQjMwU2WJo9Mj8n+lws+\/lL2DaY4bvTDsc4s58sJ9qha6mDMZl4gox0azJhHk30D8inYl3uBPOnx2DZZMeGnkf2vXFqK1bhc4LspEzmqD9ekLVZk6MPsxC2UYX7HflrxjevziwzhT+ZhGTZRroN1lgSRkO8uLnTco6mO5OSF69iBfjNzTYUarF2JhSn4xJJ9wbjf4bh\/sya7PteazN2Kjjg+ARBSdq\/uNAHy08wEYsTtVxCGKBxDTSFosFf\/zjH8XP\/C9PJ8StIXi3ZEOrSUfuimHYQ\/vvhVbYUqvQfZF5VRdOIG2kwu9BcnrO2GCo7BY9zN7\/TMPIIStGA9nhYTeG9qouaPe2idsNfGaG9gtm4O+zvPs9aPhCB\/N\/9Yqe3MBnO+A5Lu1Tt\/Uo82LfQ2bpSZZ3FAWrpd0FYEPkj+sw9nqV5H32tqFsWSuqmSH2c9WKc558HOtm+ZdPI+dGAzrvSFmOzwtRczmMJVqTjeLXtHKC8dgF2++9yEpTTAhjuQnmPT60nnPAM2JFl6EWZWvlvDjRLF8hf\/Ixw+VDboZq\/zKaVzOwYWwCbp7QGpE25WCmWeaOHa6NP4XJZILzRsAMTjiANFOyuKRGmFJH4FSq2TuKkZXZSDelQTMWcBLcXzthel3y\/fkUSd01E6o+H2DtPoC2nwOtVYHpuej5\/IbZiKnCk+i9zPpoUxFeGO6HXdySIBZOTCOtGGiF0HR0fBj9swa5adIFbMxJhWMkxEoXMi9qk2wsNAYUvGXGOPO4FYorLMiUjaUmtQCWPeNsCC6lI3LLhrF\/OojitbLhW2lE8e40TP6FXblrivHpxwUwLJeysDId2RvdcKuHwpF4eAX9GjMO5hgk73OZFqZdtcj\/E7solatfXwRziRFaMV+Pgu2ZcMgWw1Tei6N5cw2jgn++dmsjXP9gRkGKnCEjTXs0obQjFQe3KZML8eGbssN60i0bfi+mpwzQhyvKspeQqpmURw56rHvdiQl5Xtp1gxk2E9sodQOMjnF5HScckyYYVPcY+7ES6Tz8izIqCcMTH9zsxtbqzUdm5KpJiHUmLatzqUF8jjFo0piXr9mANN+YbFi9cI6tgjGVf\/bgysUXYP63XBjk+4z2tTLU\/pMd\/aKzECPfa4ft0U6YlREJ68O5e3YgXVqVIBZMTCP9xhtvyJ8kQtNRYR14bFVuYEjOhtwp1y5JXprCshfkDzKp65A+6ZYNAOO\/y39lDMZ0uKb8uWHxfOOC8Sd6OSXzahkOZklWwHuLedPKj3RsqegQv47NFLNWr69DsM+ox4a\/n8G0YuRffsk\/hBYJKX80RE+ez9NerIXpDw1oVc9Bi\/gwzYydftkUvKFZIbiCDGUeSj+yIbWmNszoIDrivPTXvL49GHcYsUE0bEZk\/uQOxvn9dmoCztc3+OejOXPnpINHJZ1vK+ViS04h6q6uRe27bLQl5wcR6YdItgRNb6kQ56Udkv\/vHPPJXr4W6RnMaeDTNE8m4EAaNogN6cYkXsU65aYtozdlYsbDTzBG\/uMZeFP1wWVn\/T24jxDE\/IlppK1Wq98w8788HS\/eERvaT\/xcdWH9HM0XbbDzaYdnxf0e1Fk9yK+Rf6Rjy8lSOW+e+GZD53AWyHI9MnfkwDEU\/AOYd7AJ\/Wn1OL1Xg5Yzo\/6he1jEKRvFSA6g+9e1KH5VMSVarEpxwR3Oxj25h0lfauBGw+elHRPwecdxx5DJzLP89esajDl88H49Bv2ric1Hq384HDhWgBU\/YUY+xAj6ec2iOo\/g5ejWCK43n5e+zeelnRj1piFdPm2taS08fJrmrgNu5l2HvSko+Ni5yR\/DouQzz1zzAplkYumIaaQ3bNiA4eFh8GB5\/C9PxwcbJl414vTlkIvr81yMXFYZnyez8geZyQmMMs\/Ef\/l9L\/+VcTlHYUiJcHHK6F40wPmXIH+dGech9Nz0sot0BMa9ZqSvCVxYs+F+zAtHCnMjg35I47gxcU2PVSvl5DzwDB5H+y05EYlHQ2gaSMPBrWxYzUYFB5a3onXeT8tosIEZWZv8I6Ia360RjKetY+MDGe0GpD10wH5tRJo2UFifBlwbF+ej5\/ubIUeTYUaRsxW2SNMh88KI9JfH4By2w2VKDxjj1RuQ6hzH6NdOGF9RzlCP1GV3MBHyCKCb9TO9jm8ZI1+7AhqnK7pBJ4gFENNIz5v7VzDMPS9lqkNhzWZkueyBR7h6W9HOjKeI14meU+eRnh24EfTwJxrkqQTvnR5Yz6cjO9ZDy6\/mIu13zei5I+\/3EdvvyfPMemtFA24fHJKeyJDnQ6290moifPplyh14YkPN6s3I97ai+bILPnF7L5zdzej\/+3xkxuNMidtIH9XojGsxZm3F6JRsdH1u2LvOw7BRsX4e2I71I+3fCqAX61MD0+4D0Jxh28zz+WJt1k4Yv6yG9apbOheG93YPGuqnsXOb2urqsM7kQv9FDdLWy19xxDneLnQxT9UY1SWNhRbZezJgOzW0qIbO8Aq7CfV6pDl0PwZseHEMXcN6mF6Wv2LntzlvBq2\/ssElVz+vh+bfZSJ\/I2\/UGPla9lfXidar8g2Pt91vu+iHQ2LRWDIj7bxsg2lTOBdLh59udASemS4shmmsQXqkbXs1HBn1ML8WsHjFRSaMHpPmj0vedyDj382I+SDBMiPKGnfAe6ZcegRvXyu829lwfw3Le82MWn0\/9hWy4xWWovlOBg5VMAf+G2lT6DJRtLoTpTl5aJ3j3TKD8kE90m40olTcvhyt3h04VhqfKxn56Y5i1B9MwfBHpVJ5dzVgxFgLi2gkmNd2sRG2TQeDf0jUmFBm0aA11rRHJNj25qYqpI40SOeypRAV57woaqlFdsiowPi6HqMpGUgPqnctNrzCRjYvqrxumbk\/HLJlzsskKlIKYDH1o30Rn6PXmpin\/10q0sU59ADG11dhVGvCOpXzoN1Si3rWJxt3SY\/YlZ\/1Ykdj4PHG6PkapO+vQkrvPrntmuHcWIQCcUuCWDjPNug\/f674y5dw9K3wrjF\/2qHzxaOwvCZ\/QRAE8ZyxdNMdBEEQxIIhI00QBJHEkMYhQRBEEkOeNEEQRBJDRpogCCKJISNNEASRxJCRJgiCSGJ+0EZajDdN8lmLhAPt2+pgi\/jGiYrQ2N0J4DgVJSJeAmWIvh8iqXjixtCpHjkW+nMAvz4GHOirtrIe7cFQx8KUh56OkSb5rLA4Tm1BxYWQGCMqvOzGE\/VNvSBCxAkSxoSyC\/XIjR4WJSr8fOa8aehfeIeNxcLLkIz47jthu2AVIy+2yk6FnycejLbVYY8oEhFecGAOfJuOBkmEIKTNo8mwPSucX5zDTFGx9KbwEx88k6Po62hGXXldlButB30nOuGSbYbvdidqFNGFt5sxNCV9H4lE1o\/aPio8F5vRqYhdqIQe8razeh4MXMfeb6dhfJF14uVaaKBD9jY9+hcQ9uCpGGmSz4oEM\/0jtgg3LzcuXXbOeeU6mTG9pQqk5RdPUL6zLLlOZFJysx2VZ0eBV4pQ9g\/r5hhMd28DurRlOMlFIrigwB4tuo70BIfzVeNjo423GzCWWoYjXIRAJUsWS4btmcActPOaHf6QBp7LjWjsd0O\/yYyiTVHKdf8Kbv0kGwb+6v1kD+q6VsGiiC78ayr6a5kBl9acSyLrx2ifAG5cuZGKbB7z5YkLPUc6seotqZ4HPjuE1IE62YC7Yf\/ahFytHXcycqWokcvTUfb6CNpvzq8dYhppks9aRPmsOWxAcU6Em9dtG0YydiBbTnLmeEnK3VuMuVyBzpHjKGF5yhSQUtbC0PUZ4nTB2BCO71O8Mea5iMMziYjHWgy8qjbdd1zl5QSXgSvUcKFcf\/kjeoU+dj7vwCrLY4nndjfSMRheh6pPBdqfI573gUDfUPeboPKEtn2kUeJrzAB\/sBO56\/VYoYoXIuFlZ1yEg4pIBEO7fjOyNFOB\/haC+2IncPBTmDcZoAuNYRNDhk26ngLn4D\/3+zb\/OXP5r0BdSX3fwa4XySstRMWJIbifeOFQXbM1Ufq4c9CBV7MC0cZ1ebU4+lYB0lO1CIkkH4Rz8A7StkguiqPfgVy16ML6YuxIG8N4BC88ofWjto+KOzbc2fim5DTd6ocj5xByU+UDcFGR7ekYE+Ou65FbUQxDarEYsVJBm5UDX799ft40f5klGm+88QZ\/2cW\/8HRC3PhMaPnzrPhx4myTcGVG\/Cjxba9Q\/Y\/7hJY\/TUvp2XtC7\/sFQpO8\/nR\/tfCmuUX46lsxKcy62Pr\/3CRcl7LF\/JYb0mfhRotQ3S\/v5\/sJoc1cLXQ75YN9NyF0v18pdH\/DPn\/TLVS+3yvc+6uUJXx3XWgxB\/Yplsk6Lic440JLVa8g7XlGuFK\/T2i03RNmv2fJ72eE8XMHhH3nJsRccdsylv\/lhDAj5j9g51MutDml7FDGrS3C+Ox1oan+EtuzmlnhevMR4dJ3qmPz9VhdXJ+WCyrWlXxOIupycmaFr5orhbYb8p5nH0hpuSzj1jeFgg+7hQn\/gaeF3ipWHv4x1rHUdR2JOfUoMW4tFcr\/D2tTt7TvmdEWobz+inz+qjLIdd3k7xu8\/Cwt941xa7XQK\/aLWWHiXKVwuP+B+D0n6jG+vyd0f9goXHLJ58b7Bktf+Y4nWL+xsD4q9zee11F1mLWDlJxgbd00JJeHtf1EV7Vw2Mb3Oi1c+vBN4TOHlBWJoP4aju9nhekbbcKR1nF2VuFgZf+0Q\/iqv0k48M+bhc2bC4QDn14RHvC+Fo6\/3hMuHW8Uet1Skh+\/tIyllXP\/hvfXA8KBo6wfyOc4Y2d11XxdPj7rUztLhQPW63J\/nhGuW8uFA5bDrF0eSNcA6xvdVQdU\/VANr+tu9n94Am0YAr9+jyvXxKzwwHEv5PqYES7Vs34S9rwTXT9AtPaZOMv6jFxHs+5x4Z78WWHGdiR627IyXKlvEr4K37BRielJk3yWigXKZ4Vjdlk68g02XFILITwaQj\/yg6PRadJx8DML0hX3idXVT7M0iChS8\/ASbH9nQZminci9KlFIQKm8Vdj58+LwYUYTPVaCZO4JeHvatCLs8DjmDkV5Xa9U9w1W\/p\/vZJ5u8Jruiw1o172HepXXwol4DO4FZVmCvaBtWlmg18f+pQRkxVjeziNVyJbryDcLpCiZrO2NJfWo2sQzdcj95QDMr0pZicM8Vu6d5+Rh33kdzLtN4ZVdfG5MDnTC5lM0NDtwyNCPOrXGJkMcEYre\/lwZNuMeCwqUc19TgB0ZPuTyfiD3NS0boufed6mmW\/JxaH+63J+1SC\/agReM+QEBY9Y33mR1P\/lNGF\/a64JjtSFItScuFF1UMaGB\/lVDICY4w3ezHWOsTU1hPd9E14+DJw4MzeT4r0dNigkG9bX52IH2a2koitr+WhhM03DHmEsPR0wjHSqXFZqOCslnxZDPktRRjDkZUAshuAdtMPxD+twL9b4d1sN7pOE2W0qORYlazMpqO7NfuliVpfR44GbCLh1dUEFDSORYCWFAqjIcF2HtH84i8bo2vhSctToX721XwsL6MPllDfZ0mVCWF9LWUY7B+4btiDS09y+VnfJ0hQnFezxoKinEnncb0HrRwfqq1q+mbioqg+fTQhSWv4OGM31wsOGzNpKiTEKYYOFzyJcH8NkOH6wf28T+H\/RDLP8x+xG7yPOqULVNcQL4jcLCnIShwBQRI5oMm\/7HavPFambZKmiCzmEV679TgWG5QYdVauPGPnNBY3XtaletYv04zECeS4uFXt8xYY7dkA8Zr4frFIypPjSeN2K3clPmU4z+tgzzxE\/o+vPANzYEX8aGsN2UTyn2fdLDbn5KrPfIrFjuw1Q8zmAIMY00yWfFZsHyWWveRL7bJqmgP3HCNpKBXHWAfY5vFM0fDiN19wl0y2o33dWZcmZ45moNsiVCWNgg5nGsp884xleY0fHWFDOmic2Xq+W7lEWR4tJlWHCyuxsnK3fC8Ij1lQOtgUfHdJmwtPSiu+U97DR40VNbEUaHcgEs00C3vhhFq234ihmboB9ilXYLMZDs0odmRYQyRJBhS2qYYze8IjckdrkMM7h1pwDzB7kBg7i6AEf97Rii8B9u\/YTxwj6s9c8GBMEN9BFmD\/fXIjdENHoxiWmkST5LxRLJZ\/GhUHaRFpeHveyu3Q9XjvwDhZrbI3AV7UbBep3fs5t9EsVA6FLgm1PWOEn0WEsBr2vnveDyex3oGVbaNR35eUbRqJZ9cxzWOH85167Ww+mM8FwAO0dR4JcZS+0aI3JLa1FfxIa6t6Vsn6z+q9Hq2ehnJ2obihZoAB3olL3muFj9EoxXR4OfBnoyDc8Mf9SLXXHxyLA9TdgNRRt6fcfAOzLC2jSMiMbUEI6fAyyHY3usIomuH4lHdoysCqMwxZ\/9PsEOsL9+jqp\/JGYez2\/kFdNIzxuSz0qM9blYe62deYVAflbwkFSEGS3N8BCcSlXdZnVxelRKyGjcU3Ar5WbeeZG3AXXdTniVc73Wib54PL84jrXk8Lp+xNpGLUt1pgmTy1dJaT8amNhNV3OWebxxvDCgSctH2vk6NCuyYbwNL3bCzg\/jHULjoUB\/4\/3RfpVVh+gTeDH0SWWgr\/Ltrg7DP4Edrr\/ExAijtpO1udxGDF7XXXcykB5W1d2E3CI7Gk7a5f7LynChFWO52eKjXrFl2J4y7GZmmHRFflRuDm5curZ27ijSO4rWc9PYURGnwY21PrsWFMm4WLgHx7A2J6T+WL2Pnj2H6Z8dRAFXe4oLdv252M09RCkoHpbMSJN8VqLo8eZGdnc25Icf6rFh3cGtU2jaxaeNClHdr4G5eiecLsWzZBfwzxyoztmCmgFucXhZTyPX1YRy5VxvGfHT9XHcTWIe62nAyv9uLdaOHJbmxbcHS4oFwaXA3k1F+yfMK4118fG+0VKFlIs1KGF1taWkGv3IRDq3tStzUfWvGnS+LT+C9y+qfsPKk\/vuAWi65Efw5LavLeRjHg9sR8L1l1hokF5xDDkP21FRItU1lzDbcbh47khKxrDtGKp+3I9Kvr5Shm3yT3MxZNiePkZkmhwRH5Wbw3077rySOefcPcNdaO9txh5uI3jdK4v6pTMVsdZ3fF6ChsF4xi\/8mee1yAw1xJ4r6GrrQ\/O\/8McS1ceI8sKWbxwjvjRsmEdTkHwWQRBLx\/0eHB9Jx3slsZ\/xcLYdh2vbe8hd0NThInK7Hce\/KcZ7OWFGtgni5VNR2oPzumEu3XQHQRDEmgLke7vQF8ejZ8byJDLQnPVli2Kg+SN6nY4MlM1zRENGmiCIJUQD067dWHH+OQqwFIQHQ+fGkb1Xee47cUg+iyAIIokhT5ogCCKJISNNEASRxJCRJgiCSGLISBMEQSQxz9xIO9oKUXc57hdjnw7PjWQW8czhrxfHJS3lQd8HrXAsQLps6UjmskVALXH1cAidvc9ewSYSS2qkg+WUCrHnsBW2kKD9pvJe1OdEj8Xx1FlCyay4EWMDKAHv94jhKINqLop8D38F1XWxWZJXYvmF5XVBge3nzWM3nJd7YP24AiVn5t7C1GIHew53wrkAXTc\/Pg9c1\/rQeaIOe34ZQx6MCz0okftCg\/JzgoQgFlnIYJ4ESUuxdlMLYEgB9sXVWH+YhmelAfrvAe3yhb1BGLfEFjNkzVfD5Dxxor1cLS6xeGULIkj0Icw1MNmD\/TxPvagFOqK0d5DE1epsFK\/ph3VQfuU\/2eCP4C0VoUG9Z1yXhBbzPqHlxjwiXz9XzApffXogJGD\/PqFxSE7zwPXvHwkOXP\/+PqHjL1JS+LpNOFB\/SbgnZ8+6vxKazI3BggsJMy60WY4IHbYJ4QEXXwgJ6D\/r+EzY974sIvD9rPDgT00sfUklQjAfpoVL9dVCS\/914R4XZwgSNQjlgdB9qFro\/lqpoxlh4stqofK8IgbABQXKhZY\/y\/kzUp1FEmR4KnzTLTR+GQiJP\/37amFf81fCtBxgn5d\/nywAMCuKZ0wLX7W2CeOKYMV8EAUdmvyCCKFiCgFmheu\/aQmIYai492Wj0PRppT\/I\/aKVLYhZZj\/KherfKQIbbP+snEf+oOrEUcUnorX3A+HSb7qFe65uockvFjEjXDrORTjkZBIR00jfvHnTr87C\/\/J0vIRVXvgrMxiHulk1SajVEMTPf7on9DIDVbB5s\/Dm\/6oWOr5mtfbNJaHJUiBsZt8VcOUMWWlCZGZc6Hi\/WHhTvb6IpFRy7+sOofp\/vcm2fVPYdzxYxWJ6tE3Ok\/bb+5fgbf3N\/z1rVFam4n\/cLGz+x2Kh+ux16ULiiAok14UHfwioZVT+dkK8sERY57p+tlraVlTSUKnCiJ1P+hgE2+eRs7Lai4K7V6hUDCPrnEdERRAVo4EOG05h4sH5yjDKIfxmwNpIVZ8zfzjCLoyAyklYwqiuXP9NaFtzdZnwyhuz9qbgY3x3RTjyfm9khRGRUOWZEFg\/6B4KKbe6nPyzX3FEht\/MZFWdxPueVJ5xfx9SVFJmhPHfyu3N+4q6L4Qwce6Iqn4eSKo0QXXAbzyxFUU4cdfpN1eEbuXmrxDO2M1cEZpC+yCH9cNGduO4F0XFJJh59rHvWf2q7ITId5eEw34VH9Zm7KYWsQwx2jscs39uEhrVN4EkIeZ0h8Vi8aux8L88vSCWZyJ3\/QhGI7wmOnSqC\/jZCfQODmKgKQtjH1Wi4twM8v+jVwx12rFHg9auUWnYwwUhP+lXCUKaofltM4aUKGauLjTbDDjIBSkvd8OibUXrsBLabQgtHRqY\/x8XqxxEd10a7hxnQ\/Q5AXq8GPq4DmOvV6GjdxCDvW0oW9aKarUaxlUrznkUtYzTyLnRgM47UpZ3uAVdy81o49uyMtRuvIPGL6RtHZ8XoibcfLxmA4rzQmIdPPJAZ5BCz\/jY8KxsY\/D7S17PNAx8+MbQbcxlp2eHWx4b+qbs6Bo2IXOtlA6gQebefNw6JYfLfMyGhwMmWBIOkO6Be9KAl4Iit2nwkpGNSMO0sybDjHyHFTYx8I4Po+f6YXprgSEltSYUZ6nK7fPAMTAG49\/Lwa\/CiQi8bMQ6NuxVhtAJ9T2O6xxaRkyo7eD9qwPm5a1oeLsRttSDUl+5cAIZY03oCxs\/3YVxpwkb\/HXmwSRSQ+pAj3XrXbgXxzRv3HW6hg3tFbUezmMXbL\/3IisteMoxfMhQD2znPMjfbcIK+ZvYzLOPee7BtX5dcLCllUakPZnGtJyc9Wkih\/6Mo71D0byShtmxEB3WJCCmkV6YfFZ49Mz+TEaIjJWQvE9UKSROJsz7M6Hn2bL0j+drOXCizwevTg+93MialGwc\/M\/iuVI\/C5TM8vm8WJWil\/M00GcdxAk52Ayfjz+aF2Y+fqUBJrWyCA8uft6L\/C3SujHle1bn4uD\/dKKhVJqny6sdRlplhOiBK7Nh3jSE1kE3HL89B+1eVgehF3ZMtOwc50qQzTxWLqdQtOJrskNnhuC+1Y5zf2dG8TxCOIZFFOVl5523Dz06M8pUERXnoFkBzdS0X4Xk2UpLaZHCzNh0kJPgE2MQx0didRpNYosb4yuOuSFDvYPtcObsjB2FMpRF6WMc1l6PA6oxHg\/fnzyHzyMInrAF5vDDEdLec9Cy6+4R68dyMlmIaaRD5bJC04tNIvI+0aWQGAbmmag7FOsY\/qQuG5ZXhlBeUoL9h5vRc9UFryYgleRngZJZOnYTWTtYjsLt+1F3ogf2SS802kR6uQ+Os82YyjcjPZzXwA14qHzPnXbU\/E6Pqg7mzXGvsIF5hSesEeMt63IseHVwP5pesKBsjrcdDxqkZ61C+69scHF7JMaubkXz2SiRhNmNxPK6Dfs\/1cCyKKFeZV6zSOISA59h52MrGsSwrfHxbKWlDMjcZEfT5w45\/jePc92M1gEpNy4SqNNoEls8FvwtQ0jI0Md2tN7IgDmcQkkcLLyPzcVUfhpHDx9F90U+SuV6jzbUnHYswBMOvgkkCzGN9ELksyLhZtduatig5okTTQopOhoYttWiu7sDx\/ZnQXOjGeWH41fJiFsya7kBxYe70dt2DOYsDcZ+VS7He44HZqBP1WDofwTH2PbDDfQc+R4f7L9zoagiIGmvScnEwV1A+3Ck43rh8a4CogwFY6HZaEH9Rgcat7MbpRi7Og27dxcgNYpqhZcZr1Xce5z\/VRUZjQ7GbUXQX\/4qcpv6ZuBLWTXvwDeLjb7wCMxol+J\/i3Gu87EzL3QaKToJ12kYiS3n4B2kbVGbaB9Gz44gbU9miLOSCAvvY2xsBt\/ylPDtJes9Ft2wI6JWTpK1d7zENNLzl8+KALsj225nIH0RNMGiSiHFwueV1Bm4rlxqOgre+hS1ayRtuSAWKJmlSC5huQ6GjQWwHKuFIZrh8OOD8\/NG2DPqYYlgoMPL9\/jYMZlHEO5qijAUdF1ohXfXSdQazqNVEWNIGHbT23oQJy+wG+XFbhzdtQquv6RGUBhhTPag9bvdOFmXivNnVPO88+VWJxqiPW+\/hnmWoe1414mJHzNvWU4+VcJJSy3TIb1c9gwvnMTBLTNwaDJE1ZW4iKNOY0psPXHC7k5Dprpve4bQ1dGDOvHxSmnhwsSdb7PP6kfeopBwH+NSYTcmglVdHjkxxkY3kjaPE51c5EH8HIZ5tTcz4syEP5P+EIWYRnox8U7aYH27FZq9bGguf7cQokohxeJuDyo\/lofnnId2DI\/poQ81vAuUzHJ1V7Iht7wtwzMyjNE1euluLu6Pf5iLu7cZtrUH2PAyzH0\/qnyPFulZM2g9pf7hcBStZ5zIeD3MCINd2M2uIvE4hm1maD+PT4YqGr77DvR8wqdoIrQz\/8H3xCSK9qZDm1oM89+dQ2ucGoWh+JTN1hqx4ret6Lstj3B4O13ognNTujQVpcsU29Evx8Wl2s4OITOcnt7TIJq01BMfPJN2tB7ux9qfhVGND0ecdRpLYss3ZoN3S0hYTV2uSuxVWrgwsTiKPVYQPNUXjgT6mL89YUL23\/fD6pd\/88B+thOaLHZ+Yr4BG7Q9aPdf+z64h8\/j\/Ctp0k1tPu3N6mIyxTj3d6lnzBIbaTuO8+GvePctRMVpJ4y\/OBneM5wP0aSQYrG+DLWb2PB8l\/zCx4cjWPsLSxjpKi5DNX\/JLOOuWmQ65G1ZHRweWYva\/dKFF\/HpDjhw\/pM+dFaXyHWnLLJkfQz5Hu2WKtQaR9Agn1tJ1Xl2Y1RkoFTw6ZJTDnZhy8NYVp8792rQenZ+83rij1H8JYxTQ1jxswgjAIb7Iisnu1gz5fle4\/b4NQqD8NjQsF1+M1STjoP\/kQPPOfnlh5IKtPvlrTisHSsPIaV3n\/Ryw780YTKvftHmRxMnvLSU+AJYyX40nHMhrTp+kdO46zSqxJYP4yNgN\/Pw7TYvEulj6vZkGEvrRfm3UvHarkT\/j6tQtUW5fWhg2l8L00iDdG3llKDh2lrUy9fWfNrbd2MEvrQN8vbJA8WTJohnRQLSUk+FRzYcv2DAe+XPaHTxTPFi6Fg7tJXhHLVny1Od7iAIQkUC0lJPhZW5z6mBZl70zU44MsqSzkBzyEgTxDPjeZeWShIeDqHdkQ2zfyoluaDpDoIgiCSGPGmCIIgkhow0QRBEEkNGmiAIIokhI00QBJHEkJEmCIJIYpbs6Q7+5lRFh5yYw06cHLTA9LAPNduPwy5\/yx9J0r1WAPM7FhS8LD2wyN9i63zxKCyvicmYeK51ouVsJ4ZursPBL46iYJECOREEQTwLns4jeNwYf\/kSjr4VohrIvrde+yksqqh1vvt2WD+0Ie0\/a5G9MhEj7YOjrRKt35fhYFE6DLokfCqdIAgiQWJOd4yPjyMrKws\/+tGPxL88vZRo1mTCvBuqwP0hRAhIhPt96MQhfLo3kww0QRB\/M8Q00osunxUHPHB6WG61ozBCzGfXyCRMayfQfEASASg80IyhZHndliAIYp7ENNJLIZ8VDa7HZz3pnqO5JvJqGXo\/zg0TGtEHt4t50pd9AT26d1LRX9seRrOQIAjih0NMI73U8lmuY+pwnHko\/ciG1JraBH\/w82J6qgBV1So9urXFsOTbMXRbShMEQfwQiWmkl0I+K4jSk6pg4gPo\/nUtil+dT6ATDVaETEWvWL7CH2yfIAjih0hMI73o8llLgg4vrbdjNMRrnn44E1nynSAI4gdATCOddETwjE25RbB\/1Ay7rHThvdOD1rFcZL8spQmCIH6I\/LCMdJSnO5BajGM1Kej\/P\/zpjjyUn\/Fix+FiGNSS+wRBED8wKJ40QRBEEvPDm+4gCIJ4jiAjTRAEkcSQkSYIgkhiyEgTBEEkMWSkCYIgkhgy0gRBEEkMGWmCIIgk5hkbaQes1X3hX06JiQd91Va2h8VmIWUiglmqNiKI54clNNL8AlWi20lLYXkdrFfdcv4zxDOK9sN7UCiWqxB7Dlthvy\/nJRs3rUF1GLpYb8rrEQTxN8kSe9Jcy1CJcDeI3l+XIaW3Dp135exngc+B1qouaHefQPdlXq5enH4rDSMfNmDokbxOMvGaxV9\/g4PdeC8juE7j1X4kCOKHSUwjvajyWSuNeDNHjzFn+MkEz1g76solZZW87TXovO2Tczg+ODtqULKVeZDbKtB8cQJeOUfkiRu2ExWSd8zzByN47I\/uwbmxDMXrddDIcT24ZJdl\/4ogya6Z252o2Z7HypKH\/Z8Mwa0K7BStnI5TNegbG1IpxDAvXX260co5z7CqS1UeZdvj+1g9KFNAUes5RhsRBJE4PHZHNN544w0e28O\/8HR8TAu9VS3CuJwS+W5C6P6wUbjynZxmuS1VvWxNxjfdQuX7vcK9v4oZbN3rQou5Sbg+KyVn7U3CvuavhAc8\/f2scM\/WKJRvVvY\/K3zVXCm03ZgRU8LsAyntlJJBzLJj\/muT8NW3cnoOLH9nuVD5G+VYM8J1a7lw5A\/yvmOUc9z6plDwYbcwIa8+8+cWodzSLTwQU9HKOS1c+vBN4TOHmBOBMHW6ZOWZu22s9aO3EUEQ8yGmkVYbaGWJD25QNgubN6uXcqHlz\/4rnqEy0mEYt1YLvaIxnRGu1B8WLvmNO+eB0HtINgDf9gpHzk6I3\/px9wrVrRHMw\/R1oe39cqH8X48In\/VfF+4F7ZcbabZf2ciJsH1VWiObmkA5+edKodctfZZghu1T+btEyzmHMEY6DItVnnFrqdD2tfhRIur6MdqIIIh5EXO6I1QuKzQdneD508GBo0i7WgfrTfU0RgDvrR40vF2CPD6UZktFh5zBhtEzjw3Qy9JYEi9wMRaJqUnYzuwXt\/EvpcdhD38YQJeOso\/P4myjGdkaF84fKcH+k3Z4lOkGQyr0apWXZYFDcSKXk8PWDAqPqsG6VzSY5HGuEy1nnCxdeQzQqQUlo64fo40IgpgXMY30ospnafTI3FuE6fP2uXOV93tQZ\/Ugv6YDA7JRP1kq52GWbauJer1nVncHbgbK8pZJzo3Acj2MOcU4+Ek36l88j9arccygRi1nbOZVzmg85fJEXj92GxEEkTgxjfTTks\/y3BiBca8Z6WsCl\/ms\/4e0FVixzAlXpKcvdCnwfT3BfLnYeC7WwDomJ1Tof2LAtDf2HqKXk8P2EZKe+NqHVC6sm0A54+Wplifq+jHaiCCIebHEj+CF4HPDfqYdyEpHqNSs7kUD7IND0pTDEx\/cV62w9kp5YGtnbl2FzrPylISY346uESkXa95EkbcBdd1OeJX8a53ouzXXnOg25sJ18jj6bnv8IrW+qVG0\/t9RmIzqsX14opeTM4qusza45EN7eP5UDn6awhKxyimXJxGWtDyhRF0\/RhsRBDEvlthId6JCNX+Zt6sBI8ZaVG0Jowb+mhm1+n7sK2TrFpai+U4GDlUAk99I2ZqNFlT9+HxQftFWKY8biOwPTiPX1YRyJf+WET9dH2bwvToXR\/8jB55z1Sjl627JQ+lH\/dDuPYaytfI60YhRTiAT+VmzOH9IeuSt\/JwGluoCSOY\/Wjk9sB3JQ+stccX4WbLyhCP6+tHbiCCI+UDyWYsMf7b43s+OooBPJyQByVYegiAS4+lOdxAEQRAJQUaaIAgiiaHpDoIgiCSGPGmCIIgkhow0QRBEEkNGmiAIIokhI00QBJHE\/GCNtBjrmAcJWmTE18aXQO3Ec7kOhW1LLyS1VPVCEMSzYUmNtOPUFv\/bhuKybQ\/q2kal14afBQ\/7UKMuz5Y8lLzdjL67EV6DXgChxl6XU4\/e8nkEUuJlPkUqgQTxvLLEnnRIqNIvTqBM24XqDqec\/\/QxBEVxG0BHTQbufNSYnNJZBEE898Q00osqn6XRwVhiRvbvh\/wK0rEks1wXm1GxjXu9hag40QfXYzkrCB\/z2t+BdUwONZqAp86ls8y7ESSd5eexC30nKiQ5KPH4c2W0JIktLkuleOSSAG\/JMTs632bbKbJTN62ouRg4RmBb5s1\/0I7RMIfn3viW7cdh76hg68nTGOE865B945t5yncRBJF88JdZosHlsvhqysLT8TJuDafKcU\/otnwmfR9D+mnmD0dEOabp71ni+1nhwZ+4PNN1gWcH1EdmhYlzlcLhfkkQKqoM1be9Qkv\/XB0YLvtU\/Xvp++n+aqHlhvitcL15n9Dy52lhVj7+vd9VC5Xn5ePMXBGOVHX4paVm3VeEJkubMMHXZQT2I3OjRahWju1sE\/a9r5K0+rpbqD6kSFqFwMpcrVaFCU1zVPv2S17JCimJyGURBJF8xPSk\/\/jHP8qfJELTCfHEC2e3Fedfz4SRp9cU49OPC2BYLuYCK9ORvdENtzj14MGVgRWwvJUJHVcWWaaBflMZdvqccPFsGffFBrTr3kP9Vr38jQ65vxyA+VU5GQPflB3Wk25kpYWGKdUg\/d9Ow7JRFqxlxzdkZEHjlt1Snw9enR56ueyalGwc\/M9iGKRkVBy2MeRXFMMoBwPUri9G2cZJRNDnTRADzHvZvmWFFC2PTPf6CEanWOLhJdj+zoKy1+QDcxGGHTlwDNGcN0EkKzGNdKhcVmg6OsGhSreUVKD92yIc3W\/yK3hEln5yY\/LJWrwUFDWTGeB3d0oGHj5MflmDPV0mlOUpBjo2rmMlgfKIYUptSK2pDR8l7okb9lN12CNOt7CFTz3IWdBlw\/LKEMpLSrD\/cDN6rrrg1Wj9CuSR8eDeXSPWrZGTMqZdB5EdO5x1HKyCRrnpyejZnWMp5bsIglg6YhrphclnZeK9L1Q\/HF44i3rmGesVQ7Yg6adxjK8wo+OtKbReTGBetfRkoDyDA+j+dS2KXw0T35rdBEZP1mHYUIYTyjl88R47IwXmWW+rRXd3B47tZx72jWaUH7ZJ889JzKLLdxEEsaTENNJLKZ8VXfpJj9Rld3AvyMvzwnFhiPnYnHTk5xmhy2DD92+ORxS3nT9OjNwtwu6t7BhK8VjZ\/EfxeSVll2Ua6FLTUfDWp6hdY8NXMZ9R1uGll52YuC8nZdzDPXDEIbGIZS8Aj2cC5WD4\/hqUmvPDqduFJZPvIghiaYlppJeS6NJPOmzOm4H1lFqOqRVNLi0b0KvRwMQMveZsKxzKkx8hRmp+sJuEZhhDd2TL+ciJnlNWjEop4G4PKj8OyFLhoR3DY\/qAWjYbLbiV+esQTLlp6D\/ZA6e8a+\/tHjR3szMO59BzozzlDjxbrjPANHYel2QjL82p90gJkVE0\/4rtW36k0HvNisa7WfOTyyII4pnzTI10LOkn7ZYq1BpHcLiE5eeUoGFkLWr3p89VpNaYYH43Fe2f2Jgxm6cM1Rx0KKjMx9SnpeLcbeH7\/dDsqcXO2\/ckT359GWo3OdC4S34E78MRrP2FBely4XQZRdB3sW23spuH9FWAtWU4tt2L1n+RHsErP+vFjsPF7LYQBl0milZ3ojRHOScjdv4iDcOHpG1LPxpB2o6d4qoSmTAXatD\/vvQIXukZLEAuiyCIZw3FkyYIgkhinq0nTRAEQUSFjDRBEEQSQ0aaIAgiiSEjTRAEkcSQkSYIgkhiyEgTBEEkMWSkCYIgkphnbKQdsCrxlhOGx222zn1RZCF4bKjb1r64+1wESBKLIJ5fltBIS8Hv\/dHW+Ft55XWwXk3iIPO6XNRfKMN8wg0lnVQYw9UdEvGOLUHiAARBJD1L7EkHy2f1\/roMKb116LwrZ\/9NkXxSYd5vVwVHIWTL0a2LEg+VIIinREwjvajyWSuNeDNHj7EI0e1jSWk5O2okKSsu+3RxAkFB46LJQskyWGLe1hLURPRw1dMv0mfX7U6\/zNX+T4Lls6ISKhX2xIPRNiU2NZfM6oRTLQWmLqN4fq4I0erilQrzwD1pwEvh4mQTBPGDIaaRtlgsfjUW\/pen580jJy4Nr0B+Rhhv7n4PGr7QwfxfvaLHN\/DZDniOWzEqWyrfiBWN3xbh5AXmEXafQJFmGP0jUh43XPaTx+HOPYZe0YutRcaN42i\/I+U6uxtxZ+MRKa+3DeblXWgajCMuqKsLzTYDDn4+gMHL3bBoW9E6HMd2fjTQypHt3L0N6NKZcbqbe7QDaCvxoPH0qGyIvRj6pAF3MuQy8vI7G2C9Fmqm2Y3qc3bzMrwHSxrfcbRgUrOY5SIEcoogiB8mMY30wuSzQpRZtjVgqtCCbCWcp5qoUlpe2AemsXNPJvTc6nApq5zd2JHG8xgxZKF8s0CKXr4xLNMyD7ceVZvCxQUNJRPm\/coxtUgvYjeOr9XiXVEIkQrTb\/sURwsNfuUW7cZspN93S6OBh1fQv9ICyya5jLz8P98J393gYyUmFeaB5xsHOj+QVW+4d345iX8PIAgiLDGN9MLks0LmaQeOIu1qXcQA\/ZGltHyYeWwIxGoWeYE7qhIxZKFMRWXwfFqIwvJ30HCmD46HzEiGSEyFxZAqGWgFZmAje6YxpMKY0XZcaECFrC6+ZUsF20KGlR\/Gl4L3vToX722XhML4+ScuFcbW\/ewoaj\/ullRv2g4h9XLNEogjEASxlMQ00guTzwqBe4h7izB93h48n8yJKqXFXGGNJurQPaoslC4TlpZedLe8h50GL3pqK9C66IHuo0uFuXvr0DKdj9q2AXmdk+wWFi\/zlApTs9KI4reKMP7nZ\/dDJkEQiRPTSC+lfJaa6FJaK7BimRMuWW1kDjFkoXxeKUej1cOYsxO1DUVwDD1NY+XB6FUjzHvS\/erieMJuPAopqYDzXnD5vQ70DCsGeR5SYbc7cfwyPW5HED90YhrpRcXnhv1MO5CVjtAZ4ehSWlpkbl2FzrNqKa12dCk\/HEaVheI\/ylWi\/abyNIQXzqvDgDJH\/VTguoZ2DF+VjSavh1NW+EWvVm9G\/iN2vur8M02YXB4sFMYnW+KWCnt5A7Tn22Gfkg062+fQl+ex7nVlCoUgiB8CS2ykg+dp83Y1YMRYi6otYX60iyGlpdloQdWPzwflF22V8qLLQmmR++4BaLrkx9sKy9Hq3YHawnjndhcH055apFzcJ8635+1qhnPTIRzEJO6JRpaV\/91arB05LJVxu1RPlo1hJnjilQpj61lqTBj5qFSa42f7HHulPvw+CYJIWkg+iyAIIol5utMdBEEQREKQkSYIgkhiyEgTBEEkMWSkCYIgkhgy0gRBEEkMGWmCIIgkhow0QRBEEvNMjbTnIg\/4IycWmWclOeVoK0Sd+nXsqSE0H5BiZBceaIDtvvx9wiyBXBhBEEnP0hppOZC9GKifB7p\/uwE9txKJx\/yUuWkNLy\/Fvt9yKj7zaCrvRX2O8so5M6wn+pFaIwV\/6m0yIz2eCKkEQRAyS2ik+SvLPJB9LTp6edS3AXT8+07gXKU\/GP\/fPm5MIgubU+VXsTV66MLF0iYIgohATCM9f\/ksN5xPilC2Se8PdK\/R8XCZ+bDLwfhFvndjyC8b9U6QZJbvbh+alfjSIZJY4lTJWORtg4lXcioOHvah5tQo3IPNqBClsArxTofTH8HOP4XD1+Mxo0eOo4SXT\/TEQ9TRo0l+sT1GlQsjCOK5IKaRnr98lh6py4Zx5U6IaUktxsm9AT1u+8lzmM6XZa9acjD2USfEIKK+UVg\/Yn7ov8vxpb+owtqB4+hRzelG3DaIRCSn4uSqFec8+TjGpbAun0bOjQZ0ho4OVhfgKI8ZnfEeunn5lNjWfqJLfkWXCyMI4nkhppGev3yWDgWHLdD8rhp7yuvQfMEGpxI2U4X+Z2YUr5cnatcUYEeGAxP8Bz9NOg5+ZkG6TpkqMOCnWRpMqaaMI26rIjHJqTjRF8FcYoSWjxCW6VGwPROOCOK6EYkq+RVDLowgiOeGmEZ6QfJZyw0oqDyJs58dQtGaWQydrkDJL3vgUqlkG14Mjuv8gjw1InLfDuvhPdJ0AFtKjtnlDImo2zJPNXHJqTh5+SVm6lX8d\/lvIkSV\/IohF0YQxHNDTCO9KPJZGh0MGwtgPnwabYVTaLwQh5irbxTNHw4jdfcJdF9mQ\/7BQXRXZ8qZ8bAIklNLTGTJr9hyYQRBPB\/ENNLzls+6acU7vXONo9aQihXfxfET2O0RuIp2o2C9zv\/D4+yTSD8MhmMeklPLNHA\/nJYTAbzfupH5k0X2xqNKfsWQCyMI4rkhppGeN+uzYTrfgNZrbviUpykeOdF35jy0rxjkL6KQkgrN8BCcsj333u6B9fSolEiIBCSnWJlzbQ1ovhooMz9uw680yM9YZLmtqJJfMeTCCIJ4blg6I81lnpoOIWX4OPaXSHOuhW+3Y3JjBPmsUFYX4ODWKTTt4tsWorpfA3P1Tjhd85i6iFdyapkRZS1VSB1sQCmX4WLHrTg3haKWWmQv+vPN0SS\/WJGjyoURBPG8QPJZBEEQSczSedIEQRDEgiEjTRAEkcSQkSYIgkhiyEgTBEEkMWSkCYIgkhgy0gRBEEkMGWmCIIikBfj\/zqe6FVT\/bWEAAAAASUVORK5CYII=\" alt=\"\"><\/p>","protected":false},"excerpt":{"rendered":"<p>Tegundir:&nbsp;BT96-5<\/p>","protected":false},"featured_media":66312,"comment_status":"closed","ping_status":"closed","template":"","meta":[],"product_brand":[],"product_cat":[515,592,739],"product_tag":[],"class_list":{"0":"post-66313","1":"product","2":"type-product","3":"status-publish","4":"has-post-thumbnail","6":"product_cat-verkfaeralausnir","7":"product_cat-rafmagnsverkfaeri","8":"product_cat-aukahlutir-med-rafmagnsverkfaerum-fagmenn","10":"first","11":"instock","12":"taxable","13":"shipping-taxable","14":"purchasable","15":"product-type-simple"},"_links":{"self":[{"href":"https:\/\/vv.webdev.is\/en\/wp-json\/wp\/v2\/product\/66313","targetHints":{"allow":["GET"]}}],"collection":[{"href":"https:\/\/vv.webdev.is\/en\/wp-json\/wp\/v2\/product"}],"about":[{"href":"https:\/\/vv.webdev.is\/en\/wp-json\/wp\/v2\/types\/product"}],"replies":[{"embeddable":true,"href":"https:\/\/vv.webdev.is\/en\/wp-json\/wp\/v2\/comments?post=66313"}],"wp:featuredmedia":[{"embeddable":true,"href":"https:\/\/vv.webdev.is\/en\/wp-json\/wp\/v2\/media\/66312"}],"wp:attachment":[{"href":"https:\/\/vv.webdev.is\/en\/wp-json\/wp\/v2\/media?parent=66313"}],"wp:term":[{"taxonomy":"product_brand","embeddable":true,"href":"https:\/\/vv.webdev.is\/en\/wp-json\/wp\/v2\/product_brand?post=66313"},{"taxonomy":"product_cat","embeddable":true,"href":"https:\/\/vv.webdev.is\/en\/wp-json\/wp\/v2\/product_cat?post=66313"},{"taxonomy":"product_tag","embeddable":true,"href":"https:\/\/vv.webdev.is\/en\/wp-json\/wp\/v2\/product_tag?post=66313"}],"curies":[{"name":"wp","href":"https:\/\/api.w.org\/{rel}","templated":true}]}}