{"id":66596,"date":"2023-04-28T17:43:23","date_gmt":"2023-04-28T17:43:23","guid":{"rendered":"https:\/\/vv.webdev.is\/uncategorized\/product\/marcal-husnumer-a-hurd-nr-8-50mm\/"},"modified":"2025-01-30T17:25:46","modified_gmt":"2025-01-30T17:25:46","slug":"marcal-husnumer-a-hurd-nr-8-50mm","status":"publish","type":"product","link":"https:\/\/vv.webdev.is\/en\/lykillausnir\/hurdabunadur-lykillausnir\/husnumer-hurdabunadur-lykillausnir\/product\/marcal-husnumer-a-hurd-nr-8-50mm\/","title":{"rendered":"MARCAL H\u00fasn\u00famer \u00e1 hur\u00f0 nr 8 50mm"},"content":{"rendered":"<p>Efni: Ry\u00f0fr\u00edtt st\u00e1l<\/p>","protected":false},"excerpt":{"rendered":"<p>Efni: Ry\u00f0fr\u00edtt st\u00e1l<\/p>","protected":false},"featured_media":66595,"comment_status":"closed","ping_status":"closed","template":"","meta":[],"product_brand":[],"product_cat":[517,597,670],"product_tag":[],"class_list":{"0":"post-66596","1":"product","2":"type-product","3":"status-publish","4":"has-post-thumbnail","6":"product_cat-lykillausnir","7":"product_cat-hurdabunadur-lykillausnir","8":"product_cat-husnumer-hurdabunadur-lykillausnir","10":"first","11":"instock","12":"taxable","13":"shipping-taxable","14":"purchasable","15":"product-type-simple"},"_links":{"self":[{"href":"https:\/\/vv.webdev.is\/en\/wp-json\/wp\/v2\/product\/66596","targetHints":{"allow":["GET"]}}],"collection":[{"href":"https:\/\/vv.webdev.is\/en\/wp-json\/wp\/v2\/product"}],"about":[{"href":"https:\/\/vv.webdev.is\/en\/wp-json\/wp\/v2\/types\/product"}],"replies":[{"embeddable":true,"href":"https:\/\/vv.webdev.is\/en\/wp-json\/wp\/v2\/comments?post=66596"}],"wp:featuredmedia":[{"embeddable":true,"href":"https:\/\/vv.webdev.is\/en\/wp-json\/wp\/v2\/media\/66595"}],"wp:attachment":[{"href":"https:\/\/vv.webdev.is\/en\/wp-json\/wp\/v2\/media?parent=66596"}],"wp:term":[{"taxonomy":"product_brand","embeddable":true,"href":"https:\/\/vv.webdev.is\/en\/wp-json\/wp\/v2\/product_brand?post=66596"},{"taxonomy":"product_cat","embeddable":true,"href":"https:\/\/vv.webdev.is\/en\/wp-json\/wp\/v2\/product_cat?post=66596"},{"taxonomy":"product_tag","embeddable":true,"href":"https:\/\/vv.webdev.is\/en\/wp-json\/wp\/v2\/product_tag?post=66596"}],"curies":[{"name":"wp","href":"https:\/\/api.w.org\/{rel}","templated":true}]}}