{"id":67692,"date":"2024-10-20T14:42:30","date_gmt":"2024-10-20T14:42:30","guid":{"rendered":"https:\/\/vv.webdev.is\/?post_type=product&#038;p=67692"},"modified":"2025-01-30T20:55:15","modified_gmt":"2025-01-30T20:55:15","slug":"metabo-rafhlodur-2-stk-18v-55ah-lihd-hledslutaeki","status":"publish","type":"product","link":"https:\/\/vv.webdev.is\/en\/verkfaeralausnir\/rafmagnsverkfaeri\/aukahlutir-med-rafmagnsverkfaerum-fagmenn\/product\/metabo-rafhlodur-2-stk-18v-55ah-lihd-hledslutaeki\/","title":{"rendered":"METABO Rafhl\u00f6\u00f0ur 2 stk 18V 5,5Ah LiHD + hle\u00f0slut\u00e6ki"},"content":{"rendered":"","protected":false},"excerpt":{"rendered":"","protected":false},"featured_media":68550,"comment_status":"closed","ping_status":"closed","template":"","meta":[],"product_brand":[],"product_cat":[515,592,739],"product_tag":[],"class_list":{"0":"post-67692","1":"product","2":"type-product","3":"status-publish","4":"has-post-thumbnail","6":"product_cat-verkfaeralausnir","7":"product_cat-rafmagnsverkfaeri","8":"product_cat-aukahlutir-med-rafmagnsverkfaerum-fagmenn","10":"first","11":"instock","12":"taxable","13":"shipping-taxable","14":"purchasable","15":"product-type-simple"},"_links":{"self":[{"href":"https:\/\/vv.webdev.is\/en\/wp-json\/wp\/v2\/product\/67692","targetHints":{"allow":["GET"]}}],"collection":[{"href":"https:\/\/vv.webdev.is\/en\/wp-json\/wp\/v2\/product"}],"about":[{"href":"https:\/\/vv.webdev.is\/en\/wp-json\/wp\/v2\/types\/product"}],"replies":[{"embeddable":true,"href":"https:\/\/vv.webdev.is\/en\/wp-json\/wp\/v2\/comments?post=67692"}],"wp:featuredmedia":[{"embeddable":true,"href":"https:\/\/vv.webdev.is\/en\/wp-json\/wp\/v2\/media\/68550"}],"wp:attachment":[{"href":"https:\/\/vv.webdev.is\/en\/wp-json\/wp\/v2\/media?parent=67692"}],"wp:term":[{"taxonomy":"product_brand","embeddable":true,"href":"https:\/\/vv.webdev.is\/en\/wp-json\/wp\/v2\/product_brand?post=67692"},{"taxonomy":"product_cat","embeddable":true,"href":"https:\/\/vv.webdev.is\/en\/wp-json\/wp\/v2\/product_cat?post=67692"},{"taxonomy":"product_tag","embeddable":true,"href":"https:\/\/vv.webdev.is\/en\/wp-json\/wp\/v2\/product_tag?post=67692"}],"curies":[{"name":"wp","href":"https:\/\/api.w.org\/{rel}","templated":true}]}}