{"id":68992,"date":"2024-12-04T10:27:50","date_gmt":"2024-12-04T10:27:50","guid":{"rendered":"https:\/\/vv.webdev.is\/?post_type=product&#038;p=68992"},"modified":"2025-03-05T10:15:52","modified_gmt":"2025-03-05T10:15:52","slug":"nexa-eldvarnarteppi-rautt-120x120","status":"publish","type":"product","link":"https:\/\/vv.webdev.is\/en\/lykillausnir\/oryggisvorur\/eldvarnir-og-slokkvutaeki\/product\/nexa-eldvarnarteppi-rautt-120x120\/","title":{"rendered":"Nexa eldvarnarteppi rautt 120&#215;120"},"content":{"rendered":"<p>S\u00edlikonh\u00fa\u00f0in k\u00e6fir eld hra\u00f0ar og minnkar h\u00e6ttuna \u00e1 a\u00f0 eldurinn kvikni aftur. Eldvarnarteppi\u00f0 hindrar a\u00f0 gas berist fr\u00e1 eldinum og \u00feolir allt a\u00f0 500 gr\u00e1\u00f0u hita.<\/p>\n<p>Eldvarnarteppi \u00e1samt 6 kg sl\u00f6kkvit\u00e6ki \u00e6tti a\u00f0 vera til \u00e1 hverju heimili.<\/p>\n<p>Uppfyllir sta\u00f0la EN 1869:2019<\/p>","protected":false},"excerpt":{"rendered":"<p>Vanda\u00f0 s\u00edlikonh\u00fa\u00f0a\u00f0 eldvarnarteppi fr\u00e1 s\u00e6nska fyrirt\u00e6kinu Nexa.<\/p>","protected":false},"featured_media":69525,"comment_status":"closed","ping_status":"closed","template":"","meta":[],"product_brand":[],"product_cat":[517,602,699],"product_tag":[986],"class_list":{"0":"post-68992","1":"product","2":"type-product","3":"status-publish","4":"has-post-thumbnail","6":"product_cat-lykillausnir","7":"product_cat-oryggisvorur","8":"product_cat-eldvarnir-og-slokkvutaeki","9":"product_tag-nexa","11":"first","12":"instock","13":"taxable","14":"shipping-taxable","15":"purchasable","16":"product-type-simple"},"_links":{"self":[{"href":"https:\/\/vv.webdev.is\/en\/wp-json\/wp\/v2\/product\/68992","targetHints":{"allow":["GET"]}}],"collection":[{"href":"https:\/\/vv.webdev.is\/en\/wp-json\/wp\/v2\/product"}],"about":[{"href":"https:\/\/vv.webdev.is\/en\/wp-json\/wp\/v2\/types\/product"}],"replies":[{"embeddable":true,"href":"https:\/\/vv.webdev.is\/en\/wp-json\/wp\/v2\/comments?post=68992"}],"wp:featuredmedia":[{"embeddable":true,"href":"https:\/\/vv.webdev.is\/en\/wp-json\/wp\/v2\/media\/69525"}],"wp:attachment":[{"href":"https:\/\/vv.webdev.is\/en\/wp-json\/wp\/v2\/media?parent=68992"}],"wp:term":[{"taxonomy":"product_brand","embeddable":true,"href":"https:\/\/vv.webdev.is\/en\/wp-json\/wp\/v2\/product_brand?post=68992"},{"taxonomy":"product_cat","embeddable":true,"href":"https:\/\/vv.webdev.is\/en\/wp-json\/wp\/v2\/product_cat?post=68992"},{"taxonomy":"product_tag","embeddable":true,"href":"https:\/\/vv.webdev.is\/en\/wp-json\/wp\/v2\/product_tag?post=68992"}],"curies":[{"name":"wp","href":"https:\/\/api.w.org\/{rel}","templated":true}]}}