{"id":70247,"date":"2025-02-09T12:41:13","date_gmt":"2025-02-09T12:41:13","guid":{"rendered":"https:\/\/vv.webdev.is\/?post_type=product&#038;p=70247"},"modified":"2025-04-25T10:03:36","modified_gmt":"2025-04-25T10:03:36","slug":"victorinox-hnifur-swiss-army-classic-sd-summer-rain-ljosblar","status":"publish","type":"product","link":"https:\/\/vv.webdev.is\/en\/lykillausnir\/hnifar-lykillausnir\/victorinox-hnifar\/product\/victorinox-hnifur-swiss-army-classic-sd-summer-rain-ljosblar\/","title":{"rendered":"VICTORINOX Hn\u00edfur Swiss Army CLASSIC SD SUMMER RAIN Lj\u00f3sbl\u00e1r"},"content":{"rendered":"<ul>\n<li>V\u00f6rul\u00fdsing<\/li>\n<li>1. L\u00edti\u00f0 hn\u00edfsbla\u00f0<\/li>\n<li>2. Sk\u00e6ri<\/li>\n<li>3. Tannst\u00f6ngull<\/li>\n<li>4. Nagla\u00fej\u00f6l<\/li>\n<li>5. Tappatogari<\/li>\n<li>6. Fl\u00edsat\u00f6ng<\/li>\n<li>7. Lyklahringur<\/li>\n<li><\/li>\n<\/ul>\n<p>&nbsp;<\/p>","protected":false},"excerpt":{"rendered":"<p>Tegund:\u00a0622328G<\/p>","protected":false},"featured_media":70651,"comment_status":"closed","ping_status":"closed","template":"","meta":[],"product_brand":[],"product_cat":[517,833,839],"product_tag":[],"class_list":{"0":"post-70247","1":"product","2":"type-product","3":"status-publish","4":"has-post-thumbnail","6":"product_cat-lykillausnir","7":"product_cat-hnifar-lykillausnir","8":"product_cat-victorinox-hnifar","10":"first","11":"instock","12":"taxable","13":"shipping-taxable","14":"purchasable","15":"product-type-simple"},"_links":{"self":[{"href":"https:\/\/vv.webdev.is\/en\/wp-json\/wp\/v2\/product\/70247","targetHints":{"allow":["GET"]}}],"collection":[{"href":"https:\/\/vv.webdev.is\/en\/wp-json\/wp\/v2\/product"}],"about":[{"href":"https:\/\/vv.webdev.is\/en\/wp-json\/wp\/v2\/types\/product"}],"replies":[{"embeddable":true,"href":"https:\/\/vv.webdev.is\/en\/wp-json\/wp\/v2\/comments?post=70247"}],"wp:featuredmedia":[{"embeddable":true,"href":"https:\/\/vv.webdev.is\/en\/wp-json\/wp\/v2\/media\/70651"}],"wp:attachment":[{"href":"https:\/\/vv.webdev.is\/en\/wp-json\/wp\/v2\/media?parent=70247"}],"wp:term":[{"taxonomy":"product_brand","embeddable":true,"href":"https:\/\/vv.webdev.is\/en\/wp-json\/wp\/v2\/product_brand?post=70247"},{"taxonomy":"product_cat","embeddable":true,"href":"https:\/\/vv.webdev.is\/en\/wp-json\/wp\/v2\/product_cat?post=70247"},{"taxonomy":"product_tag","embeddable":true,"href":"https:\/\/vv.webdev.is\/en\/wp-json\/wp\/v2\/product_tag?post=70247"}],"curies":[{"name":"wp","href":"https:\/\/api.w.org\/{rel}","templated":true}]}}